{"id":3483,"date":"2025-01-29T11:08:24","date_gmt":"2025-01-29T10:08:24","guid":{"rendered":"https:\/\/petitsblentreamis.fr\/?page_id=3483"},"modified":"2025-11-02T10:13:01","modified_gmt":"2025-11-02T09:13:01","slug":"fiche-the-tuxedo","status":"publish","type":"page","link":"https:\/\/petitsblentreamis.fr\/?page_id=3483","title":{"rendered":"Fiche THE TUXEDO"},"content":{"rendered":"\t\t<div data-elementor-type=\"wp-page\" data-elementor-id=\"3483\" class=\"elementor elementor-3483\">\n\t\t\t\t<div class=\"elementor-element elementor-element-be58e18 e-con-full e-flex wpr-particle-no wpr-jarallax-no wpr-parallax-no wpr-sticky-section-no wpr-equal-height-no e-con e-parent\" data-id=\"be58e18\" data-element_type=\"container\" data-e-type=\"container\" data-settings=\"{&quot;background_background&quot;:&quot;gradient&quot;}\">\n\t\t<div class=\"elementor-element elementor-element-5dcf6bc e-con-full e-flex wpr-particle-no wpr-jarallax-no wpr-parallax-no wpr-sticky-section-no wpr-equal-height-no e-con e-child\" data-id=\"5dcf6bc\" data-element_type=\"container\" data-e-type=\"container\">\n\t\t\t\t<div class=\"elementor-element elementor-element-7d4ee9b elementor-widget elementor-widget-image\" data-id=\"7d4ee9b\" data-element_type=\"widget\" data-e-type=\"widget\" data-widget_type=\"image.default\">\n\t\t\t\t<div class=\"elementor-widget-container\">\n\t\t\t\t\t\t\t\t\t\t\t\t\t\t\t<img fetchpriority=\"high\" decoding=\"async\" width=\"679\" height=\"900\" src=\"https:\/\/petitsblentreamis.fr\/wp-content\/uploads\/2025\/01\/the-tuxedo.png\" class=\"attachment-large size-large wp-image-420\" alt=\"\" srcset=\"https:\/\/petitsblentreamis.fr\/wp-content\/uploads\/2025\/01\/the-tuxedo.png 679w, https:\/\/petitsblentreamis.fr\/wp-content\/uploads\/2025\/01\/the-tuxedo-226x300.png 226w\" sizes=\"(max-width: 679px) 100vw, 679px\" \/>\t\t\t\t\t\t\t\t\t\t\t\t\t\t\t<\/div>\n\t\t\t\t<\/div>\n\t\t\t\t<\/div>\n\t\t<div class=\"elementor-element elementor-element-f9f9e23 e-con-full e-flex wpr-particle-no wpr-jarallax-no wpr-parallax-no wpr-sticky-section-no wpr-equal-height-no e-con e-child\" data-id=\"f9f9e23\" data-element_type=\"container\" data-e-type=\"container\">\n\t\t<div class=\"elementor-element elementor-element-3a02033 e-con-full e-flex wpr-particle-no wpr-jarallax-no wpr-parallax-no wpr-sticky-section-no wpr-equal-height-no e-con e-child\" data-id=\"3a02033\" data-element_type=\"container\" data-e-type=\"container\">\n\t\t\t\t<div class=\"elementor-element elementor-element-0ef8499 elementor-widget elementor-widget-heading\" data-id=\"0ef8499\" data-element_type=\"widget\" data-e-type=\"widget\" data-widget_type=\"heading.default\">\n\t\t\t\t<div class=\"elementor-widget-container\">\n\t\t\t\t\t<h2 class=\"elementor-heading-title elementor-size-default\">SYNOPSIS<\/h2>\t\t\t\t<\/div>\n\t\t\t\t<\/div>\n\t\t\t\t<\/div>\n\t\t<div class=\"elementor-element elementor-element-57b97f2 e-con-full e-flex wpr-particle-no wpr-jarallax-no wpr-parallax-no wpr-sticky-section-no wpr-equal-height-no e-con e-child\" data-id=\"57b97f2\" data-element_type=\"container\" data-e-type=\"container\">\n\t\t\t\t<div class=\"elementor-element elementor-element-6fcb5f8 elementor-widget elementor-widget-text-editor\" data-id=\"6fcb5f8\" data-element_type=\"widget\" data-e-type=\"widget\" data-widget_type=\"text-editor.default\">\n\t\t\t\t<div class=\"elementor-widget-container\">\n\t\t\t\t\t\t\t\t\t<h3>\u00a0<\/h3><h3><strong>Nawee est autoritaire et \u00e9gocentrique en plus d&rsquo;\u00eatre l&rsquo;h\u00e9ritier d&rsquo;une fortune.<\/strong><\/h3><h3><strong>Pourtant, il souffre d&rsquo;une grave phobie sociale suite \u00e0 un traumatisme d&rsquo;enfance. <\/strong><\/h3><h3><strong>Du moins, jusqu&rsquo;\u00e0 sa rencontre avec le styliste Aioun. <\/strong><\/h3><h3><strong>Au fur et \u00e0 mesure que les deux hommes apprennent \u00e0 se conna\u00eetre, leur attirance mutuelle devient ind\u00e9niable. <\/strong><\/h3><h3><strong>Une romance taill\u00e9e pour toute une vie commence.<\/strong><\/h3><p>\u00a0<\/p>\t\t\t\t\t\t\t\t<\/div>\n\t\t\t\t<\/div>\n\t\t\t\t<\/div>\n\t\t\t\t<\/div>\n\t\t\t\t<div class=\"elementor-element elementor-element-8a9ed04 elementor-widget-divider--view-line elementor-widget elementor-widget-divider\" data-id=\"8a9ed04\" data-element_type=\"widget\" data-e-type=\"widget\" data-widget_type=\"divider.default\">\n\t\t\t\t<div class=\"elementor-widget-container\">\n\t\t\t\t\t\t\t<div class=\"elementor-divider\">\n\t\t\t<span class=\"elementor-divider-separator\">\n\t\t\t\t\t\t<\/span>\n\t\t<\/div>\n\t\t\t\t\t\t<\/div>\n\t\t\t\t<\/div>\n\t\t\t\t<\/div>\n\t\t<div class=\"elementor-element elementor-element-fc1a352 e-con-full e-flex wpr-particle-no wpr-jarallax-no wpr-parallax-no wpr-sticky-section-no wpr-equal-height-no e-con e-parent\" data-id=\"fc1a352\" data-element_type=\"container\" data-e-type=\"container\">\n\t\t\t\t<div class=\"elementor-element elementor-element-85147dc elementor-widget elementor-widget-heading\" data-id=\"85147dc\" data-element_type=\"widget\" data-e-type=\"widget\" data-widget_type=\"heading.default\">\n\t\t\t\t<div class=\"elementor-widget-container\">\n\t\t\t\t\t<h2 class=\"elementor-heading-title elementor-size-default\">INFOS<\/h2>\t\t\t\t<\/div>\n\t\t\t\t<\/div>\n\t\t\t\t<\/div>\n\t\t<div class=\"elementor-element elementor-element-138b52e e-con-full e-flex wpr-particle-no wpr-jarallax-no wpr-parallax-no wpr-sticky-section-no wpr-equal-height-no e-con e-parent\" data-id=\"138b52e\" data-element_type=\"container\" data-e-type=\"container\">\n\t\t\t\t<div class=\"elementor-element elementor-element-3688ff6 elementor-widget-divider--view-line elementor-widget elementor-widget-divider\" data-id=\"3688ff6\" data-element_type=\"widget\" data-e-type=\"widget\" data-widget_type=\"divider.default\">\n\t\t\t\t<div class=\"elementor-widget-container\">\n\t\t\t\t\t\t\t<div class=\"elementor-divider\">\n\t\t\t<span class=\"elementor-divider-separator\">\n\t\t\t\t\t\t<\/span>\n\t\t<\/div>\n\t\t\t\t\t\t<\/div>\n\t\t\t\t<\/div>\n\t\t\t\t<\/div>\n\t\t<div class=\"elementor-element elementor-element-a77ba85 e-con-full e-flex wpr-particle-no wpr-jarallax-no wpr-parallax-no wpr-sticky-section-no wpr-equal-height-no e-con e-parent\" data-id=\"a77ba85\" data-element_type=\"container\" data-e-type=\"container\">\n\t\t\t\t<div class=\"elementor-element elementor-element-bc978da elementor-widget__width-initial elementor-widget elementor-widget-text-editor\" data-id=\"bc978da\" data-element_type=\"widget\" data-e-type=\"widget\" data-widget_type=\"text-editor.default\">\n\t\t\t\t<div class=\"elementor-widget-container\">\n\t\t\t\t\t\t\t\t\t<p><strong>TITRE : The Tuxedo, \u0e2a\u0e39\u0e17\u0e23\u0e31\u0e01\u0e19\u0e31\u0e01\u0e2d\u0e2d\u0e01\u0e41\u0e1a\u0e1a<\/strong><\/p><p><strong>PAYS : Tha\u00eflande<\/strong><\/p><p><strong>DIFFUSION : 5 Mars 2022 au 22 Avril 2022<\/strong><\/p><p><strong>R\u00c9ALISATEUR : Phontharis Chotkijsadarsopon<\/strong><\/p><p><strong>LIENS OFFICIELS : Channel 3<\/strong><\/p><p><strong>GENRE : Gay, Romance, Drame<\/strong><\/p><p><strong>NOMBRE D&rsquo; \u00c9PISODES : 8<\/strong><\/p><p><strong>TRADUIT PAR : ELLASHIN<\/strong><\/p>\t\t\t\t\t\t\t\t<\/div>\n\t\t\t\t<\/div>\n\t\t\t\t<\/div>\n\t\t<div class=\"elementor-element elementor-element-00f4dca e-flex e-con-boxed wpr-particle-no wpr-jarallax-no wpr-parallax-no wpr-sticky-section-no wpr-equal-height-no e-con e-parent\" data-id=\"00f4dca\" data-element_type=\"container\" data-e-type=\"container\">\n\t\t\t\t\t<div class=\"e-con-inner\">\n\t\t\t\t<div class=\"elementor-element elementor-element-b574c39 elementor-widget-divider--view-line elementor-widget elementor-widget-divider\" data-id=\"b574c39\" data-element_type=\"widget\" data-e-type=\"widget\" data-widget_type=\"divider.default\">\n\t\t\t\t<div class=\"elementor-widget-container\">\n\t\t\t\t\t\t\t<div class=\"elementor-divider\">\n\t\t\t<span class=\"elementor-divider-separator\">\n\t\t\t\t\t\t<\/span>\n\t\t<\/div>\n\t\t\t\t\t\t<\/div>\n\t\t\t\t<\/div>\n\t\t\t\t\t<\/div>\n\t\t\t\t<\/div>\n\t\t<div class=\"elementor-element elementor-element-88620a8 e-con-full e-flex wpr-particle-no wpr-jarallax-no wpr-parallax-no wpr-sticky-section-no wpr-equal-height-no e-con e-parent\" data-id=\"88620a8\" data-element_type=\"container\" data-e-type=\"container\">\n\t\t\t\t<div class=\"elementor-element elementor-element-222bae1 elementor-widget elementor-widget-heading\" data-id=\"222bae1\" data-element_type=\"widget\" data-e-type=\"widget\" data-widget_type=\"heading.default\">\n\t\t\t\t<div class=\"elementor-widget-container\">\n\t\t\t\t\t<h2 class=\"elementor-heading-title elementor-size-default\">\u00c9PISODES<\/h2>\t\t\t\t<\/div>\n\t\t\t\t<\/div>\n\t\t\t\t<\/div>\n\t\t<div class=\"elementor-element elementor-element-5b2a2f0 e-con-full e-flex wpr-particle-no wpr-jarallax-no wpr-parallax-no wpr-sticky-section-no wpr-equal-height-no e-con e-parent\" data-id=\"5b2a2f0\" data-element_type=\"container\" data-e-type=\"container\">\n\t\t\t\t<div class=\"elementor-element elementor-element-a2c9747 elementor-widget-divider--view-line elementor-widget elementor-widget-divider\" data-id=\"a2c9747\" data-element_type=\"widget\" data-e-type=\"widget\" data-widget_type=\"divider.default\">\n\t\t\t\t<div class=\"elementor-widget-container\">\n\t\t\t\t\t\t\t<div class=\"elementor-divider\">\n\t\t\t<span class=\"elementor-divider-separator\">\n\t\t\t\t\t\t<\/span>\n\t\t<\/div>\n\t\t\t\t\t\t<\/div>\n\t\t\t\t<\/div>\n\t\t\t\t<\/div>\n\t\t<div class=\"elementor-element elementor-element-e9d3ad1 e-flex e-con-boxed wpr-particle-no wpr-jarallax-no wpr-parallax-no wpr-sticky-section-no wpr-equal-height-no e-con e-parent\" data-id=\"e9d3ad1\" data-element_type=\"container\" data-e-type=\"container\">\n\t\t\t\t\t<div class=\"e-con-inner\">\n\t\t<div class=\"elementor-element elementor-element-6e6f7ea e-con-full e-flex wpr-particle-no wpr-jarallax-no wpr-parallax-no wpr-sticky-section-no wpr-equal-height-no e-con e-child\" data-id=\"6e6f7ea\" data-element_type=\"container\" data-e-type=\"container\">\n\t\t\t\t<div class=\"elementor-element elementor-element-a13f664 elementor-widget elementor-widget-heading\" data-id=\"a13f664\" data-element_type=\"widget\" data-e-type=\"widget\" data-widget_type=\"heading.default\">\n\t\t\t\t<div class=\"elementor-widget-container\">\n\t\t\t\t\t<h2 class=\"elementor-heading-title elementor-size-default\">Liens Multiup<\/h2>\t\t\t\t<\/div>\n\t\t\t\t<\/div>\n\t\t\t\t<\/div>\n\t\t<div class=\"elementor-element elementor-element-9a0d6ea e-con-full e-flex wpr-particle-no wpr-jarallax-no wpr-parallax-no wpr-sticky-section-no wpr-equal-height-no e-con e-child\" data-id=\"9a0d6ea\" data-element_type=\"container\" data-e-type=\"container\">\n\t\t\t\t<div class=\"elementor-element elementor-element-85f8097 elementor-widget elementor-widget-heading\" data-id=\"85f8097\" data-element_type=\"widget\" data-e-type=\"widget\" data-widget_type=\"heading.default\">\n\t\t\t\t<div class=\"elementor-widget-container\">\n\t\t\t\t\t<h2 class=\"elementor-heading-title elementor-size-default\">Liens Pixeldrain<\/h2>\t\t\t\t<\/div>\n\t\t\t\t<\/div>\n\t\t\t\t<\/div>\n\t\t\t\t\t<\/div>\n\t\t\t\t<\/div>\n\t\t<div class=\"elementor-element elementor-element-a18aff8 e-con-full e-flex wpr-particle-no wpr-jarallax-no wpr-parallax-no wpr-sticky-section-no wpr-equal-height-no e-con e-parent\" data-id=\"a18aff8\" data-element_type=\"container\" data-e-type=\"container\">\n\t\t\t\t<div class=\"elementor-element elementor-element-10f1b8a elementor-widget-divider--view-line elementor-widget elementor-widget-divider\" data-id=\"10f1b8a\" data-element_type=\"widget\" data-e-type=\"widget\" data-widget_type=\"divider.default\">\n\t\t\t\t<div class=\"elementor-widget-container\">\n\t\t\t\t\t\t\t<div class=\"elementor-divider\">\n\t\t\t<span class=\"elementor-divider-separator\">\n\t\t\t\t\t\t<\/span>\n\t\t<\/div>\n\t\t\t\t\t\t<\/div>\n\t\t\t\t<\/div>\n\t\t\t\t<\/div>\n\t\t<div class=\"elementor-element elementor-element-7930722 e-con-full e-flex wpr-particle-no wpr-jarallax-no wpr-parallax-no wpr-sticky-section-no wpr-equal-height-no e-con e-parent\" data-id=\"7930722\" data-element_type=\"container\" data-e-type=\"container\">\n\t\t<div class=\"elementor-element elementor-element-48ea1e9 e-con-full e-flex wpr-particle-no wpr-jarallax-no wpr-parallax-no wpr-sticky-section-no wpr-equal-height-no e-con e-child\" data-id=\"48ea1e9\" data-element_type=\"container\" data-e-type=\"container\">\n\t\t\t\t<div class=\"elementor-element elementor-element-74d3f68 elementor-widget__width-initial elementor-widget elementor-widget-image\" data-id=\"74d3f68\" data-element_type=\"widget\" data-e-type=\"widget\" data-widget_type=\"image.default\">\n\t\t\t\t<div class=\"elementor-widget-container\">\n\t\t\t\t\t\t\t\t\t\t\t\t\t\t\t\t<a href=\"https:\/\/multiup.io\/fr\/project\/f559132b0542d09cd43bec59a8d27847\" target=\"_blank\">\n\t\t\t\t\t\t\t<img decoding=\"async\" width=\"500\" height=\"281\" src=\"https:\/\/petitsblentreamis.fr\/wp-content\/uploads\/2025\/01\/The-Tuxedo-Lien.png\" class=\"attachment-large size-large wp-image-3485\" alt=\"\" srcset=\"https:\/\/petitsblentreamis.fr\/wp-content\/uploads\/2025\/01\/The-Tuxedo-Lien.png 500w, https:\/\/petitsblentreamis.fr\/wp-content\/uploads\/2025\/01\/The-Tuxedo-Lien-300x169.png 300w\" sizes=\"(max-width: 500px) 100vw, 500px\" \/>\t\t\t\t\t\t\t\t<\/a>\n\t\t\t\t\t\t\t\t\t\t\t\t\t\t\t<\/div>\n\t\t\t\t<\/div>\n\t\t\t\t<\/div>\n\t\t<div class=\"elementor-element elementor-element-e5618fb e-con-full e-flex wpr-particle-no wpr-jarallax-no wpr-parallax-no wpr-sticky-section-no wpr-equal-height-no e-con e-child\" data-id=\"e5618fb\" data-element_type=\"container\" data-e-type=\"container\">\n\t\t\t\t<div class=\"elementor-element elementor-element-28730d7 elementor-widget__width-initial elementor-widget elementor-widget-image\" data-id=\"28730d7\" data-element_type=\"widget\" data-e-type=\"widget\" data-widget_type=\"image.default\">\n\t\t\t\t<div class=\"elementor-widget-container\">\n\t\t\t\t\t\t\t\t\t\t\t\t\t\t\t\t<a href=\"https:\/\/pixeldrain.com\/l\/KreES2ck\" target=\"_blank\">\n\t\t\t\t\t\t\t<img decoding=\"async\" width=\"500\" height=\"281\" src=\"https:\/\/petitsblentreamis.fr\/wp-content\/uploads\/2025\/01\/The-Tuxedo-Lien.png\" class=\"attachment-large size-large wp-image-3485\" alt=\"\" srcset=\"https:\/\/petitsblentreamis.fr\/wp-content\/uploads\/2025\/01\/The-Tuxedo-Lien.png 500w, https:\/\/petitsblentreamis.fr\/wp-content\/uploads\/2025\/01\/The-Tuxedo-Lien-300x169.png 300w\" sizes=\"(max-width: 500px) 100vw, 500px\" \/>\t\t\t\t\t\t\t\t<\/a>\n\t\t\t\t\t\t\t\t\t\t\t\t\t\t\t<\/div>\n\t\t\t\t<\/div>\n\t\t\t\t<\/div>\n\t\t\t\t<\/div>\n\t\t<div class=\"elementor-element elementor-element-59bf390 e-con-full e-flex wpr-particle-no wpr-jarallax-no wpr-parallax-no wpr-sticky-section-no wpr-equal-height-no e-con e-parent\" data-id=\"59bf390\" data-element_type=\"container\" data-e-type=\"container\">\n\t\t\t\t<div class=\"elementor-element elementor-element-deb55e1 elementor-widget-divider--view-line elementor-widget elementor-widget-divider\" data-id=\"deb55e1\" data-element_type=\"widget\" data-e-type=\"widget\" data-widget_type=\"divider.default\">\n\t\t\t\t<div class=\"elementor-widget-container\">\n\t\t\t\t\t\t\t<div class=\"elementor-divider\">\n\t\t\t<span class=\"elementor-divider-separator\">\n\t\t\t\t\t\t<\/span>\n\t\t<\/div>\n\t\t\t\t\t\t<\/div>\n\t\t\t\t<\/div>\n\t\t\t\t<\/div>\n\t\t<div class=\"elementor-element elementor-element-d29d5ec e-con-full e-flex wpr-particle-no wpr-jarallax-no wpr-parallax-no wpr-sticky-section-no wpr-equal-height-no e-con e-parent\" data-id=\"d29d5ec\" data-element_type=\"container\" data-e-type=\"container\">\n\t\t<div class=\"elementor-element elementor-element-2823e16 e-con-full e-flex wpr-particle-no wpr-jarallax-no wpr-parallax-no wpr-sticky-section-no wpr-equal-height-no e-con e-child\" data-id=\"2823e16\" data-element_type=\"container\" data-e-type=\"container\">\n\t\t\t\t<div class=\"elementor-element elementor-element-8e6caee elementor-widget__width-initial wpr-comment-reply-separate wpr-comment-reply-align-right elementor-widget elementor-widget-wpr-post-comments\" data-id=\"8e6caee\" data-element_type=\"widget\" data-e-type=\"widget\" data-widget_type=\"wpr-post-comments.default\">\n\t\t\t\t<div class=\"elementor-widget-container\">\n\t\t\t\t\t<div class=\"wpr-comments-wrap\" id=\"comments\">\t<div id=\"respond\" class=\"comment-respond\">\n\t\t<h3 id=\"wpr-reply-title\" class=\"wpr-comment-reply-title\">Commentaires <small><a rel=\"nofollow\" id=\"cancel-comment-reply-link\" href=\"\/index.php?rest_route=%2Fwp%2Fv2%2Fpages%2F3483#respond\" style=\"display:none;\">Annuler la r\u00e9ponse<\/a><\/small><\/h3><form action=\"https:\/\/petitsblentreamis.fr\/wp-comments-post.php\" method=\"post\" id=\"wpr-comment-form\" class=\"wpr-comment-form wpr-cf-style-2\"><p class=\"comment-notes\"><span id=\"email-notes\">Votre adresse e-mail ne sera pas publi\u00e9e.<\/span> <span class=\"required-field-message\">Les champs obligatoires sont indiqu\u00e9s avec <span class=\"required\">*<\/span><\/span><\/p><div class=\"wpr-comment-form-text\"><label>Message<\/label><textarea name=\"comment\" placeholder=\"\" cols=\"45\" rows=\"8\" maxlength=\"65525\"><\/textarea><\/div><div class=\"wpr-comment-form-fields\"> <div class=\"wpr-comment-form-author\"><label>Name<\/label><input type=\"text\" name=\"author\" placeholder=\"\"\/><\/div>\n<div class=\"wpr-comment-form-email\"><label>Email<\/label><input type=\"text\" name=\"email\" placeholder=\"\"\/><\/div>\n<div class=\"wpr-comment-form-url\"><label>Website<\/label><input type=\"text\" name=\"url\" placeholder=\"\"\/><\/div><\/div>\n<p class=\"form-submit\"><input name=\"submit\" type=\"submit\" id=\"wpr-submit-comment\" class=\"wpr-submit-comment\" value=\"Envoyer\" \/> <input type='hidden' name='comment_post_ID' value='3483' id='comment_post_ID' \/>\n<input type='hidden' name='comment_parent' id='comment_parent' value='0' \/>\n<\/p><p style=\"display: none;\"><input type=\"hidden\" id=\"akismet_comment_nonce\" name=\"akismet_comment_nonce\" value=\"6a032515cc\" \/><\/p><p style=\"display: none !important;\" class=\"akismet-fields-container\" data-prefix=\"ak_\"><label>&#916;<textarea name=\"ak_hp_textarea\" cols=\"45\" rows=\"8\" maxlength=\"100\"><\/textarea><\/label><input type=\"hidden\" id=\"ak_js_1\" name=\"ak_js\" value=\"98\"\/><script>\ndocument.getElementById( \"ak_js_1\" ).setAttribute( \"value\", ( new Date() ).getTime() );\n<\/script>\n<\/p><\/form>\t<\/div><!-- #respond -->\n\t<\/div>\t\t\t\t<\/div>\n\t\t\t\t<\/div>\n\t\t\t\t<\/div>\n\t\t\t\t<\/div>\n\t\t<div class=\"elementor-element elementor-element-d0d23be e-flex e-con-boxed wpr-particle-no wpr-jarallax-no wpr-parallax-no wpr-sticky-section-no wpr-equal-height-no e-con e-parent\" data-id=\"d0d23be\" data-element_type=\"container\" data-e-type=\"container\">\n\t\t\t\t\t<div class=\"e-con-inner\">\n\t\t\t\t<div class=\"elementor-element elementor-element-ff6c71e elementor-widget__width-initial elementor-widget elementor-widget-image\" data-id=\"ff6c71e\" data-element_type=\"widget\" data-e-type=\"widget\" data-widget_type=\"image.default\">\n\t\t\t\t<div class=\"elementor-widget-container\">\n\t\t\t\t\t\t\t\t\t\t\t\t<figure class=\"wp-caption\">\n\t\t\t\t\t\t\t\t\t\t<img decoding=\"async\" width=\"500\" height=\"227\" src=\"https:\/\/petitsblentreamis.fr\/wp-content\/uploads\/2025\/01\/462554376_2097741047309941_1421008707977699554_n.png\" class=\"attachment-large size-large wp-image-581\" alt=\"\" srcset=\"https:\/\/petitsblentreamis.fr\/wp-content\/uploads\/2025\/01\/462554376_2097741047309941_1421008707977699554_n.png 500w, https:\/\/petitsblentreamis.fr\/wp-content\/uploads\/2025\/01\/462554376_2097741047309941_1421008707977699554_n-300x136.png 300w\" sizes=\"(max-width: 500px) 100vw, 500px\" \/>\t\t\t\t\t\t\t\t\t\t\t<figcaption class=\"widget-image-caption wp-caption-text\"><\/figcaption>\n\t\t\t\t\t\t\t\t\t\t<\/figure>\n\t\t\t\t\t\t\t\t\t<\/div>\n\t\t\t\t<\/div>\n\t\t\t\t\t<\/div>\n\t\t\t\t<\/div>\n\t\t<div class=\"elementor-element elementor-element-a41336a e-con-full e-flex wpr-particle-no wpr-jarallax-no wpr-parallax-no wpr-sticky-section-no wpr-equal-height-no e-con e-child\" data-id=\"a41336a\" data-element_type=\"container\" data-e-type=\"container\">\n\t\t\t\t<div class=\"elementor-element elementor-element-686756e elementor-widget elementor-widget-eael-creative-button\" data-id=\"686756e\" data-element_type=\"widget\" data-e-type=\"widget\" data-widget_type=\"eael-creative-button.default\">\n\t\t\t\t<div class=\"elementor-widget-container\">\n\t\t\t\t\t        <div class=\"eael-creative-button-wrapper\">\n\n            <a class=\"eael-creative-button eael-creative-button--ujarak eael-cb-icon-position-left\" href=\"https:\/\/petitsblentreamis.fr\/?page_id=6\" data-text=\"Retour \u00e0 l&#039;accueil\">\n            \t    \n                <div class=\"creative-button-inner\">\n\n                                            <span class=\"eael-creative-button-icon-left\"><svg aria-hidden=\"true\" class=\"e-font-icon-svg e-far-hand-point-left\" viewBox=\"0 0 512 512\" xmlns=\"http:\/\/www.w3.org\/2000\/svg\"><path d=\"M0 220.8C0 266.416 37.765 304 83.2 304h35.647a93.148 93.148 0 0 0 7.929 22.064c-2.507 22.006 3.503 44.978 15.985 62.791C143.9 441.342 180.159 480 242.701 480H264c60.063 0 98.512-40 127.2-40h2.679c5.747 4.952 13.536 8 22.12 8h64c17.673 0 32-12.894 32-28.8V188.8c0-15.906-14.327-28.8-32-28.8h-64c-8.584 0-16.373 3.048-22.12 8H391.2c-6.964 0-14.862-6.193-30.183-23.668l-.129-.148-.131-.146c-8.856-9.937-18.116-20.841-25.851-33.253C316.202 80.537 304.514 32 259.2 32c-56.928 0-92 35.286-92 83.2 0 8.026.814 15.489 2.176 22.4H83.2C38.101 137.6 0 175.701 0 220.8zm48 0c0-18.7 16.775-35.2 35.2-35.2h158.4c0-17.325-26.4-35.2-26.4-70.4 0-26.4 20.625-35.2 44-35.2 8.794 0 20.445 32.712 34.926 56.1 9.074 14.575 19.524 27.225 30.799 39.875 16.109 18.374 33.836 36.633 59.075 39.596v176.752C341.21 396.087 309.491 432 264 432h-21.299c-40.524 0-57.124-22.197-50.601-61.325-14.612-8.001-24.151-33.979-12.925-53.625-19.365-18.225-17.787-46.381-4.95-61.05H83.2C64.225 256 48 239.775 48 220.8zM448 360c13.255 0 24 10.745 24 24s-10.745 24-24 24-24-10.745-24-24 10.745-24 24-24z\"><\/path><\/svg><\/span>                    \n                    <span class=\"cretive-button-text\">Retour \u00e0 l'accueil<\/span>\n\n                                    <\/div>\n\t                        <\/a>\n        <\/div>\n        \t\t\t\t<\/div>\n\t\t\t\t<\/div>\n\t\t\t\t<\/div>\n\t\t\t\t<\/div>\n\t\t","protected":false},"excerpt":{"rendered":"<p>SYNOPSIS \u00a0 Nawee est autoritaire et \u00e9gocentrique en plus d&rsquo;\u00eatre l&rsquo;h\u00e9ritier d&rsquo;une fortune. Pourtant, il souffre d&rsquo;une grave phobie sociale suite \u00e0 un traumatisme d&rsquo;enfance. Du moins, jusqu&rsquo;\u00e0 sa rencontre avec le styliste Aioun. Au fur et \u00e0 mesure que les deux hommes apprennent \u00e0 se conna\u00eetre, leur attirance mutuelle devient ind\u00e9niable. Une romance taill\u00e9e pour toute une vie commence. \u00a0 INFOS TITRE : The Tuxedo, \u0e2a\u0e39\u0e17\u0e23\u0e31\u0e01\u0e19\u0e31\u0e01\u0e2d\u0e2d\u0e01\u0e41\u0e1a\u0e1a PAYS : Tha\u00eflande DIFFUSION : 5 Mars 2022 au 22 Avril 2022 R\u00c9ALISATEUR : Phontharis Chotkijsadarsopon LIENS OFFICIELS : Channel 3 GENRE : Gay, Romance, Drame NOMBRE D&rsquo; \u00c9PISODES : 8 TRADUIT PAR : ELLASHIN \u00c9PISODES Liens Multiup Liens Pixeldrain Commentaires Annuler la r\u00e9ponse Connexion en tant que Merze. Modifier votre profil. Se d\u00e9connecter\u00a0? Les champs obligatoires sont indiqu\u00e9s avec * Message &#916; Retour \u00e0 l&rsquo;accueil<\/p>\n","protected":false},"author":2,"featured_media":0,"parent":0,"menu_order":0,"comment_status":"open","ping_status":"closed","template":"elementor_header_footer","meta":{"footnotes":""},"class_list":["post-3483","page","type-page","status-publish","hentry"],"_links":{"self":[{"href":"https:\/\/petitsblentreamis.fr\/index.php?rest_route=\/wp\/v2\/pages\/3483","targetHints":{"allow":["GET"]}}],"collection":[{"href":"https:\/\/petitsblentreamis.fr\/index.php?rest_route=\/wp\/v2\/pages"}],"about":[{"href":"https:\/\/petitsblentreamis.fr\/index.php?rest_route=\/wp\/v2\/types\/page"}],"author":[{"embeddable":true,"href":"https:\/\/petitsblentreamis.fr\/index.php?rest_route=\/wp\/v2\/users\/2"}],"replies":[{"embeddable":true,"href":"https:\/\/petitsblentreamis.fr\/index.php?rest_route=%2Fwp%2Fv2%2Fcomments&post=3483"}],"version-history":[{"count":13,"href":"https:\/\/petitsblentreamis.fr\/index.php?rest_route=\/wp\/v2\/pages\/3483\/revisions"}],"predecessor-version":[{"id":17893,"href":"https:\/\/petitsblentreamis.fr\/index.php?rest_route=\/wp\/v2\/pages\/3483\/revisions\/17893"}],"wp:attachment":[{"href":"https:\/\/petitsblentreamis.fr\/index.php?rest_route=%2Fwp%2Fv2%2Fmedia&parent=3483"}],"curies":[{"name":"wp","href":"https:\/\/api.w.org\/{rel}","templated":true}]}}