{"id":23529,"date":"2026-05-09T17:48:38","date_gmt":"2026-05-09T15:48:38","guid":{"rendered":"https:\/\/petitsblentreamis.fr\/?page_id=23529"},"modified":"2026-05-09T17:48:38","modified_gmt":"2026-05-09T15:48:38","slug":"coup-de-coeur-hes-coming-to-me","status":"publish","type":"page","link":"https:\/\/petitsblentreamis.fr\/?page_id=23529","title":{"rendered":"Coup de c\u0153ur \u00ab\u00a0He&rsquo;s coming to me\u00a0\u00bb"},"content":{"rendered":"\t\t<div data-elementor-type=\"wp-page\" data-elementor-id=\"23529\" class=\"elementor elementor-23529\">\n\t\t\t\t<div class=\"elementor-element elementor-element-59dee56 e-con-full e-flex wpr-particle-no wpr-jarallax-no wpr-parallax-no wpr-sticky-section-no wpr-column-slider-no wpr-equal-height-no e-con e-parent\" data-id=\"59dee56\" data-element_type=\"container\" data-e-type=\"container\">\n\t\t\t\t<div class=\"elementor-element elementor-element-b87b08b elementor-widget-divider--view-line elementor-widget elementor-widget-divider\" data-id=\"b87b08b\" data-element_type=\"widget\" data-e-type=\"widget\" data-widget_type=\"divider.default\">\n\t\t\t\t<div class=\"elementor-widget-container\">\n\t\t\t\t\t\t\t<div class=\"elementor-divider\">\n\t\t\t<span class=\"elementor-divider-separator\">\n\t\t\t\t\t\t<\/span>\n\t\t<\/div>\n\t\t\t\t\t\t<\/div>\n\t\t\t\t<\/div>\n\t\t\t\t<\/div>\n\t\t<div class=\"elementor-element elementor-element-d40fe36 e-con-full e-flex wpr-particle-no wpr-jarallax-no wpr-parallax-no wpr-sticky-section-no wpr-column-slider-no wpr-equal-height-no e-con e-parent\" data-id=\"d40fe36\" data-element_type=\"container\" data-e-type=\"container\">\n\t\t\t\t<div class=\"elementor-element elementor-element-412dd83 elementor-widget elementor-widget-heading\" data-id=\"412dd83\" data-element_type=\"widget\" data-e-type=\"widget\" data-widget_type=\"heading.default\">\n\t\t\t\t<div class=\"elementor-widget-container\">\n\t\t\t\t\t<h2 class=\"elementor-heading-title elementor-size-default\">\"He's coming to me\"<\/h2>\t\t\t\t<\/div>\n\t\t\t\t<\/div>\n\t\t\t\t<\/div>\n\t\t<div class=\"elementor-element elementor-element-4a42adc e-con-full e-flex wpr-particle-no wpr-jarallax-no wpr-parallax-no wpr-sticky-section-no wpr-column-slider-no wpr-equal-height-no e-con e-parent\" data-id=\"4a42adc\" data-element_type=\"container\" data-e-type=\"container\">\n\t\t\t\t<div class=\"elementor-element elementor-element-39f4b0a elementor-widget__width-initial elementor-widget elementor-widget-heading\" data-id=\"39f4b0a\" data-element_type=\"widget\" data-e-type=\"widget\" data-widget_type=\"heading.default\">\n\t\t\t\t<div class=\"elementor-widget-container\">\n\t\t\t\t\t<h2 class=\"elementor-heading-title elementor-size-default\">Par Shaily<\/h2>\t\t\t\t<\/div>\n\t\t\t\t<\/div>\n\t\t\t\t<\/div>\n\t\t<div class=\"elementor-element elementor-element-38aa6b8 e-con-full e-flex wpr-particle-no wpr-jarallax-no wpr-parallax-no wpr-sticky-section-no wpr-column-slider-no wpr-equal-height-no e-con e-parent\" data-id=\"38aa6b8\" data-element_type=\"container\" data-e-type=\"container\">\n\t\t\t\t<div class=\"elementor-element elementor-element-dfc8b57 elementor-widget-divider--view-line elementor-widget elementor-widget-divider\" data-id=\"dfc8b57\" data-element_type=\"widget\" data-e-type=\"widget\" data-widget_type=\"divider.default\">\n\t\t\t\t<div class=\"elementor-widget-container\">\n\t\t\t\t\t\t\t<div class=\"elementor-divider\">\n\t\t\t<span class=\"elementor-divider-separator\">\n\t\t\t\t\t\t<\/span>\n\t\t<\/div>\n\t\t\t\t\t\t<\/div>\n\t\t\t\t<\/div>\n\t\t\t\t<\/div>\n\t\t<div class=\"elementor-element elementor-element-2a27e4c e-con-full e-flex wpr-particle-no wpr-jarallax-no wpr-parallax-no wpr-sticky-section-no wpr-column-slider-no wpr-equal-height-no e-con e-parent\" data-id=\"2a27e4c\" data-element_type=\"container\" data-e-type=\"container\">\n\t\t\t\t<div class=\"elementor-element elementor-element-a7dfa24 elementor-widget__width-initial elementor-widget elementor-widget-image\" data-id=\"a7dfa24\" data-element_type=\"widget\" data-e-type=\"widget\" data-widget_type=\"image.default\">\n\t\t\t\t<div class=\"elementor-widget-container\">\n\t\t\t\t\t\t\t\t\t\t\t\t\t\t\t<img fetchpriority=\"high\" decoding=\"async\" width=\"679\" height=\"900\" src=\"https:\/\/petitsblentreamis.fr\/wp-content\/uploads\/2026\/05\/hes-coming-to-me.png\" class=\"attachment-full size-full wp-image-23531\" alt=\"\" srcset=\"https:\/\/petitsblentreamis.fr\/wp-content\/uploads\/2026\/05\/hes-coming-to-me.png 679w, https:\/\/petitsblentreamis.fr\/wp-content\/uploads\/2026\/05\/hes-coming-to-me-226x300.png 226w\" sizes=\"(max-width: 679px) 100vw, 679px\" \/>\t\t\t\t\t\t\t\t\t\t\t\t\t\t\t<\/div>\n\t\t\t\t<\/div>\n\t\t\t\t<\/div>\n\t\t<div class=\"elementor-element elementor-element-b17237d e-con-full e-flex wpr-particle-no wpr-jarallax-no wpr-parallax-no wpr-sticky-section-no wpr-column-slider-no wpr-equal-height-no e-con e-parent\" data-id=\"b17237d\" data-element_type=\"container\" data-e-type=\"container\">\n\t\t\t\t<div class=\"elementor-element elementor-element-979230d elementor-widget-divider--view-line elementor-widget elementor-widget-divider\" data-id=\"979230d\" data-element_type=\"widget\" data-e-type=\"widget\" data-widget_type=\"divider.default\">\n\t\t\t\t<div class=\"elementor-widget-container\">\n\t\t\t\t\t\t\t<div class=\"elementor-divider\">\n\t\t\t<span class=\"elementor-divider-separator\">\n\t\t\t\t\t\t<\/span>\n\t\t<\/div>\n\t\t\t\t\t\t<\/div>\n\t\t\t\t<\/div>\n\t\t\t\t<\/div>\n\t\t<div class=\"elementor-element elementor-element-dcf3db9 e-con-full e-flex wpr-particle-no wpr-jarallax-no wpr-parallax-no wpr-sticky-section-no wpr-column-slider-no wpr-equal-height-no e-con e-parent\" data-id=\"dcf3db9\" data-element_type=\"container\" data-e-type=\"container\">\n\t\t\t\t<div class=\"elementor-element elementor-element-1345bda elementor-widget__width-initial elementor-widget elementor-widget-text-editor\" data-id=\"1345bda\" data-element_type=\"widget\" data-e-type=\"widget\" data-widget_type=\"text-editor.default\">\n\t\t\t\t<div class=\"elementor-widget-container\">\n\t\t\t\t\t\t\t\t\t<p style=\"text-align: center;\" align=\"JUSTIFY\"><strong>Cette semaine, et si vous vous laissiez tenter ?<\/strong><\/p><p align=\"JUSTIFY\">\u00a0<\/p><p align=\"JUSTIFY\">\u00a0<\/p><p align=\"JUSTIFY\">\u00a0<\/p><p align=\"JUSTIFY\">On croit souvent que les histoires d\u2019amour commencent par un regard\u2026 Ici, elle commence par une tombe.<br \/><br \/><\/p><p align=\"JUSTIFY\">Et pourtant, rien dans cette s\u00e9rie n\u2019est vraiment morbide.<br \/>C\u2019est m\u00eame tout l\u2019inverse : <strong><em>He&rsquo;s Coming to Me<\/em><\/strong> transforme la mort en point de rencontre, comme si l\u2019au-del\u00e0 avait d\u00e9cid\u00e9 de servir de raccourci vers le c\u0153ur.<br \/><br \/><\/p><p align=\"JUSTIFY\">Ce n\u2019est pas une histoire o\u00f9 quelqu\u2019un \u201crevient\u201d.<br \/>C\u2019est une histoire o\u00f9 quelqu\u2019un <strong>reste<\/strong>\u2026 parce qu\u2019on n\u2019a pas fini de le comprendre.<br \/><br \/><\/p><p align=\"JUSTIFY\">Il y a ce gar\u00e7on, seul dans un monde trop vivant, et cet autre\u2026 qui n\u2019est plus cens\u00e9 \u00eatre l\u00e0, mais qui refuse de dispara\u00eetre comme une id\u00e9e inachev\u00e9e. Entre eux, il n\u2019y a pas de hasard, seulement une \u00e9trange logique invisible, comme si le destin avait laiss\u00e9 une porte entrouverte par erreur.<br \/><br \/><\/p><p align=\"JUSTIFY\">Et c\u2019est par cette faille que tout commence.<br \/><br \/><\/p><p align=\"JUSTIFY\">La s\u00e9rie avance doucement, presque sur la pointe des pieds. Elle ne cherche pas \u00e0 faire peur avec des fant\u00f4mes, mais \u00e0 \u00e9mouvoir avec ce qu\u2019ils laissent derri\u00e8re eux : des regrets, des silences, des souvenirs qui s\u2019accrochent comme des mains qu\u2019on n\u2019arrive pas \u00e0 l\u00e2cher.<br \/><br \/><\/p><p align=\"JUSTIFY\">Mais ce qui surprend le plus, c\u2019est que cette histoire de mort devient\u2026 une histoire de vie.<br \/><br \/><\/p><p align=\"JUSTIFY\">Parce qu\u2019\u00e0 chaque apparition, il y a quelque chose de profond\u00e9ment humain : une maladresse, un sourire timide, une fa\u00e7on de rester \u201cpr\u00e9sent\u201d autrement. Et au milieu de ce lien impossible, l\u2019alchimie grandit sans bruit, comme une \u00e9vidence qu\u2019on n\u2019ose pas nommer trop fort.<br \/><br \/><\/p><p align=\"JUSTIFY\">Et cette alchimie doit \u00e9norm\u00e9ment \u00e0 ses interpr\u00e8tes : <strong>Ohm<\/strong> et <strong>Singto<\/strong> y sont d\u2019une justesse remarquable. Les \u00e9motions sont palpables, jamais forc\u00e9es, toujours sinc\u00e8res. Leur pairing est beau, presque \u00e9vident, et surtout profond\u00e9ment cr\u00e9dible. Ils portent avec d\u00e9licatesse la maturit\u00e9 de l\u2019histoire, donnant \u00e0 chaque regard, chaque silence, un poids qui d\u00e9passe les mots.<br \/><br \/><\/p><p align=\"JUSTIFY\">Et puis il y a cette tension unique :<br \/>celle d\u2019un amour qui ne devrait pas exister\u2026 mais qui insiste.<br \/><br \/><\/p><p align=\"JUSTIFY\">Pas un amour qui br\u00fble imm\u00e9diatement.<br \/>Un amour qui apprend \u00e0 respirer entre deux mondes. <br \/>Un amour qui transforme la peur en tendresse, et l\u2019invisible en pr\u00e9sence.<br \/><br \/><\/p><p align=\"JUSTIFY\">On ne sait jamais vraiment si on doit sourire ou avoir le c\u0153ur serr\u00e9. Parce que chaque moment doux ressemble un peu \u00e0 une contradiction : aimer quelqu\u2019un que le monde a d\u00e9j\u00e0 ray\u00e9 de la liste.<br \/><br \/><\/p><p align=\"JUSTIFY\">Et pourtant, c\u2019est peut-\u00eatre \u00e7a, le vrai miracle de la s\u00e9rie :<br \/>elle ne parle pas de morts qui reviennent\u2026 Elle parle de vivants qui apprennent \u00e0 ne plus oublier.<br \/><br \/><\/p><p align=\"JUSTIFY\">Et au final, on comprend quelque chose de simple et de bouleversant : parfois, ce ne sont pas les fant\u00f4mes qui hantent les vivants\u2026 ce sont les vivants qui apprennent \u00e0 aimer les fant\u00f4mes.<\/p><p style=\"text-align: center;\" align=\"JUSTIFY\">\u00a0<\/p>\t\t\t\t\t\t\t\t<\/div>\n\t\t\t\t<\/div>\n\t\t\t\t<\/div>\n\t\t<div class=\"elementor-element elementor-element-cea7836 e-con-full e-flex wpr-particle-no wpr-jarallax-no wpr-parallax-no wpr-sticky-section-no wpr-column-slider-no wpr-equal-height-no e-con e-parent\" data-id=\"cea7836\" data-element_type=\"container\" data-e-type=\"container\">\n\t\t\t\t<div class=\"elementor-element elementor-element-ae0ccc6 elementor-widget-divider--view-line elementor-widget elementor-widget-divider\" data-id=\"ae0ccc6\" data-element_type=\"widget\" data-e-type=\"widget\" data-widget_type=\"divider.default\">\n\t\t\t\t<div class=\"elementor-widget-container\">\n\t\t\t\t\t\t\t<div class=\"elementor-divider\">\n\t\t\t<span class=\"elementor-divider-separator\">\n\t\t\t\t\t\t<\/span>\n\t\t<\/div>\n\t\t\t\t\t\t<\/div>\n\t\t\t\t<\/div>\n\t\t\t\t<\/div>\n\t\t<div class=\"elementor-element elementor-element-b41d199 e-con-full e-flex wpr-particle-no wpr-jarallax-no wpr-parallax-no wpr-sticky-section-no wpr-column-slider-no wpr-equal-height-no e-con e-parent\" data-id=\"b41d199\" data-element_type=\"container\" data-e-type=\"container\">\n\t\t<div class=\"elementor-element elementor-element-d28a74e e-con-full e-flex wpr-particle-no wpr-jarallax-no wpr-parallax-no wpr-sticky-section-no wpr-column-slider-no wpr-equal-height-no e-con e-child\" data-id=\"d28a74e\" data-element_type=\"container\" data-e-type=\"container\">\n\t\t\t\t<div class=\"elementor-element elementor-element-0e55d8f elementor-widget__width-initial wpr-comment-reply-separate wpr-comment-reply-align-right elementor-widget elementor-widget-wpr-post-comments\" data-id=\"0e55d8f\" data-element_type=\"widget\" data-e-type=\"widget\" data-widget_type=\"wpr-post-comments.default\">\n\t\t\t\t<div class=\"elementor-widget-container\">\n\t\t\t\t\t<div class=\"wpr-comments-wrap\" id=\"comments\"><h3> 1 Comment<\/h3><ul class=\"wpr-comments-list\"><li id=\"comment-11013\" class=\"comment even thread-even depth-1\"><article class=\"wpr-post-comment elementor-clearfix\"><div class=\"wpr-comment-avatar\"><img alt='' src='https:\/\/secure.gravatar.com\/avatar\/776ff07500379e61b2dbe486688f02c6986e0cdb960211361529c6b5580b8357?s=60&#038;d=mm&#038;r=g' srcset='https:\/\/secure.gravatar.com\/avatar\/776ff07500379e61b2dbe486688f02c6986e0cdb960211361529c6b5580b8357?s=120&#038;d=mm&#038;r=g 2x' class='avatar avatar-60 photo' height='60' width='60' \/><\/div><div class=\"wpr-comment-meta\"><div class=\"wpr-comment-author\"><span>Mitchiko<\/span><\/div><div class=\"wpr-comment-metadata elementor-clearfix\"><span>9 mai 2026 at 18h24<\/span><\/div><\/div><div class=\"wpr-comment-content\"><p>Coucou Shaily. Merci beaucoup pour cette recommandation, ce drama est dans mon top 3 BL tha\u00eflandais \u00e0 vrai dire, je l&rsquo;aime \u00e9norm\u00e9ment. Que d&rsquo;\u00e9motions dans cette histoire, qui est plus complexe qu&rsquo;elle le para\u00eet, et qui m&rsquo;a fait verser quelques larmes&#8230; Ce duo fonctionne tr\u00e8s bien, j&rsquo;ai ador\u00e9 Singto dans ce r\u00f4le, je l&rsquo;ai trouv\u00e9 incroyable, parfois dr\u00f4le, parfois touchant&#8230; Bref, une tr\u00e8s belle s\u00e9rie, que je re-regarde avec plaisir \u00e0 chaque fois. Bon week-end \u00e0 toi et bonne semaine aussi. \u00c0 tr\u00e8s vite. Bises<\/p>\n<\/div><div class=\"wpr-comment-reply\"><a rel=\"nofollow\" class=\"comment-reply-link\" href=\"https:\/\/petitsblentreamis.fr\/?page_id=23529&#038;replytocom=11013#respond\" data-commentid=\"11013\" data-postid=\"23529\" data-belowelement=\"comment-11013\" data-respondelement=\"respond\" data-replyto=\"R\u00e9pondre \u00e0 Mitchiko\" aria-label=\"R\u00e9pondre \u00e0 Mitchiko\">R\u00e9pondre<\/a><\/div><\/article><\/li><\/li><!-- #comment-## -->\n<\/ul>\t<div id=\"respond\" class=\"comment-respond\">\n\t\t<h3 id=\"wpr-reply-title\" class=\"wpr-comment-reply-title\">Commentaires <small><a rel=\"nofollow\" id=\"cancel-comment-reply-link\" href=\"\/index.php?rest_route=%2Fwp%2Fv2%2Fpages%2F23529#respond\" style=\"display:none;\">Annuler la r\u00e9ponse<\/a><\/small><\/h3><form action=\"https:\/\/petitsblentreamis.fr\/wp-comments-post.php\" method=\"post\" id=\"wpr-comment-form\" class=\"wpr-comment-form wpr-cf-style-2\"><p class=\"comment-notes\"><span id=\"email-notes\">Votre adresse e-mail ne sera pas publi\u00e9e.<\/span> <span class=\"required-field-message\">Les champs obligatoires sont indiqu\u00e9s avec <span class=\"required\">*<\/span><\/span><\/p><div class=\"wpr-comment-form-text\"><label>Message<\/label><textarea name=\"comment\" placeholder=\"\" cols=\"45\" rows=\"8\" maxlength=\"65525\"><\/textarea><\/div><div class=\"wpr-comment-form-fields\"> <div class=\"wpr-comment-form-author\"><label>Name<\/label><input type=\"text\" name=\"author\" placeholder=\"\"\/><\/div>\n<div class=\"wpr-comment-form-email\"><label>Email<\/label><input type=\"text\" name=\"email\" placeholder=\"\"\/><\/div>\n<div class=\"wpr-comment-form-url\"><label>Website<\/label><input type=\"text\" name=\"url\" placeholder=\"\"\/><\/div><\/div>\n<p class=\"form-submit\"><input name=\"submit\" type=\"submit\" id=\"wpr-submit-comment\" class=\"wpr-submit-comment\" value=\"Envoyer\" \/> <input type='hidden' name='comment_post_ID' value='23529' id='comment_post_ID' \/>\n<input type='hidden' name='comment_parent' id='comment_parent' value='0' \/>\n<\/p><p style=\"display: none;\"><input type=\"hidden\" id=\"akismet_comment_nonce\" name=\"akismet_comment_nonce\" value=\"0ca9412d95\" \/><\/p><p style=\"display: none !important;\" class=\"akismet-fields-container\" data-prefix=\"ak_\"><label>&#916;<textarea name=\"ak_hp_textarea\" cols=\"45\" rows=\"8\" maxlength=\"100\"><\/textarea><\/label><input type=\"hidden\" id=\"ak_js_1\" name=\"ak_js\" value=\"18\"\/><script>\ndocument.getElementById( \"ak_js_1\" ).setAttribute( \"value\", ( new Date() ).getTime() );\n<\/script>\n<\/p><\/form>\t<\/div><!-- #respond -->\n\t<\/div>\t\t\t\t<\/div>\n\t\t\t\t<\/div>\n\t\t\t\t<\/div>\n\t\t\t\t<\/div>\n\t\t<div class=\"elementor-element elementor-element-8ff3c05 e-con-full e-flex wpr-particle-no wpr-jarallax-no wpr-parallax-no wpr-sticky-section-no wpr-column-slider-no wpr-equal-height-no e-con e-parent\" data-id=\"8ff3c05\" data-element_type=\"container\" data-e-type=\"container\">\n\t\t\t\t<div class=\"elementor-element elementor-element-b0710fb elementor-widget-divider--view-line elementor-widget elementor-widget-divider\" data-id=\"b0710fb\" data-element_type=\"widget\" data-e-type=\"widget\" data-widget_type=\"divider.default\">\n\t\t\t\t<div class=\"elementor-widget-container\">\n\t\t\t\t\t\t\t<div class=\"elementor-divider\">\n\t\t\t<span class=\"elementor-divider-separator\">\n\t\t\t\t\t\t<\/span>\n\t\t<\/div>\n\t\t\t\t\t\t<\/div>\n\t\t\t\t<\/div>\n\t\t\t\t<\/div>\n\t\t<div class=\"elementor-element elementor-element-b5b0359 e-con-full e-flex wpr-particle-no wpr-jarallax-no wpr-parallax-no wpr-sticky-section-no wpr-column-slider-no wpr-equal-height-no e-con e-parent\" data-id=\"b5b0359\" data-element_type=\"container\" data-e-type=\"container\">\n\t\t\t\t<div class=\"elementor-element elementor-element-f514a48 elementor-widget__width-initial elementor-widget elementor-widget-image\" data-id=\"f514a48\" data-element_type=\"widget\" data-e-type=\"widget\" data-widget_type=\"image.default\">\n\t\t\t\t<div class=\"elementor-widget-container\">\n\t\t\t\t\t\t\t\t\t\t\t\t<figure class=\"wp-caption\">\n\t\t\t\t\t\t\t\t\t\t<img decoding=\"async\" width=\"500\" height=\"227\" src=\"https:\/\/petitsblentreamis.fr\/wp-content\/uploads\/2025\/01\/462554376_2097741047309941_1421008707977699554_n.png\" class=\"attachment-large size-large wp-image-581\" alt=\"\" srcset=\"https:\/\/petitsblentreamis.fr\/wp-content\/uploads\/2025\/01\/462554376_2097741047309941_1421008707977699554_n.png 500w, https:\/\/petitsblentreamis.fr\/wp-content\/uploads\/2025\/01\/462554376_2097741047309941_1421008707977699554_n-300x136.png 300w\" sizes=\"(max-width: 500px) 100vw, 500px\" \/>\t\t\t\t\t\t\t\t\t\t\t<figcaption class=\"widget-image-caption wp-caption-text\"><\/figcaption>\n\t\t\t\t\t\t\t\t\t\t<\/figure>\n\t\t\t\t\t\t\t\t\t<\/div>\n\t\t\t\t<\/div>\n\t\t\t\t<\/div>\n\t\t<div class=\"elementor-element elementor-element-7f82839 e-con-full e-flex wpr-particle-no wpr-jarallax-no wpr-parallax-no wpr-sticky-section-no wpr-column-slider-no wpr-equal-height-no e-con e-child\" data-id=\"7f82839\" data-element_type=\"container\" data-e-type=\"container\">\n\t\t\t\t<div class=\"elementor-element elementor-element-ac719b2 elementor-widget elementor-widget-eael-creative-button\" data-id=\"ac719b2\" data-element_type=\"widget\" data-e-type=\"widget\" data-widget_type=\"eael-creative-button.default\">\n\t\t\t\t<div class=\"elementor-widget-container\">\n\t\t\t\t\t        <div class=\"eael-creative-button-wrapper\">\n\n            <a class=\"eael-creative-button eael-creative-button--ujarak eael-cb-icon-position-left\" href=\"https:\/\/petitsblentreamis.fr\/?page_id=6\" data-text=\"Retour \u00e0 l&#039;accueil\">\n            \t    \n                <div class=\"creative-button-inner\">\n\n                                            <span class=\"eael-creative-button-icon-left\"><svg aria-hidden=\"true\" class=\"e-font-icon-svg e-far-hand-point-left\" viewBox=\"0 0 512 512\" xmlns=\"http:\/\/www.w3.org\/2000\/svg\"><path d=\"M0 220.8C0 266.416 37.765 304 83.2 304h35.647a93.148 93.148 0 0 0 7.929 22.064c-2.507 22.006 3.503 44.978 15.985 62.791C143.9 441.342 180.159 480 242.701 480H264c60.063 0 98.512-40 127.2-40h2.679c5.747 4.952 13.536 8 22.12 8h64c17.673 0 32-12.894 32-28.8V188.8c0-15.906-14.327-28.8-32-28.8h-64c-8.584 0-16.373 3.048-22.12 8H391.2c-6.964 0-14.862-6.193-30.183-23.668l-.129-.148-.131-.146c-8.856-9.937-18.116-20.841-25.851-33.253C316.202 80.537 304.514 32 259.2 32c-56.928 0-92 35.286-92 83.2 0 8.026.814 15.489 2.176 22.4H83.2C38.101 137.6 0 175.701 0 220.8zm48 0c0-18.7 16.775-35.2 35.2-35.2h158.4c0-17.325-26.4-35.2-26.4-70.4 0-26.4 20.625-35.2 44-35.2 8.794 0 20.445 32.712 34.926 56.1 9.074 14.575 19.524 27.225 30.799 39.875 16.109 18.374 33.836 36.633 59.075 39.596v176.752C341.21 396.087 309.491 432 264 432h-21.299c-40.524 0-57.124-22.197-50.601-61.325-14.612-8.001-24.151-33.979-12.925-53.625-19.365-18.225-17.787-46.381-4.95-61.05H83.2C64.225 256 48 239.775 48 220.8zM448 360c13.255 0 24 10.745 24 24s-10.745 24-24 24-24-10.745-24-24 10.745-24 24-24z\"><\/path><\/svg><\/span>                    \n                    <span class=\"cretive-button-text\">Retour \u00e0 l'accueil<\/span>\n\n                                    <\/div>\n\t                        <\/a>\n        <\/div>\n        \t\t\t\t<\/div>\n\t\t\t\t<\/div>\n\t\t\t\t<\/div>\n\t\t\t\t<\/div>\n\t\t","protected":false},"excerpt":{"rendered":"<p>\u00ab\u00a0He&rsquo;s coming to me\u00a0\u00bb Par Shaily Cette semaine, et si vous vous laissiez tenter ? On croit souvent que les histoires d\u2019amour commencent par un regard\u2026 Ici, elle commence par une tombe. Et pourtant, rien dans cette s\u00e9rie n\u2019est vraiment morbide. C\u2019est m\u00eame tout l\u2019inverse : He&rsquo;s Coming to Me transforme la mort en point de rencontre, comme si l\u2019au-del\u00e0 avait d\u00e9cid\u00e9 de servir de raccourci vers le c\u0153ur. Ce n\u2019est pas une histoire o\u00f9 quelqu\u2019un \u201crevient\u201d. C\u2019est une histoire o\u00f9 quelqu\u2019un reste\u2026 parce qu\u2019on n\u2019a pas fini de le comprendre. Il y a ce gar\u00e7on, seul dans un monde trop vivant, et cet autre\u2026 qui n\u2019est plus cens\u00e9 \u00eatre l\u00e0, mais qui refuse de dispara\u00eetre comme une id\u00e9e inachev\u00e9e. Entre eux, il n\u2019y a pas de hasard, seulement une \u00e9trange logique invisible, comme si le destin avait laiss\u00e9 une porte entrouverte par erreur. Et c\u2019est par cette faille que tout commence. La s\u00e9rie avance doucement, presque sur la pointe des pieds. Elle ne cherche pas \u00e0 faire peur avec des fant\u00f4mes, mais \u00e0 \u00e9mouvoir avec ce qu\u2019ils laissent derri\u00e8re eux : des regrets, des silences, des souvenirs qui s\u2019accrochent comme des mains qu\u2019on n\u2019arrive pas \u00e0 l\u00e2cher. Mais ce qui surprend le plus, c\u2019est que cette histoire de mort devient\u2026 une histoire de vie. Parce qu\u2019\u00e0 chaque apparition, il y a quelque chose de profond\u00e9ment humain : une maladresse, un sourire timide, une fa\u00e7on de rester \u201cpr\u00e9sent\u201d autrement. Et au milieu de ce lien impossible, l\u2019alchimie grandit sans bruit, comme une \u00e9vidence qu\u2019on n\u2019ose pas nommer trop fort. Et cette alchimie doit \u00e9norm\u00e9ment \u00e0 ses interpr\u00e8tes : Ohm et Singto y sont d\u2019une justesse remarquable. Les \u00e9motions sont palpables, jamais forc\u00e9es, toujours sinc\u00e8res. Leur pairing est beau, presque \u00e9vident, et surtout profond\u00e9ment cr\u00e9dible. Ils portent avec d\u00e9licatesse la maturit\u00e9 de l\u2019histoire, donnant \u00e0 chaque regard, chaque silence, un poids qui d\u00e9passe les mots. Et puis il y a cette tension unique : celle d\u2019un amour qui ne devrait pas exister\u2026 mais qui insiste. Pas un amour qui br\u00fble imm\u00e9diatement. Un amour qui apprend \u00e0 respirer entre deux mondes. Un amour qui transforme la peur en tendresse, et l\u2019invisible en pr\u00e9sence. On ne sait jamais vraiment si on doit sourire ou avoir le c\u0153ur serr\u00e9. Parce que chaque moment doux ressemble un peu \u00e0 une contradiction : aimer quelqu\u2019un que le monde a d\u00e9j\u00e0 ray\u00e9 de la liste. Et pourtant, c\u2019est peut-\u00eatre \u00e7a, le vrai miracle de la s\u00e9rie : elle ne parle pas de morts qui reviennent\u2026 Elle parle de vivants qui apprennent \u00e0 ne plus oublier. Et au final, on comprend quelque chose de simple et de bouleversant : parfois, ce ne sont pas les fant\u00f4mes qui hantent les vivants\u2026 ce sont les vivants qui apprennent \u00e0 aimer les fant\u00f4mes. Commentaires Annuler la r\u00e9ponse Connexion en tant que Shaily. Modifier votre profil. Se d\u00e9connecter\u00a0? Les champs obligatoires sont indiqu\u00e9s avec * Message \u0394 Retour \u00e0 l&rsquo;accueil<\/p>\n","protected":false},"author":2,"featured_media":0,"parent":0,"menu_order":0,"comment_status":"open","ping_status":"closed","template":"","meta":{"footnotes":""},"class_list":["post-23529","page","type-page","status-publish","hentry"],"_links":{"self":[{"href":"https:\/\/petitsblentreamis.fr\/index.php?rest_route=\/wp\/v2\/pages\/23529","targetHints":{"allow":["GET"]}}],"collection":[{"href":"https:\/\/petitsblentreamis.fr\/index.php?rest_route=\/wp\/v2\/pages"}],"about":[{"href":"https:\/\/petitsblentreamis.fr\/index.php?rest_route=\/wp\/v2\/types\/page"}],"author":[{"embeddable":true,"href":"https:\/\/petitsblentreamis.fr\/index.php?rest_route=\/wp\/v2\/users\/2"}],"replies":[{"embeddable":true,"href":"https:\/\/petitsblentreamis.fr\/index.php?rest_route=%2Fwp%2Fv2%2Fcomments&post=23529"}],"version-history":[{"count":11,"href":"https:\/\/petitsblentreamis.fr\/index.php?rest_route=\/wp\/v2\/pages\/23529\/revisions"}],"predecessor-version":[{"id":23672,"href":"https:\/\/petitsblentreamis.fr\/index.php?rest_route=\/wp\/v2\/pages\/23529\/revisions\/23672"}],"wp:attachment":[{"href":"https:\/\/petitsblentreamis.fr\/index.php?rest_route=%2Fwp%2Fv2%2Fmedia&parent=23529"}],"curies":[{"name":"wp","href":"https:\/\/api.w.org\/{rel}","templated":true}]}}