{"id":22789,"date":"2026-04-11T16:09:12","date_gmt":"2026-04-11T14:09:12","guid":{"rendered":"https:\/\/petitsblentreamis.fr\/?page_id=22789"},"modified":"2026-04-11T16:09:12","modified_gmt":"2026-04-11T14:09:12","slug":"coup-de-coeur-semantic-error","status":"publish","type":"page","link":"https:\/\/petitsblentreamis.fr\/?page_id=22789","title":{"rendered":"Coup de c\u0153ur \u00ab\u00a0Semantic error\u00a0\u00bb"},"content":{"rendered":"\t\t<div data-elementor-type=\"wp-page\" data-elementor-id=\"22789\" class=\"elementor elementor-22789\">\n\t\t\t\t<div class=\"elementor-element elementor-element-59dee56 e-con-full e-flex wpr-particle-no wpr-jarallax-no wpr-parallax-no wpr-sticky-section-no wpr-equal-height-no e-con e-parent\" data-id=\"59dee56\" data-element_type=\"container\" data-e-type=\"container\">\n\t\t\t\t<div class=\"elementor-element elementor-element-b87b08b elementor-widget-divider--view-line elementor-widget elementor-widget-divider\" data-id=\"b87b08b\" data-element_type=\"widget\" data-e-type=\"widget\" data-widget_type=\"divider.default\">\n\t\t\t\t<div class=\"elementor-widget-container\">\n\t\t\t\t\t\t\t<div class=\"elementor-divider\">\n\t\t\t<span class=\"elementor-divider-separator\">\n\t\t\t\t\t\t<\/span>\n\t\t<\/div>\n\t\t\t\t\t\t<\/div>\n\t\t\t\t<\/div>\n\t\t\t\t<\/div>\n\t\t<div class=\"elementor-element elementor-element-d40fe36 e-con-full e-flex wpr-particle-no wpr-jarallax-no wpr-parallax-no wpr-sticky-section-no wpr-equal-height-no e-con e-parent\" data-id=\"d40fe36\" data-element_type=\"container\" data-e-type=\"container\">\n\t\t\t\t<div class=\"elementor-element elementor-element-412dd83 elementor-widget elementor-widget-heading\" data-id=\"412dd83\" data-element_type=\"widget\" data-e-type=\"widget\" data-widget_type=\"heading.default\">\n\t\t\t\t<div class=\"elementor-widget-container\">\n\t\t\t\t\t<h2 class=\"elementor-heading-title elementor-size-default\">\"Semantic error\"<\/h2>\t\t\t\t<\/div>\n\t\t\t\t<\/div>\n\t\t\t\t<\/div>\n\t\t<div class=\"elementor-element elementor-element-4a42adc e-con-full e-flex wpr-particle-no wpr-jarallax-no wpr-parallax-no wpr-sticky-section-no wpr-equal-height-no e-con e-parent\" data-id=\"4a42adc\" data-element_type=\"container\" data-e-type=\"container\">\n\t\t\t\t<div class=\"elementor-element elementor-element-39f4b0a elementor-widget__width-initial elementor-widget elementor-widget-heading\" data-id=\"39f4b0a\" data-element_type=\"widget\" data-e-type=\"widget\" data-widget_type=\"heading.default\">\n\t\t\t\t<div class=\"elementor-widget-container\">\n\t\t\t\t\t<h2 class=\"elementor-heading-title elementor-size-default\">Par Viranne<\/h2>\t\t\t\t<\/div>\n\t\t\t\t<\/div>\n\t\t\t\t<\/div>\n\t\t<div class=\"elementor-element elementor-element-38aa6b8 e-con-full e-flex wpr-particle-no wpr-jarallax-no wpr-parallax-no wpr-sticky-section-no wpr-equal-height-no e-con e-parent\" data-id=\"38aa6b8\" data-element_type=\"container\" data-e-type=\"container\">\n\t\t\t\t<div class=\"elementor-element elementor-element-dfc8b57 elementor-widget-divider--view-line elementor-widget elementor-widget-divider\" data-id=\"dfc8b57\" data-element_type=\"widget\" data-e-type=\"widget\" data-widget_type=\"divider.default\">\n\t\t\t\t<div class=\"elementor-widget-container\">\n\t\t\t\t\t\t\t<div class=\"elementor-divider\">\n\t\t\t<span class=\"elementor-divider-separator\">\n\t\t\t\t\t\t<\/span>\n\t\t<\/div>\n\t\t\t\t\t\t<\/div>\n\t\t\t\t<\/div>\n\t\t\t\t<\/div>\n\t\t<div class=\"elementor-element elementor-element-2a27e4c e-con-full e-flex wpr-particle-no wpr-jarallax-no wpr-parallax-no wpr-sticky-section-no wpr-equal-height-no e-con e-parent\" data-id=\"2a27e4c\" data-element_type=\"container\" data-e-type=\"container\">\n\t\t\t\t<div class=\"elementor-element elementor-element-a7dfa24 elementor-widget__width-initial elementor-widget elementor-widget-image\" data-id=\"a7dfa24\" data-element_type=\"widget\" data-e-type=\"widget\" data-widget_type=\"image.default\">\n\t\t\t\t<div class=\"elementor-widget-container\">\n\t\t\t\t\t\t\t\t\t\t\t\t\t\t\t<img fetchpriority=\"high\" decoding=\"async\" width=\"679\" height=\"900\" src=\"https:\/\/petitsblentreamis.fr\/wp-content\/uploads\/2025\/08\/Semantic-Error-DA.jpg\" class=\"attachment-full size-full wp-image-14033\" alt=\"\" srcset=\"https:\/\/petitsblentreamis.fr\/wp-content\/uploads\/2025\/08\/Semantic-Error-DA.jpg 679w, https:\/\/petitsblentreamis.fr\/wp-content\/uploads\/2025\/08\/Semantic-Error-DA-226x300.jpg 226w\" sizes=\"(max-width: 679px) 100vw, 679px\" \/>\t\t\t\t\t\t\t\t\t\t\t\t\t\t\t<\/div>\n\t\t\t\t<\/div>\n\t\t\t\t<\/div>\n\t\t<div class=\"elementor-element elementor-element-b17237d e-con-full e-flex wpr-particle-no wpr-jarallax-no wpr-parallax-no wpr-sticky-section-no wpr-equal-height-no e-con e-parent\" data-id=\"b17237d\" data-element_type=\"container\" data-e-type=\"container\">\n\t\t\t\t<div class=\"elementor-element elementor-element-979230d elementor-widget-divider--view-line elementor-widget elementor-widget-divider\" data-id=\"979230d\" data-element_type=\"widget\" data-e-type=\"widget\" data-widget_type=\"divider.default\">\n\t\t\t\t<div class=\"elementor-widget-container\">\n\t\t\t\t\t\t\t<div class=\"elementor-divider\">\n\t\t\t<span class=\"elementor-divider-separator\">\n\t\t\t\t\t\t<\/span>\n\t\t<\/div>\n\t\t\t\t\t\t<\/div>\n\t\t\t\t<\/div>\n\t\t\t\t<\/div>\n\t\t<div class=\"elementor-element elementor-element-dcf3db9 e-con-full e-flex wpr-particle-no wpr-jarallax-no wpr-parallax-no wpr-sticky-section-no wpr-equal-height-no e-con e-parent\" data-id=\"dcf3db9\" data-element_type=\"container\" data-e-type=\"container\">\n\t\t\t\t<div class=\"elementor-element elementor-element-1345bda elementor-widget__width-initial elementor-widget elementor-widget-text-editor\" data-id=\"1345bda\" data-element_type=\"widget\" data-e-type=\"widget\" data-widget_type=\"text-editor.default\">\n\t\t\t\t<div class=\"elementor-widget-container\">\n\t\t\t\t\t\t\t\t\t<p style=\"text-align: center;\" align=\"JUSTIFY\"><strong>Cette semaine, et si vous vous laissiez tenter ?<\/strong><\/p><p align=\"JUSTIFY\">\u00a0<\/p><p align=\"JUSTIFY\">Et si une histoire pouvait vous accrocher\u2026 en seulement quelques minutes ? <br \/>C\u2019est exactement ce que propose <em><b>Semantic Error<\/b><\/em>, un anim\u00e9 au format ultra-court (4 \u00e9pisodes d\u2019environ 3 minutes) qui r\u00e9ussit pourtant \u00e0 captiver d\u00e8s les premi\u00e8res secondes.<\/p><p align=\"JUSTIFY\">Toute l&rsquo;histoire repose sur la rencontre explosive entre deux oppos\u00e9s. <br \/>D&rsquo;un c\u00f4t\u00e9, Sang Woo, froid, m\u00e9thodique, rigide, presque incapable de sortir de sa logique. <br \/>De l\u2019autre, Jae Young, extraverti, charismatique, impr\u00e9visible et bien d\u00e9cid\u00e9 \u00e0 perturber cet \u00e9quilibre parfait. Leur relation commence par un conflit, presque une guerre de personnalit\u00e9s\u2026 avant de laisser place \u00e0 une tension bien plus troublante.<\/p><p align=\"JUSTIFY\">Malgr\u00e9 son format court, l\u2019anim\u00e9 va droit \u00e0 l\u2019essentiel. On ressent l&rsquo;\u00e9volution dans la relation des personnages, de l&rsquo;agacement \u00e0 la curiosit\u00e9, de la curiosit\u00e9 \u00e0 l&rsquo;attirance. Chaque partie va droit au but : un simple \u00e9change de regards, une r\u00e9action inattendue ou une r\u00e9plique bien plac\u00e9e suffisent \u00e0 transmettre des \u00e9motions. C&rsquo;est rapide et surtout tr\u00e8s addictif. On ne voit pas le temps passer.<\/p><p align=\"JUSTIFY\">Pour ceux qui ne connaissent pas encore le film ou la s\u00e9rie, cela vous donnera s\u00fbrement tr\u00e8s envie de les d\u00e9couvrir. Pour les autres, c&rsquo;est une bonne fa\u00e7on de se replonger dans cet \u00ab\u00a0enemies to lovers\u00a0\u00bb inoubliable.<\/p>\t\t\t\t\t\t\t\t<\/div>\n\t\t\t\t<\/div>\n\t\t\t\t<\/div>\n\t\t<div class=\"elementor-element elementor-element-cea7836 e-con-full e-flex wpr-particle-no wpr-jarallax-no wpr-parallax-no wpr-sticky-section-no wpr-equal-height-no e-con e-parent\" data-id=\"cea7836\" data-element_type=\"container\" data-e-type=\"container\">\n\t\t\t\t<div class=\"elementor-element elementor-element-ae0ccc6 elementor-widget-divider--view-line elementor-widget elementor-widget-divider\" data-id=\"ae0ccc6\" data-element_type=\"widget\" data-e-type=\"widget\" data-widget_type=\"divider.default\">\n\t\t\t\t<div class=\"elementor-widget-container\">\n\t\t\t\t\t\t\t<div class=\"elementor-divider\">\n\t\t\t<span class=\"elementor-divider-separator\">\n\t\t\t\t\t\t<\/span>\n\t\t<\/div>\n\t\t\t\t\t\t<\/div>\n\t\t\t\t<\/div>\n\t\t\t\t<\/div>\n\t\t<div class=\"elementor-element elementor-element-b41d199 e-con-full e-flex wpr-particle-no wpr-jarallax-no wpr-parallax-no wpr-sticky-section-no wpr-equal-height-no e-con e-parent\" data-id=\"b41d199\" data-element_type=\"container\" data-e-type=\"container\">\n\t\t<div class=\"elementor-element elementor-element-d28a74e e-con-full e-flex wpr-particle-no wpr-jarallax-no wpr-parallax-no wpr-sticky-section-no wpr-equal-height-no e-con e-child\" data-id=\"d28a74e\" data-element_type=\"container\" data-e-type=\"container\">\n\t\t\t\t<div class=\"elementor-element elementor-element-0e55d8f elementor-widget__width-initial wpr-comment-reply-separate wpr-comment-reply-align-right elementor-widget elementor-widget-wpr-post-comments\" data-id=\"0e55d8f\" data-element_type=\"widget\" data-e-type=\"widget\" data-widget_type=\"wpr-post-comments.default\">\n\t\t\t\t<div class=\"elementor-widget-container\">\n\t\t\t\t\t<div class=\"wpr-comments-wrap\" id=\"comments\"><h3> 2 Comments<\/h3><ul class=\"wpr-comments-list\"><li id=\"comment-10646\" class=\"comment even thread-even depth-1\"><article class=\"wpr-post-comment elementor-clearfix\"><div class=\"wpr-comment-avatar\"><img alt='' src='https:\/\/secure.gravatar.com\/avatar\/776ff07500379e61b2dbe486688f02c6986e0cdb960211361529c6b5580b8357?s=60&#038;d=mm&#038;r=g' srcset='https:\/\/secure.gravatar.com\/avatar\/776ff07500379e61b2dbe486688f02c6986e0cdb960211361529c6b5580b8357?s=120&#038;d=mm&#038;r=g 2x' class='avatar avatar-60 photo' height='60' width='60' \/><\/div><div class=\"wpr-comment-meta\"><div class=\"wpr-comment-author\"><span>Mitchiko<\/span><\/div><div class=\"wpr-comment-metadata elementor-clearfix\"><span>11 avril 2026 at 16h45<\/span><\/div><\/div><div class=\"wpr-comment-content\"><p>Coucou Viranne, merci pour cette petite recommandation. Je connais ce titre (qui est aussi un drama, livre&#8230;) de nom, mais ne l&rsquo;ai encore jamais test\u00e9 ! Il me tente depuis longtemps cependant, j&rsquo;en entends beaucoup de bien. J&rsquo;ignorais que la version anim\u00e9e \u00e9tait sur un format si court, d&rsquo;ailleurs. Je me dis que me pencher sur cette adaptation en premier, pour une d\u00e9couverte, ne serait peut-\u00eatre pas une mauvaise id\u00e9e, du coup. ^^ Bon week-end \u00e0 toi et belle semaine. \u00c0 une prochaine fois. Bises<\/p>\n<\/div><div class=\"wpr-comment-reply\"><a rel=\"nofollow\" class=\"comment-reply-link\" href=\"https:\/\/petitsblentreamis.fr\/?page_id=22789&#038;replytocom=10646#respond\" data-commentid=\"10646\" data-postid=\"22789\" data-belowelement=\"comment-10646\" data-respondelement=\"respond\" data-replyto=\"R\u00e9pondre \u00e0 Mitchiko\" aria-label=\"R\u00e9pondre \u00e0 Mitchiko\">R\u00e9pondre<\/a><\/div><\/article><\/li><ul class=\"children\">\n<li id=\"comment-10673\" class=\"comment byuser comment-author-viranne odd alt depth-2\"><article class=\"wpr-post-comment elementor-clearfix\"><div class=\"wpr-comment-avatar\"><img alt='' src='https:\/\/secure.gravatar.com\/avatar\/6fa455f2f0f72b3ccbf59acf85d615a0a6c7078d787d7e5f5dcfcb68feac5020?s=60&#038;d=mm&#038;r=g' srcset='https:\/\/secure.gravatar.com\/avatar\/6fa455f2f0f72b3ccbf59acf85d615a0a6c7078d787d7e5f5dcfcb68feac5020?s=120&#038;d=mm&#038;r=g 2x' class='avatar avatar-60 photo' height='60' width='60' \/><\/div><div class=\"wpr-comment-meta\"><div class=\"wpr-comment-author\"><span>Viranne<\/span><\/div><div class=\"wpr-comment-metadata elementor-clearfix\"><span>13 avril 2026 at 9h22<\/span><\/div><\/div><div class=\"wpr-comment-content\"><p>Bonjour Mitchiko,<\/p>\n<p>Je pense que c&rsquo;est effectivement une bonne mise en bouche pour ceux qui ne connaissent pas la s\u00e9rie&#8230; Ou un bon dessert !<br \/>\nJe suis certaine qu&rsquo;il te donnera envie de la d\u00e9couvrir, et surtout, ne t&rsquo;en prive pas, elle est g\u00e9niale !<br \/>\nMerci pour ton com, bonne semaine et \u00e0 bient\u00f4t.<br \/>\nBises<\/p>\n<\/div><div class=\"wpr-comment-reply\"><a rel=\"nofollow\" class=\"comment-reply-link\" href=\"https:\/\/petitsblentreamis.fr\/?page_id=22789&#038;replytocom=10673#respond\" data-commentid=\"10673\" data-postid=\"22789\" data-belowelement=\"comment-10673\" data-respondelement=\"respond\" data-replyto=\"R\u00e9pondre \u00e0 Viranne\" aria-label=\"R\u00e9pondre \u00e0 Viranne\">R\u00e9pondre<\/a><\/div><\/article><\/li><\/li><!-- #comment-## -->\n<\/ul><!-- .children -->\n<\/li><!-- #comment-## -->\n<\/ul>\t<div id=\"respond\" class=\"comment-respond\">\n\t\t<h3 id=\"wpr-reply-title\" class=\"wpr-comment-reply-title\">Commentaires <small><a rel=\"nofollow\" id=\"cancel-comment-reply-link\" href=\"\/index.php?rest_route=%2Fwp%2Fv2%2Fpages%2F22789#respond\" style=\"display:none;\">Annuler la r\u00e9ponse<\/a><\/small><\/h3><form action=\"https:\/\/petitsblentreamis.fr\/wp-comments-post.php\" method=\"post\" id=\"wpr-comment-form\" class=\"wpr-comment-form wpr-cf-style-2\"><p class=\"comment-notes\"><span id=\"email-notes\">Votre adresse e-mail ne sera pas publi\u00e9e.<\/span> <span class=\"required-field-message\">Les champs obligatoires sont indiqu\u00e9s avec <span class=\"required\">*<\/span><\/span><\/p><div class=\"wpr-comment-form-text\"><label>Message<\/label><textarea name=\"comment\" placeholder=\"\" cols=\"45\" rows=\"8\" maxlength=\"65525\"><\/textarea><\/div><div class=\"wpr-comment-form-fields\"> <div class=\"wpr-comment-form-author\"><label>Name<\/label><input type=\"text\" name=\"author\" placeholder=\"\"\/><\/div>\n<div class=\"wpr-comment-form-email\"><label>Email<\/label><input type=\"text\" name=\"email\" placeholder=\"\"\/><\/div>\n<div class=\"wpr-comment-form-url\"><label>Website<\/label><input type=\"text\" name=\"url\" placeholder=\"\"\/><\/div><\/div>\n<p class=\"form-submit\"><input name=\"submit\" type=\"submit\" id=\"wpr-submit-comment\" class=\"wpr-submit-comment\" value=\"Envoyer\" \/> <input type='hidden' name='comment_post_ID' value='22789' id='comment_post_ID' \/>\n<input type='hidden' name='comment_parent' id='comment_parent' value='0' \/>\n<\/p><p style=\"display: none;\"><input type=\"hidden\" id=\"akismet_comment_nonce\" name=\"akismet_comment_nonce\" value=\"6e88fced38\" \/><\/p><p style=\"display: none !important;\" class=\"akismet-fields-container\" data-prefix=\"ak_\"><label>&#916;<textarea name=\"ak_hp_textarea\" cols=\"45\" rows=\"8\" maxlength=\"100\"><\/textarea><\/label><input type=\"hidden\" id=\"ak_js_1\" name=\"ak_js\" value=\"150\"\/><script>\ndocument.getElementById( \"ak_js_1\" ).setAttribute( \"value\", ( new Date() ).getTime() );\n<\/script>\n<\/p><\/form>\t<\/div><!-- #respond -->\n\t<\/div>\t\t\t\t<\/div>\n\t\t\t\t<\/div>\n\t\t\t\t<\/div>\n\t\t\t\t<\/div>\n\t\t<div class=\"elementor-element elementor-element-8ff3c05 e-con-full e-flex wpr-particle-no wpr-jarallax-no wpr-parallax-no wpr-sticky-section-no wpr-equal-height-no e-con e-parent\" data-id=\"8ff3c05\" data-element_type=\"container\" data-e-type=\"container\">\n\t\t\t\t<div class=\"elementor-element elementor-element-b0710fb elementor-widget-divider--view-line elementor-widget elementor-widget-divider\" data-id=\"b0710fb\" data-element_type=\"widget\" data-e-type=\"widget\" data-widget_type=\"divider.default\">\n\t\t\t\t<div class=\"elementor-widget-container\">\n\t\t\t\t\t\t\t<div class=\"elementor-divider\">\n\t\t\t<span class=\"elementor-divider-separator\">\n\t\t\t\t\t\t<\/span>\n\t\t<\/div>\n\t\t\t\t\t\t<\/div>\n\t\t\t\t<\/div>\n\t\t\t\t<\/div>\n\t\t<div class=\"elementor-element elementor-element-b5b0359 e-con-full e-flex wpr-particle-no wpr-jarallax-no wpr-parallax-no wpr-sticky-section-no wpr-equal-height-no e-con e-parent\" data-id=\"b5b0359\" data-element_type=\"container\" data-e-type=\"container\">\n\t\t\t\t<div class=\"elementor-element elementor-element-f514a48 elementor-widget__width-initial elementor-widget elementor-widget-image\" data-id=\"f514a48\" data-element_type=\"widget\" data-e-type=\"widget\" data-widget_type=\"image.default\">\n\t\t\t\t<div class=\"elementor-widget-container\">\n\t\t\t\t\t\t\t\t\t\t\t\t<figure class=\"wp-caption\">\n\t\t\t\t\t\t\t\t\t\t<img decoding=\"async\" width=\"500\" height=\"227\" src=\"https:\/\/petitsblentreamis.fr\/wp-content\/uploads\/2025\/01\/462554376_2097741047309941_1421008707977699554_n.png\" class=\"attachment-large size-large wp-image-581\" alt=\"\" srcset=\"https:\/\/petitsblentreamis.fr\/wp-content\/uploads\/2025\/01\/462554376_2097741047309941_1421008707977699554_n.png 500w, https:\/\/petitsblentreamis.fr\/wp-content\/uploads\/2025\/01\/462554376_2097741047309941_1421008707977699554_n-300x136.png 300w\" sizes=\"(max-width: 500px) 100vw, 500px\" \/>\t\t\t\t\t\t\t\t\t\t\t<figcaption class=\"widget-image-caption wp-caption-text\"><\/figcaption>\n\t\t\t\t\t\t\t\t\t\t<\/figure>\n\t\t\t\t\t\t\t\t\t<\/div>\n\t\t\t\t<\/div>\n\t\t\t\t<\/div>\n\t\t<div class=\"elementor-element elementor-element-7f82839 e-con-full e-flex wpr-particle-no wpr-jarallax-no wpr-parallax-no wpr-sticky-section-no wpr-equal-height-no e-con e-child\" data-id=\"7f82839\" data-element_type=\"container\" data-e-type=\"container\">\n\t\t\t\t<div class=\"elementor-element elementor-element-ac719b2 elementor-widget elementor-widget-eael-creative-button\" data-id=\"ac719b2\" data-element_type=\"widget\" data-e-type=\"widget\" data-widget_type=\"eael-creative-button.default\">\n\t\t\t\t<div class=\"elementor-widget-container\">\n\t\t\t\t\t        <div class=\"eael-creative-button-wrapper\">\n\n            <a class=\"eael-creative-button eael-creative-button--ujarak eael-cb-icon-position-left\" href=\"https:\/\/petitsblentreamis.fr\/?page_id=6\" data-text=\"Retour \u00e0 l&#039;accueil\">\n            \t    \n                <div class=\"creative-button-inner\">\n\n                                            <span class=\"eael-creative-button-icon-left\"><svg aria-hidden=\"true\" class=\"e-font-icon-svg e-far-hand-point-left\" viewBox=\"0 0 512 512\" xmlns=\"http:\/\/www.w3.org\/2000\/svg\"><path d=\"M0 220.8C0 266.416 37.765 304 83.2 304h35.647a93.148 93.148 0 0 0 7.929 22.064c-2.507 22.006 3.503 44.978 15.985 62.791C143.9 441.342 180.159 480 242.701 480H264c60.063 0 98.512-40 127.2-40h2.679c5.747 4.952 13.536 8 22.12 8h64c17.673 0 32-12.894 32-28.8V188.8c0-15.906-14.327-28.8-32-28.8h-64c-8.584 0-16.373 3.048-22.12 8H391.2c-6.964 0-14.862-6.193-30.183-23.668l-.129-.148-.131-.146c-8.856-9.937-18.116-20.841-25.851-33.253C316.202 80.537 304.514 32 259.2 32c-56.928 0-92 35.286-92 83.2 0 8.026.814 15.489 2.176 22.4H83.2C38.101 137.6 0 175.701 0 220.8zm48 0c0-18.7 16.775-35.2 35.2-35.2h158.4c0-17.325-26.4-35.2-26.4-70.4 0-26.4 20.625-35.2 44-35.2 8.794 0 20.445 32.712 34.926 56.1 9.074 14.575 19.524 27.225 30.799 39.875 16.109 18.374 33.836 36.633 59.075 39.596v176.752C341.21 396.087 309.491 432 264 432h-21.299c-40.524 0-57.124-22.197-50.601-61.325-14.612-8.001-24.151-33.979-12.925-53.625-19.365-18.225-17.787-46.381-4.95-61.05H83.2C64.225 256 48 239.775 48 220.8zM448 360c13.255 0 24 10.745 24 24s-10.745 24-24 24-24-10.745-24-24 10.745-24 24-24z\"><\/path><\/svg><\/span>                    \n                    <span class=\"cretive-button-text\">Retour \u00e0 l'accueil<\/span>\n\n                                    <\/div>\n\t                        <\/a>\n        <\/div>\n        \t\t\t\t<\/div>\n\t\t\t\t<\/div>\n\t\t\t\t<\/div>\n\t\t\t\t<\/div>\n\t\t","protected":false},"excerpt":{"rendered":"<p>\u00ab\u00a0Semantic error\u00a0\u00bb Par Viranne Cette semaine, et si vous vous laissiez tenter ? Et si une histoire pouvait vous accrocher\u2026 en seulement quelques minutes ? C\u2019est exactement ce que propose Semantic Error, un anim\u00e9 au format ultra-court (4 \u00e9pisodes d\u2019environ 3 minutes) qui r\u00e9ussit pourtant \u00e0 captiver d\u00e8s les premi\u00e8res secondes. Toute l&rsquo;histoire repose sur la rencontre explosive entre deux oppos\u00e9s. D&rsquo;un c\u00f4t\u00e9, Sang Woo, froid, m\u00e9thodique, rigide, presque incapable de sortir de sa logique. De l\u2019autre, Jae Young, extraverti, charismatique, impr\u00e9visible et bien d\u00e9cid\u00e9 \u00e0 perturber cet \u00e9quilibre parfait. Leur relation commence par un conflit, presque une guerre de personnalit\u00e9s\u2026 avant de laisser place \u00e0 une tension bien plus troublante. Malgr\u00e9 son format court, l\u2019anim\u00e9 va droit \u00e0 l\u2019essentiel. On ressent l&rsquo;\u00e9volution dans la relation des personnages, de l&rsquo;agacement \u00e0 la curiosit\u00e9, de la curiosit\u00e9 \u00e0 l&rsquo;attirance. Chaque partie va droit au but : un simple \u00e9change de regards, une r\u00e9action inattendue ou une r\u00e9plique bien plac\u00e9e suffisent \u00e0 transmettre des \u00e9motions. C&rsquo;est rapide et surtout tr\u00e8s addictif. On ne voit pas le temps passer. Pour ceux qui ne connaissent pas encore le film ou la s\u00e9rie, cela vous donnera s\u00fbrement tr\u00e8s envie de les d\u00e9couvrir. Pour les autres, c&rsquo;est une bonne fa\u00e7on de se replonger dans cet \u00ab\u00a0enemies to lovers\u00a0\u00bb inoubliable. Commentaires Annuler la r\u00e9ponse Connexion en tant que Shaily. Modifier votre profil. Se d\u00e9connecter\u00a0? Les champs obligatoires sont indiqu\u00e9s avec * Message \u0394 Retour \u00e0 l&rsquo;accueil<\/p>\n","protected":false},"author":2,"featured_media":0,"parent":0,"menu_order":0,"comment_status":"open","ping_status":"closed","template":"","meta":{"footnotes":""},"class_list":["post-22789","page","type-page","status-publish","hentry"],"_links":{"self":[{"href":"https:\/\/petitsblentreamis.fr\/index.php?rest_route=\/wp\/v2\/pages\/22789","targetHints":{"allow":["GET"]}}],"collection":[{"href":"https:\/\/petitsblentreamis.fr\/index.php?rest_route=\/wp\/v2\/pages"}],"about":[{"href":"https:\/\/petitsblentreamis.fr\/index.php?rest_route=\/wp\/v2\/types\/page"}],"author":[{"embeddable":true,"href":"https:\/\/petitsblentreamis.fr\/index.php?rest_route=\/wp\/v2\/users\/2"}],"replies":[{"embeddable":true,"href":"https:\/\/petitsblentreamis.fr\/index.php?rest_route=%2Fwp%2Fv2%2Fcomments&post=22789"}],"version-history":[{"count":15,"href":"https:\/\/petitsblentreamis.fr\/index.php?rest_route=\/wp\/v2\/pages\/22789\/revisions"}],"predecessor-version":[{"id":22869,"href":"https:\/\/petitsblentreamis.fr\/index.php?rest_route=\/wp\/v2\/pages\/22789\/revisions\/22869"}],"wp:attachment":[{"href":"https:\/\/petitsblentreamis.fr\/index.php?rest_route=%2Fwp%2Fv2%2Fmedia&parent=22789"}],"curies":[{"name":"wp","href":"https:\/\/api.w.org\/{rel}","templated":true}]}}