{"id":20055,"date":"2026-01-01T00:41:24","date_gmt":"2025-12-31T23:41:24","guid":{"rendered":"https:\/\/petitsblentreamis.fr\/?page_id=20055"},"modified":"2026-01-01T00:41:24","modified_gmt":"2025-12-31T23:41:24","slug":"coup-de-coeur-tharntype","status":"publish","type":"page","link":"https:\/\/petitsblentreamis.fr\/?page_id=20055","title":{"rendered":"Coup de c\u0153ur TharnType"},"content":{"rendered":"\t\t<div data-elementor-type=\"wp-page\" data-elementor-id=\"20055\" class=\"elementor elementor-20055\">\n\t\t\t\t<div class=\"elementor-element elementor-element-59dee56 e-con-full e-flex wpr-particle-no wpr-jarallax-no wpr-parallax-no wpr-sticky-section-no wpr-equal-height-no e-con e-parent\" data-id=\"59dee56\" data-element_type=\"container\" data-e-type=\"container\">\n\t\t\t\t<div class=\"elementor-element elementor-element-b87b08b elementor-widget-divider--view-line elementor-widget elementor-widget-divider\" data-id=\"b87b08b\" data-element_type=\"widget\" data-e-type=\"widget\" data-widget_type=\"divider.default\">\n\t\t\t\t<div class=\"elementor-widget-container\">\n\t\t\t\t\t\t\t<div class=\"elementor-divider\">\n\t\t\t<span class=\"elementor-divider-separator\">\n\t\t\t\t\t\t<\/span>\n\t\t<\/div>\n\t\t\t\t\t\t<\/div>\n\t\t\t\t<\/div>\n\t\t\t\t<\/div>\n\t\t<div class=\"elementor-element elementor-element-d40fe36 e-con-full e-flex wpr-particle-no wpr-jarallax-no wpr-parallax-no wpr-sticky-section-no wpr-equal-height-no e-con e-parent\" data-id=\"d40fe36\" data-element_type=\"container\" data-e-type=\"container\">\n\t\t\t\t<div class=\"elementor-element elementor-element-412dd83 elementor-widget elementor-widget-heading\" data-id=\"412dd83\" data-element_type=\"widget\" data-e-type=\"widget\" data-widget_type=\"heading.default\">\n\t\t\t\t<div class=\"elementor-widget-container\">\n\t\t\t\t\t<h2 class=\"elementor-heading-title elementor-size-default\">C'est bon la honte !<\/h2>\t\t\t\t<\/div>\n\t\t\t\t<\/div>\n\t\t\t\t<\/div>\n\t\t<div class=\"elementor-element elementor-element-4a42adc e-con-full e-flex wpr-particle-no wpr-jarallax-no wpr-parallax-no wpr-sticky-section-no wpr-equal-height-no e-con e-parent\" data-id=\"4a42adc\" data-element_type=\"container\" data-e-type=\"container\">\n\t\t\t\t<div class=\"elementor-element elementor-element-39f4b0a elementor-widget__width-initial elementor-widget elementor-widget-heading\" data-id=\"39f4b0a\" data-element_type=\"widget\" data-e-type=\"widget\" data-widget_type=\"heading.default\">\n\t\t\t\t<div class=\"elementor-widget-container\">\n\t\t\t\t\t<h2 class=\"elementor-heading-title elementor-size-default\">Par Merze<\/h2>\t\t\t\t<\/div>\n\t\t\t\t<\/div>\n\t\t\t\t<\/div>\n\t\t<div class=\"elementor-element elementor-element-38aa6b8 e-con-full e-flex wpr-particle-no wpr-jarallax-no wpr-parallax-no wpr-sticky-section-no wpr-equal-height-no e-con e-parent\" data-id=\"38aa6b8\" data-element_type=\"container\" data-e-type=\"container\">\n\t\t\t\t<div class=\"elementor-element elementor-element-dfc8b57 elementor-widget-divider--view-line elementor-widget elementor-widget-divider\" data-id=\"dfc8b57\" data-element_type=\"widget\" data-e-type=\"widget\" data-widget_type=\"divider.default\">\n\t\t\t\t<div class=\"elementor-widget-container\">\n\t\t\t\t\t\t\t<div class=\"elementor-divider\">\n\t\t\t<span class=\"elementor-divider-separator\">\n\t\t\t\t\t\t<\/span>\n\t\t<\/div>\n\t\t\t\t\t\t<\/div>\n\t\t\t\t<\/div>\n\t\t\t\t<\/div>\n\t\t<div class=\"elementor-element elementor-element-2a27e4c e-con-full e-flex wpr-particle-no wpr-jarallax-no wpr-parallax-no wpr-sticky-section-no wpr-equal-height-no e-con e-parent\" data-id=\"2a27e4c\" data-element_type=\"container\" data-e-type=\"container\">\n\t\t\t\t<div class=\"elementor-element elementor-element-a7dfa24 elementor-widget__width-initial elementor-widget elementor-widget-image\" data-id=\"a7dfa24\" data-element_type=\"widget\" data-e-type=\"widget\" data-widget_type=\"image.default\">\n\t\t\t\t<div class=\"elementor-widget-container\">\n\t\t\t\t\t\t\t\t\t\t\t\t\t\t\t<img fetchpriority=\"high\" decoding=\"async\" width=\"679\" height=\"900\" src=\"https:\/\/petitsblentreamis.fr\/wp-content\/uploads\/2025\/01\/tharntype.png\" class=\"attachment-full size-full wp-image-393\" alt=\"\" srcset=\"https:\/\/petitsblentreamis.fr\/wp-content\/uploads\/2025\/01\/tharntype.png 679w, https:\/\/petitsblentreamis.fr\/wp-content\/uploads\/2025\/01\/tharntype-226x300.png 226w\" sizes=\"(max-width: 679px) 100vw, 679px\" \/>\t\t\t\t\t\t\t\t\t\t\t\t\t\t\t<\/div>\n\t\t\t\t<\/div>\n\t\t\t\t<\/div>\n\t\t<div class=\"elementor-element elementor-element-b17237d e-con-full e-flex wpr-particle-no wpr-jarallax-no wpr-parallax-no wpr-sticky-section-no wpr-equal-height-no e-con e-parent\" data-id=\"b17237d\" data-element_type=\"container\" data-e-type=\"container\">\n\t\t\t\t<div class=\"elementor-element elementor-element-979230d elementor-widget-divider--view-line elementor-widget elementor-widget-divider\" data-id=\"979230d\" data-element_type=\"widget\" data-e-type=\"widget\" data-widget_type=\"divider.default\">\n\t\t\t\t<div class=\"elementor-widget-container\">\n\t\t\t\t\t\t\t<div class=\"elementor-divider\">\n\t\t\t<span class=\"elementor-divider-separator\">\n\t\t\t\t\t\t<\/span>\n\t\t<\/div>\n\t\t\t\t\t\t<\/div>\n\t\t\t\t<\/div>\n\t\t\t\t<\/div>\n\t\t<div class=\"elementor-element elementor-element-dcf3db9 e-con-full e-flex wpr-particle-no wpr-jarallax-no wpr-parallax-no wpr-sticky-section-no wpr-equal-height-no e-con e-parent\" data-id=\"dcf3db9\" data-element_type=\"container\" data-e-type=\"container\">\n\t\t\t\t<div class=\"elementor-element elementor-element-1345bda elementor-widget__width-initial elementor-widget elementor-widget-text-editor\" data-id=\"1345bda\" data-element_type=\"widget\" data-e-type=\"widget\" data-widget_type=\"text-editor.default\">\n\t\t\t\t<div class=\"elementor-widget-container\">\n\t\t\t\t\t\t\t\t\t<p style=\"text-align: center;\"><strong>Cette semaine, et si vous vous laissiez tenter ?<\/strong><\/p><p><span style=\"font-weight: 400;\">Vous avez d\u00e9j\u00e0 regard\u00e9 des s\u00e9ries, vous les avez ador\u00e9es et vous entendez par la horde des bien-pensants que cette s\u00e9rie est \u201ctoxique\u201d ?<\/span><\/p><p><span style=\"font-weight: 400;\">Eh bien vous savez quoi\u2026 C\u2019est bon la honte !\u00a0<\/span><\/p><p><span style=\"font-weight: 400;\">Oui, j\u2019adore les s\u00e9ries red flag\u2026 Et pourquoi, me demanderez-vous ?<\/span><\/p><p><span style=\"font-weight: 400;\">Eh bien parce que c\u2019est une fiction, qu\u2019elle traite de la noirceur de l\u2019\u00e2me et de l\u2019\u00e9go\u00efsme de l\u2019amour\u2026<\/span><\/p><p><span style=\"font-weight: 400;\">Parce qu\u2019apr\u00e8s tout, \u201cJe t\u2019aime\u201d ne commence jamais que par \u201cJe\u201d<\/span><\/p><p>\u00a0<\/p><p><span style=\"font-weight: 400;\">Ahhh\u2026 La belle croyance de l\u2019amour qui sauve avec douceur et tendresse\u2026 Ah oui, vraiment ?<\/span><\/p><p><span style=\"font-weight: 400;\">Je n\u2019en suis pas si s\u00fbre\u2026\u00a0<\/span><\/p><p><span style=\"font-weight: 400;\">L\u2019amour sauve parce qu\u2019on se bat pour lui, et comme pour chaque bataille, les coups bas sont de mise.<\/span><\/p><p>\u00a0<\/p><p><span style=\"font-weight: 400;\">Alors me voil\u00e0 devant vous avec cet aveu qui n\u2019en est pas un pour ceux qui me connaissent\u2026 Je suis une fan inconditionnelle de TharnType<\/span><\/p><p><span style=\"font-weight: 400;\">Oui, pour moi, elle a \u00e9t\u00e9 une des s\u00e9ries qui m\u2019aura rendue addicts aux BL.<\/span><\/p><p>\u00a0<\/p><p><span style=\"font-weight: 400;\">Si vous ne connaissez pas, c\u2019est le moment de d\u00e9couvrir le monde tordu de Mame, l\u2019auteure du livre dont est tir\u00e9e la s\u00e9rie.<\/span><\/p><p><span style=\"font-weight: 400;\">C\u2019est un monde o\u00f9 un gars qui d\u00e9teste les gays se retrouve pour sa premi\u00e8re ann\u00e9e d\u2019universit\u00e9 en colocation avec le gay le plus sexy du campus ! Et l\u00e0, tout va aller de travers\u2026 Les coups bas, les moqueries, les abus, les souffrances, l\u2019\u00e9go\u00efsme\u2026 Le bouillon d\u2019\u00e9motions habituelles qui fait d\u2019une histoire somme toute banale un feu d\u2019artifice digne du nouvel an !<\/span><\/p><p>\u00a0<\/p><p><span style=\"font-weight: 400;\">Alors \u00e0 savoir lequel des deux m\u00e9rite le plus le fameux drapeau rouge\u2026 \u00e7a, je vous laisse juge^^<\/span><\/p><p><span style=\"font-weight: 400;\">Ce qui est certain en tout cas, c\u2019est qu\u2019ils nous entra\u00eenent dans les m\u00e9andres de leurs sentiments pour finir, comme il se doit, par s\u2019aimer avec toute l\u2019intensit\u00e9 qu\u2019ils auront montr\u00e9 pour se d\u00e9chirer.<\/span><\/p><p>\u00a0<\/p><p><span style=\"font-weight: 400;\">Donc rangez les cartons rouges et glissez dans la honte d\u2019aimer la violence de l\u2019amour !<\/span><\/p>\t\t\t\t\t\t\t\t<\/div>\n\t\t\t\t<\/div>\n\t\t\t\t<\/div>\n\t\t<div class=\"elementor-element elementor-element-cea7836 e-con-full e-flex wpr-particle-no wpr-jarallax-no wpr-parallax-no wpr-sticky-section-no wpr-equal-height-no e-con e-parent\" data-id=\"cea7836\" data-element_type=\"container\" data-e-type=\"container\">\n\t\t\t\t<div class=\"elementor-element elementor-element-ae0ccc6 elementor-widget-divider--view-line elementor-widget elementor-widget-divider\" data-id=\"ae0ccc6\" data-element_type=\"widget\" data-e-type=\"widget\" data-widget_type=\"divider.default\">\n\t\t\t\t<div class=\"elementor-widget-container\">\n\t\t\t\t\t\t\t<div class=\"elementor-divider\">\n\t\t\t<span class=\"elementor-divider-separator\">\n\t\t\t\t\t\t<\/span>\n\t\t<\/div>\n\t\t\t\t\t\t<\/div>\n\t\t\t\t<\/div>\n\t\t\t\t<\/div>\n\t\t<div class=\"elementor-element elementor-element-b41d199 e-con-full e-flex wpr-particle-no wpr-jarallax-no wpr-parallax-no wpr-sticky-section-no wpr-equal-height-no e-con e-parent\" data-id=\"b41d199\" data-element_type=\"container\" data-e-type=\"container\">\n\t\t<div class=\"elementor-element elementor-element-d28a74e e-con-full e-flex wpr-particle-no wpr-jarallax-no wpr-parallax-no wpr-sticky-section-no wpr-equal-height-no e-con e-child\" data-id=\"d28a74e\" data-element_type=\"container\" data-e-type=\"container\">\n\t\t\t\t<div class=\"elementor-element elementor-element-0e55d8f elementor-widget__width-initial wpr-comment-reply-separate wpr-comment-reply-align-right elementor-widget elementor-widget-wpr-post-comments\" data-id=\"0e55d8f\" data-element_type=\"widget\" data-e-type=\"widget\" data-widget_type=\"wpr-post-comments.default\">\n\t\t\t\t<div class=\"elementor-widget-container\">\n\t\t\t\t\t<div class=\"wpr-comments-wrap\" id=\"comments\"><h3> 3 Comments<\/h3><ul class=\"wpr-comments-list\"><li id=\"comment-8910\" class=\"comment even thread-even depth-1\"><article class=\"wpr-post-comment elementor-clearfix\"><div class=\"wpr-comment-avatar\"><img alt='' src='https:\/\/secure.gravatar.com\/avatar\/ca07aa045d05d6be3198aa64afc21daaf8c05171911eff31fa6265f269752b90?s=60&#038;d=mm&#038;r=g' srcset='https:\/\/secure.gravatar.com\/avatar\/ca07aa045d05d6be3198aa64afc21daaf8c05171911eff31fa6265f269752b90?s=120&#038;d=mm&#038;r=g 2x' class='avatar avatar-60 photo' height='60' width='60' \/><\/div><div class=\"wpr-comment-meta\"><div class=\"wpr-comment-author\"><span>Yoohee<\/span><\/div><div class=\"wpr-comment-metadata elementor-clearfix\"><span>10 janvier 2026 at 0h40<\/span><\/div><\/div><div class=\"wpr-comment-content\"><p>Oh yeah !<br \/>\nEt c&rsquo;est tellement bon qu&rsquo;on en reprendrait une part ^^<\/p>\n<p>Moi aussi j&rsquo;adore quand les histoires sont un peu tordues ou sur le fil, je trouve que \u00e7a rend les personnages riches.<br \/>\nDu coup, comme on pouvait s&rsquo;en douter, j&rsquo;ai beaucoup aim\u00e9 ce BL !<br \/>\nTr\u00e8s bon choix de coup de c\u0153ur \u2764<\/p>\n<\/div><div class=\"wpr-comment-reply\"><a rel=\"nofollow\" class=\"comment-reply-link\" href=\"https:\/\/petitsblentreamis.fr\/?page_id=20055&#038;replytocom=8910#respond\" data-commentid=\"8910\" data-postid=\"20055\" data-belowelement=\"comment-8910\" data-respondelement=\"respond\" data-replyto=\"R\u00e9pondre \u00e0 Yoohee\" aria-label=\"R\u00e9pondre \u00e0 Yoohee\">R\u00e9pondre<\/a><\/div><\/article><\/li><\/li><!-- #comment-## -->\n<li id=\"comment-8736\" class=\"comment odd alt thread-odd thread-alt depth-1\"><article class=\"wpr-post-comment elementor-clearfix\"><div class=\"wpr-comment-avatar\"><img alt='' src='https:\/\/secure.gravatar.com\/avatar\/?s=60&#038;d=mm&#038;r=g' srcset='https:\/\/secure.gravatar.com\/avatar\/?s=120&#038;d=mm&#038;r=g 2x' class='avatar avatar-60 photo avatar-default' height='60' width='60' \/><\/div><div class=\"wpr-comment-meta\"><div class=\"wpr-comment-author\"><span>Louve<\/span><\/div><div class=\"wpr-comment-metadata elementor-clearfix\"><span>1 janvier 2026 at 15h29<\/span><\/div><\/div><div class=\"wpr-comment-content\"><p>Hello Merze,<br \/>\nJ&rsquo;aime beaucoup ton avis bien tranch\u00e9 par rapport \u00e0 ce qui est consid\u00e9r\u00e9 comme la s\u00e9rie \u00ab\u00a0comme il faut\u00a0\u00bb par les bien-pensants. Combien de fois me suis-je dit \u00ab\u00a0je vais juste la fermer car si je dis que j&rsquo;aime cette s\u00e9rie ou ce film alors que tout le monde la hue car les relations y sont tordues, toxiques ou m\u00eame violentes, on va me lyncher sur la place publique\u00a0\u00bb! Car oui, j&rsquo;appr\u00e9cie aussi les s\u00e9ries red flag.<br \/>\nComme tu dis, cela traite de la noirceur de l\u2019\u00e2me et de l\u2019\u00e9go\u00efsme de l\u2019amour et que c&rsquo;est une FICTION! Ces s\u00e9ries comportent des personnages avec un monde int\u00e9rieur complexe et profond, ce que j&rsquo;appr\u00e9cie car d\u00e9couvrir et comprendre le pourquoi rend le personnage plus r\u00e9aliste et apporte vraiment quelque chose de plus \u00e0 l&rsquo;histoire que des personnages superficiels, l\u00e9gers et \u00ab\u00a0bisounours\u00a0\u00bb (quoique j&rsquo;aime aussi parfois regarder des s\u00e9ries tr\u00e8s feelgood et mimi, faut pas croire que je suis tout \u00e0 fait d\u00e9traqu\u00e9e!). Mais bon, nous avons tous, apr\u00e8s tout, une part d&rsquo;ombre en nous et c&rsquo;est une belle fa\u00e7on, pour moi en tout cas, de prendre soin d&rsquo;elle \u262f\ufe0f<br \/>\nExcellente ann\u00e9e \u00e0 toi \ud83d\udcab et merci pour cette rubrique et la r\u00e9flexion qu&rsquo;elle soul\u00e8ve<\/p>\n<\/div><div class=\"wpr-comment-reply\"><a rel=\"nofollow\" class=\"comment-reply-link\" href=\"https:\/\/petitsblentreamis.fr\/?page_id=20055&#038;replytocom=8736#respond\" data-commentid=\"8736\" data-postid=\"20055\" data-belowelement=\"comment-8736\" data-respondelement=\"respond\" data-replyto=\"R\u00e9pondre \u00e0 Louve\" aria-label=\"R\u00e9pondre \u00e0 Louve\">R\u00e9pondre<\/a><\/div><\/article><\/li><\/li><!-- #comment-## -->\n<li id=\"comment-8725\" class=\"comment even thread-even depth-1\"><article class=\"wpr-post-comment elementor-clearfix\"><div class=\"wpr-comment-avatar\"><img alt='' src='https:\/\/secure.gravatar.com\/avatar\/776ff07500379e61b2dbe486688f02c6986e0cdb960211361529c6b5580b8357?s=60&#038;d=mm&#038;r=g' srcset='https:\/\/secure.gravatar.com\/avatar\/776ff07500379e61b2dbe486688f02c6986e0cdb960211361529c6b5580b8357?s=120&#038;d=mm&#038;r=g 2x' class='avatar avatar-60 photo' height='60' width='60' \/><\/div><div class=\"wpr-comment-meta\"><div class=\"wpr-comment-author\"><span>Mitchiko<\/span><\/div><div class=\"wpr-comment-metadata elementor-clearfix\"><span>1 janvier 2026 at 9h58<\/span><\/div><\/div><div class=\"wpr-comment-content\"><p>Coucou Merze, merci pour ce premier coup de coeur de l&rsquo;ann\u00e9e \ud83d\ude42 TharnType est un des premiers BLs tha\u00eflandais que j&rsquo;ai regard\u00e9 donc \u00e7a me fait plaisir que tu en parles. ^^ Les oeuvres de MAME sont effectivement r\u00e9guli\u00e8rement connot\u00e9es \u00ab\u00a0Red Flag\u00a0\u00bb, n\u00e9anmoins, ses personnages ont souvent une psychologie assez pouss\u00e9e et entretiennent des relations int\u00e9ressantes. Je trouve que c&rsquo;est le cas dans cette s\u00e9rie-ci, qui reste culte pour moi. J&rsquo;appr\u00e9cie beaucoup son OST aussi, je l&rsquo;\u00e9coute encore aujourd&rsquo;hui. \ud83d\ude42 Passe une tr\u00e8s belle ann\u00e9e et \u00e0 bient\u00f4t. Bises<\/p>\n<\/div><div class=\"wpr-comment-reply\"><a rel=\"nofollow\" class=\"comment-reply-link\" href=\"https:\/\/petitsblentreamis.fr\/?page_id=20055&#038;replytocom=8725#respond\" data-commentid=\"8725\" data-postid=\"20055\" data-belowelement=\"comment-8725\" data-respondelement=\"respond\" data-replyto=\"R\u00e9pondre \u00e0 Mitchiko\" aria-label=\"R\u00e9pondre \u00e0 Mitchiko\">R\u00e9pondre<\/a><\/div><\/article><\/li><\/li><!-- #comment-## -->\n<\/ul>\t<div id=\"respond\" class=\"comment-respond\">\n\t\t<h3 id=\"wpr-reply-title\" class=\"wpr-comment-reply-title\">Commentaires <small><a rel=\"nofollow\" id=\"cancel-comment-reply-link\" href=\"\/index.php?rest_route=%2Fwp%2Fv2%2Fpages%2F20055#respond\" style=\"display:none;\">Annuler la r\u00e9ponse<\/a><\/small><\/h3><form action=\"https:\/\/petitsblentreamis.fr\/wp-comments-post.php\" method=\"post\" id=\"wpr-comment-form\" class=\"wpr-comment-form wpr-cf-style-2\"><p class=\"comment-notes\"><span id=\"email-notes\">Votre adresse e-mail ne sera pas publi\u00e9e.<\/span> <span class=\"required-field-message\">Les champs obligatoires sont indiqu\u00e9s avec <span class=\"required\">*<\/span><\/span><\/p><div class=\"wpr-comment-form-text\"><label>Message<\/label><textarea name=\"comment\" placeholder=\"\" cols=\"45\" rows=\"8\" maxlength=\"65525\"><\/textarea><\/div><div class=\"wpr-comment-form-fields\"> <div class=\"wpr-comment-form-author\"><label>Name<\/label><input type=\"text\" name=\"author\" placeholder=\"\"\/><\/div>\n<div class=\"wpr-comment-form-email\"><label>Email<\/label><input type=\"text\" name=\"email\" placeholder=\"\"\/><\/div>\n<div class=\"wpr-comment-form-url\"><label>Website<\/label><input type=\"text\" name=\"url\" placeholder=\"\"\/><\/div><\/div>\n<p class=\"form-submit\"><input name=\"submit\" type=\"submit\" id=\"wpr-submit-comment\" class=\"wpr-submit-comment\" value=\"Envoyer\" \/> <input type='hidden' name='comment_post_ID' value='20055' id='comment_post_ID' \/>\n<input type='hidden' name='comment_parent' id='comment_parent' value='0' \/>\n<\/p><p style=\"display: none;\"><input type=\"hidden\" id=\"akismet_comment_nonce\" name=\"akismet_comment_nonce\" value=\"7a36ca631a\" \/><\/p><p style=\"display: none !important;\" class=\"akismet-fields-container\" data-prefix=\"ak_\"><label>&#916;<textarea name=\"ak_hp_textarea\" cols=\"45\" rows=\"8\" maxlength=\"100\"><\/textarea><\/label><input type=\"hidden\" id=\"ak_js_1\" name=\"ak_js\" value=\"1\"\/><script>\ndocument.getElementById( \"ak_js_1\" ).setAttribute( \"value\", ( new Date() ).getTime() );\n<\/script>\n<\/p><\/form>\t<\/div><!-- #respond -->\n\t<\/div>\t\t\t\t<\/div>\n\t\t\t\t<\/div>\n\t\t\t\t<\/div>\n\t\t\t\t<\/div>\n\t\t<div class=\"elementor-element elementor-element-8ff3c05 e-con-full e-flex wpr-particle-no wpr-jarallax-no wpr-parallax-no wpr-sticky-section-no wpr-equal-height-no e-con e-parent\" data-id=\"8ff3c05\" data-element_type=\"container\" data-e-type=\"container\">\n\t\t\t\t<div class=\"elementor-element elementor-element-b0710fb elementor-widget-divider--view-line elementor-widget elementor-widget-divider\" data-id=\"b0710fb\" data-element_type=\"widget\" data-e-type=\"widget\" data-widget_type=\"divider.default\">\n\t\t\t\t<div class=\"elementor-widget-container\">\n\t\t\t\t\t\t\t<div class=\"elementor-divider\">\n\t\t\t<span class=\"elementor-divider-separator\">\n\t\t\t\t\t\t<\/span>\n\t\t<\/div>\n\t\t\t\t\t\t<\/div>\n\t\t\t\t<\/div>\n\t\t\t\t<\/div>\n\t\t<div class=\"elementor-element elementor-element-b5b0359 e-con-full e-flex wpr-particle-no wpr-jarallax-no wpr-parallax-no wpr-sticky-section-no wpr-equal-height-no e-con e-parent\" data-id=\"b5b0359\" data-element_type=\"container\" data-e-type=\"container\">\n\t\t\t\t<div class=\"elementor-element elementor-element-f514a48 elementor-widget__width-initial elementor-widget elementor-widget-image\" data-id=\"f514a48\" data-element_type=\"widget\" data-e-type=\"widget\" data-widget_type=\"image.default\">\n\t\t\t\t<div class=\"elementor-widget-container\">\n\t\t\t\t\t\t\t\t\t\t\t\t<figure class=\"wp-caption\">\n\t\t\t\t\t\t\t\t\t\t<img decoding=\"async\" width=\"500\" height=\"227\" src=\"https:\/\/petitsblentreamis.fr\/wp-content\/uploads\/2025\/01\/462554376_2097741047309941_1421008707977699554_n.png\" class=\"attachment-large size-large wp-image-581\" alt=\"\" srcset=\"https:\/\/petitsblentreamis.fr\/wp-content\/uploads\/2025\/01\/462554376_2097741047309941_1421008707977699554_n.png 500w, https:\/\/petitsblentreamis.fr\/wp-content\/uploads\/2025\/01\/462554376_2097741047309941_1421008707977699554_n-300x136.png 300w\" sizes=\"(max-width: 500px) 100vw, 500px\" \/>\t\t\t\t\t\t\t\t\t\t\t<figcaption class=\"widget-image-caption wp-caption-text\"><\/figcaption>\n\t\t\t\t\t\t\t\t\t\t<\/figure>\n\t\t\t\t\t\t\t\t\t<\/div>\n\t\t\t\t<\/div>\n\t\t\t\t<\/div>\n\t\t<div class=\"elementor-element elementor-element-7f82839 e-con-full e-flex wpr-particle-no wpr-jarallax-no wpr-parallax-no wpr-sticky-section-no wpr-equal-height-no e-con e-child\" data-id=\"7f82839\" data-element_type=\"container\" data-e-type=\"container\">\n\t\t\t\t<div class=\"elementor-element elementor-element-ac719b2 elementor-widget elementor-widget-eael-creative-button\" data-id=\"ac719b2\" data-element_type=\"widget\" data-e-type=\"widget\" data-widget_type=\"eael-creative-button.default\">\n\t\t\t\t<div class=\"elementor-widget-container\">\n\t\t\t\t\t        <div class=\"eael-creative-button-wrapper\">\n\n            <a class=\"eael-creative-button eael-creative-button--ujarak eael-cb-icon-position-left\" href=\"https:\/\/petitsblentreamis.fr\/?page_id=6\" data-text=\"Retour \u00e0 l&#039;accueil\">\n            \t    \n                <div class=\"creative-button-inner\">\n\n                                            <span class=\"eael-creative-button-icon-left\"><svg aria-hidden=\"true\" class=\"e-font-icon-svg e-far-hand-point-left\" viewBox=\"0 0 512 512\" xmlns=\"http:\/\/www.w3.org\/2000\/svg\"><path d=\"M0 220.8C0 266.416 37.765 304 83.2 304h35.647a93.148 93.148 0 0 0 7.929 22.064c-2.507 22.006 3.503 44.978 15.985 62.791C143.9 441.342 180.159 480 242.701 480H264c60.063 0 98.512-40 127.2-40h2.679c5.747 4.952 13.536 8 22.12 8h64c17.673 0 32-12.894 32-28.8V188.8c0-15.906-14.327-28.8-32-28.8h-64c-8.584 0-16.373 3.048-22.12 8H391.2c-6.964 0-14.862-6.193-30.183-23.668l-.129-.148-.131-.146c-8.856-9.937-18.116-20.841-25.851-33.253C316.202 80.537 304.514 32 259.2 32c-56.928 0-92 35.286-92 83.2 0 8.026.814 15.489 2.176 22.4H83.2C38.101 137.6 0 175.701 0 220.8zm48 0c0-18.7 16.775-35.2 35.2-35.2h158.4c0-17.325-26.4-35.2-26.4-70.4 0-26.4 20.625-35.2 44-35.2 8.794 0 20.445 32.712 34.926 56.1 9.074 14.575 19.524 27.225 30.799 39.875 16.109 18.374 33.836 36.633 59.075 39.596v176.752C341.21 396.087 309.491 432 264 432h-21.299c-40.524 0-57.124-22.197-50.601-61.325-14.612-8.001-24.151-33.979-12.925-53.625-19.365-18.225-17.787-46.381-4.95-61.05H83.2C64.225 256 48 239.775 48 220.8zM448 360c13.255 0 24 10.745 24 24s-10.745 24-24 24-24-10.745-24-24 10.745-24 24-24z\"><\/path><\/svg><\/span>                    \n                    <span class=\"cretive-button-text\">Retour \u00e0 l'accueil<\/span>\n\n                                    <\/div>\n\t                        <\/a>\n        <\/div>\n        \t\t\t\t<\/div>\n\t\t\t\t<\/div>\n\t\t\t\t<\/div>\n\t\t\t\t<\/div>\n\t\t","protected":false},"excerpt":{"rendered":"<p>C&rsquo;est bon la honte ! Par Merze Cette semaine, et si vous vous laissiez tenter ? Vous avez d\u00e9j\u00e0 regard\u00e9 des s\u00e9ries, vous les avez ador\u00e9es et vous entendez par la horde des bien-pensants que cette s\u00e9rie est \u201ctoxique\u201d ? Eh bien vous savez quoi\u2026 C\u2019est bon la honte ! Oui, j\u2019adore les s\u00e9ries red flag\u2026 Et pourquoi, me demanderez-vous ? Eh bien parce que c\u2019est une fiction, qu\u2019elle traite de la noirceur de l\u2019\u00e2me et de l\u2019\u00e9go\u00efsme de l\u2019amour\u2026 Parce qu\u2019apr\u00e8s tout, \u201cJe t\u2019aime\u201d ne commence jamais que par \u201cJe\u201d Ahhh\u2026 La belle croyance de l\u2019amour qui sauve avec douceur et tendresse\u2026 Ah oui, vraiment ? Je n\u2019en suis pas si s\u00fbre\u2026 L\u2019amour sauve parce qu\u2019on se bat pour lui, et comme pour chaque bataille, les coups bas sont de mise. Alors me voil\u00e0 devant vous avec cet aveu qui n\u2019en est pas un pour ceux qui me connaissent\u2026 Je suis une fan inconditionnelle de TharnType Oui, pour moi, elle a \u00e9t\u00e9 une des s\u00e9ries qui m\u2019aura rendue addicts aux BL. Si vous ne connaissez pas, c\u2019est le moment de d\u00e9couvrir le monde tordu de Mame, l\u2019auteure du livre dont est tir\u00e9e la s\u00e9rie. C\u2019est un monde o\u00f9 un gars qui d\u00e9teste les gays se retrouve pour sa premi\u00e8re ann\u00e9e d\u2019universit\u00e9 en colocation avec le gay le plus sexy du campus ! Et l\u00e0, tout va aller de travers\u2026 Les coups bas, les moqueries, les abus, les souffrances, l\u2019\u00e9go\u00efsme\u2026 Le bouillon d\u2019\u00e9motions habituelles qui fait d\u2019une histoire somme toute banale un feu d\u2019artifice digne du nouvel an ! Alors \u00e0 savoir lequel des deux m\u00e9rite le plus le fameux drapeau rouge\u2026 \u00e7a, je vous laisse juge^^ Ce qui est certain en tout cas, c\u2019est qu\u2019ils nous entra\u00eenent dans les m\u00e9andres de leurs sentiments pour finir, comme il se doit, par s\u2019aimer avec toute l\u2019intensit\u00e9 qu\u2019ils auront montr\u00e9 pour se d\u00e9chirer. Donc rangez les cartons rouges et glissez dans la honte d\u2019aimer la violence de l\u2019amour ! Commentaires Annuler la r\u00e9ponse Connexion en tant que Merze. Modifier votre profil. Se d\u00e9connecter\u00a0? Les champs obligatoires sont indiqu\u00e9s avec * Message \u0394 Retour \u00e0 l&rsquo;accueil<\/p>\n","protected":false},"author":3,"featured_media":0,"parent":0,"menu_order":0,"comment_status":"open","ping_status":"closed","template":"","meta":{"footnotes":""},"class_list":["post-20055","page","type-page","status-publish","hentry"],"_links":{"self":[{"href":"https:\/\/petitsblentreamis.fr\/index.php?rest_route=\/wp\/v2\/pages\/20055","targetHints":{"allow":["GET"]}}],"collection":[{"href":"https:\/\/petitsblentreamis.fr\/index.php?rest_route=\/wp\/v2\/pages"}],"about":[{"href":"https:\/\/petitsblentreamis.fr\/index.php?rest_route=\/wp\/v2\/types\/page"}],"author":[{"embeddable":true,"href":"https:\/\/petitsblentreamis.fr\/index.php?rest_route=\/wp\/v2\/users\/3"}],"replies":[{"embeddable":true,"href":"https:\/\/petitsblentreamis.fr\/index.php?rest_route=%2Fwp%2Fv2%2Fcomments&post=20055"}],"version-history":[{"count":5,"href":"https:\/\/petitsblentreamis.fr\/index.php?rest_route=\/wp\/v2\/pages\/20055\/revisions"}],"predecessor-version":[{"id":20098,"href":"https:\/\/petitsblentreamis.fr\/index.php?rest_route=\/wp\/v2\/pages\/20055\/revisions\/20098"}],"wp:attachment":[{"href":"https:\/\/petitsblentreamis.fr\/index.php?rest_route=%2Fwp%2Fv2%2Fmedia&parent=20055"}],"curies":[{"name":"wp","href":"https:\/\/api.w.org\/{rel}","templated":true}]}}