{"id":19227,"date":"2025-12-20T15:40:30","date_gmt":"2025-12-20T14:40:30","guid":{"rendered":"https:\/\/petitsblentreamis.fr\/?page_id=19227"},"modified":"2025-12-20T15:40:30","modified_gmt":"2025-12-20T14:40:30","slug":"coup-de-coeur-the-boy-foretold-by-the-stars","status":"publish","type":"page","link":"https:\/\/petitsblentreamis.fr\/?page_id=19227","title":{"rendered":"Coup de c\u0153ur \u00ab\u00a0The Boy Foretold By The Stars \u00ab\u00a0"},"content":{"rendered":"\t\t<div data-elementor-type=\"wp-page\" data-elementor-id=\"19227\" class=\"elementor elementor-19227\">\n\t\t\t\t<div class=\"elementor-element elementor-element-59dee56 e-con-full e-flex wpr-particle-no wpr-jarallax-no wpr-parallax-no wpr-sticky-section-no wpr-equal-height-no e-con e-parent\" data-id=\"59dee56\" data-element_type=\"container\" data-e-type=\"container\">\n\t\t\t\t<div class=\"elementor-element elementor-element-b87b08b elementor-widget-divider--view-line elementor-widget elementor-widget-divider\" data-id=\"b87b08b\" data-element_type=\"widget\" data-e-type=\"widget\" data-widget_type=\"divider.default\">\n\t\t\t\t<div class=\"elementor-widget-container\">\n\t\t\t\t\t\t\t<div class=\"elementor-divider\">\n\t\t\t<span class=\"elementor-divider-separator\">\n\t\t\t\t\t\t<\/span>\n\t\t<\/div>\n\t\t\t\t\t\t<\/div>\n\t\t\t\t<\/div>\n\t\t\t\t<\/div>\n\t\t<div class=\"elementor-element elementor-element-d40fe36 e-con-full e-flex wpr-particle-no wpr-jarallax-no wpr-parallax-no wpr-sticky-section-no wpr-equal-height-no e-con e-parent\" data-id=\"d40fe36\" data-element_type=\"container\" data-e-type=\"container\">\n\t\t\t\t<div class=\"elementor-element elementor-element-412dd83 elementor-widget elementor-widget-heading\" data-id=\"412dd83\" data-element_type=\"widget\" data-e-type=\"widget\" data-widget_type=\"heading.default\">\n\t\t\t\t<div class=\"elementor-widget-container\">\n\t\t\t\t\t<h2 class=\"elementor-heading-title elementor-size-default\">The Boy Foretold By The Stars <\/h2>\t\t\t\t<\/div>\n\t\t\t\t<\/div>\n\t\t\t\t<\/div>\n\t\t<div class=\"elementor-element elementor-element-4a42adc e-con-full e-flex wpr-particle-no wpr-jarallax-no wpr-parallax-no wpr-sticky-section-no wpr-equal-height-no e-con e-parent\" data-id=\"4a42adc\" data-element_type=\"container\" data-e-type=\"container\">\n\t\t\t\t<div class=\"elementor-element elementor-element-39f4b0a elementor-widget__width-initial elementor-widget elementor-widget-heading\" data-id=\"39f4b0a\" data-element_type=\"widget\" data-e-type=\"widget\" data-widget_type=\"heading.default\">\n\t\t\t\t<div class=\"elementor-widget-container\">\n\t\t\t\t\t<h2 class=\"elementor-heading-title elementor-size-default\">Par Shaily<\/h2>\t\t\t\t<\/div>\n\t\t\t\t<\/div>\n\t\t\t\t<\/div>\n\t\t<div class=\"elementor-element elementor-element-38aa6b8 e-con-full e-flex wpr-particle-no wpr-jarallax-no wpr-parallax-no wpr-sticky-section-no wpr-equal-height-no e-con e-parent\" data-id=\"38aa6b8\" data-element_type=\"container\" data-e-type=\"container\">\n\t\t\t\t<div class=\"elementor-element elementor-element-dfc8b57 elementor-widget-divider--view-line elementor-widget elementor-widget-divider\" data-id=\"dfc8b57\" data-element_type=\"widget\" data-e-type=\"widget\" data-widget_type=\"divider.default\">\n\t\t\t\t<div class=\"elementor-widget-container\">\n\t\t\t\t\t\t\t<div class=\"elementor-divider\">\n\t\t\t<span class=\"elementor-divider-separator\">\n\t\t\t\t\t\t<\/span>\n\t\t<\/div>\n\t\t\t\t\t\t<\/div>\n\t\t\t\t<\/div>\n\t\t\t\t<\/div>\n\t\t<div class=\"elementor-element elementor-element-2a27e4c e-con-full e-flex wpr-particle-no wpr-jarallax-no wpr-parallax-no wpr-sticky-section-no wpr-equal-height-no e-con e-parent\" data-id=\"2a27e4c\" data-element_type=\"container\" data-e-type=\"container\">\n\t\t\t\t<div class=\"elementor-element elementor-element-a7dfa24 elementor-widget__width-initial elementor-widget elementor-widget-image\" data-id=\"a7dfa24\" data-element_type=\"widget\" data-e-type=\"widget\" data-widget_type=\"image.default\">\n\t\t\t\t<div class=\"elementor-widget-container\">\n\t\t\t\t\t\t\t\t\t\t\t\t\t\t\t<img fetchpriority=\"high\" decoding=\"async\" width=\"679\" height=\"900\" src=\"https:\/\/petitsblentreamis.fr\/wp-content\/uploads\/2025\/01\/My-boy-foretold-by-the-stars.png\" class=\"attachment-full size-full wp-image-286\" alt=\"\" srcset=\"https:\/\/petitsblentreamis.fr\/wp-content\/uploads\/2025\/01\/My-boy-foretold-by-the-stars.png 679w, https:\/\/petitsblentreamis.fr\/wp-content\/uploads\/2025\/01\/My-boy-foretold-by-the-stars-226x300.png 226w\" sizes=\"(max-width: 679px) 100vw, 679px\" \/>\t\t\t\t\t\t\t\t\t\t\t\t\t\t\t<\/div>\n\t\t\t\t<\/div>\n\t\t\t\t<\/div>\n\t\t<div class=\"elementor-element elementor-element-b17237d e-con-full e-flex wpr-particle-no wpr-jarallax-no wpr-parallax-no wpr-sticky-section-no wpr-equal-height-no e-con e-parent\" data-id=\"b17237d\" data-element_type=\"container\" data-e-type=\"container\">\n\t\t\t\t<div class=\"elementor-element elementor-element-979230d elementor-widget-divider--view-line elementor-widget elementor-widget-divider\" data-id=\"979230d\" data-element_type=\"widget\" data-e-type=\"widget\" data-widget_type=\"divider.default\">\n\t\t\t\t<div class=\"elementor-widget-container\">\n\t\t\t\t\t\t\t<div class=\"elementor-divider\">\n\t\t\t<span class=\"elementor-divider-separator\">\n\t\t\t\t\t\t<\/span>\n\t\t<\/div>\n\t\t\t\t\t\t<\/div>\n\t\t\t\t<\/div>\n\t\t\t\t<\/div>\n\t\t<div class=\"elementor-element elementor-element-dcf3db9 e-con-full e-flex wpr-particle-no wpr-jarallax-no wpr-parallax-no wpr-sticky-section-no wpr-equal-height-no e-con e-parent\" data-id=\"dcf3db9\" data-element_type=\"container\" data-e-type=\"container\">\n\t\t\t\t<div class=\"elementor-element elementor-element-1345bda elementor-widget__width-initial elementor-widget elementor-widget-text-editor\" data-id=\"1345bda\" data-element_type=\"widget\" data-e-type=\"widget\" data-widget_type=\"text-editor.default\">\n\t\t\t\t<div class=\"elementor-widget-container\">\n\t\t\t\t\t\t\t\t\t<p style=\"text-align: center;\"><strong>Cette semaine, et si vous vous laissiez tenter ?<\/strong><\/p><p>\u00a0<\/p><p align=\"JUSTIFY\">Parfois, un film ne se contente pas d\u2019\u00eatre regard\u00e9 : il se ressent. <em><b>The Boy Foretold By The Stars<\/b><\/em> fait partie de ces \u0153uvres discr\u00e8tes qui s\u2019invitent silencieusement dans le c\u0153ur et y demeurent longtemps. D\u00e9pourvu d\u2019artifices ou d\u2019\u00e9clats spectaculaires, il avance avec retenue, port\u00e9 par la sinc\u00e9rit\u00e9 de ses \u00e9motions et la po\u00e9sie de ses silences.<\/p><p>Certains films prennent doucement place en nous, et celui-ci en est un exemple parfait. Sa force ne r\u00e9side ni dans des rebondissements improbables ni dans des effets tape-\u00e0-l\u2019\u0153il, mais dans la finesse de ses gestes et la justesse de ses regards. Chaque sourire, chaque h\u00e9sitation semble charg\u00e9 d\u2019une v\u00e9rit\u00e9 simple, presque fragile, qu\u2019il est impossible d\u2019ignorer.<\/p><p align=\"JUSTIFY\">L\u2019histoire suit deux jeunes \u00e9tudiants dont les chemins se croisent de mani\u00e8re inattendue. Entre rencontres impr\u00e9vues et moments de complicit\u00e9, leur lien se d\u00e9veloppe avec une douceur qui donne envie de retenir son souffle. On tremble avec eux, on esp\u00e8re avec eux, partageant chaque doute et chaque \u00e9clat de bonheur comme si c\u2019\u00e9tait le n\u00f4tre.<\/p><p align=\"JUSTIFY\">Ce qui m\u2019a profond\u00e9ment \u00e9mue, c\u2019est la mani\u00e8re dont le film raconte l\u2019amour. Il y a une fragilit\u00e9 po\u00e9tique dans la rencontre des personnages, une beaut\u00e9 discr\u00e8te dans la fa\u00e7on dont leur relation se tisse, pas \u00e0 pas. On sent que chaque instant compte, que chaque geste a du poids, et que, s\u2019il existe un destin, c\u2019est finalement le c\u0153ur qui d\u00e9cide.<\/p><p align=\"JUSTIFY\">Cette \u0153uvre m\u2019a boulevers\u00e9e. Elle m\u2019a fait sourire tout en me coupant le souffle. Je l\u2019ai regard\u00e9 \u00e0 de nombreuses reprises, toujours avec la m\u00eame \u00e9motion, comme on relit un livre que l&rsquo;on adore ou comme on l\u00e8ve les yeux vers le ciel dans l\u2019espoir d\u2019apercevoir une \u00e9toile filante.<\/p><p align=\"JUSTIFY\"><em><b>The Boy Foretold By The Stars<\/b><\/em> est plus qu\u2019une romance : c\u2019est un petit bijou qui parle doucement \u00e0 celles et ceux qui savent \u00e9couter. Et m\u00eame si son histoire est simple, elle persiste longtemps apr\u00e8s le g\u00e9n\u00e9rique, dans les pens\u00e9es, dans le c\u0153ur, et dans ce d\u00e9sir intime de croire que la magie d\u2019une rencontre peut arriver \u00e0 chacun de nous.<br \/><br \/><\/p>\t\t\t\t\t\t\t\t<\/div>\n\t\t\t\t<\/div>\n\t\t\t\t<\/div>\n\t\t<div class=\"elementor-element elementor-element-cea7836 e-con-full e-flex wpr-particle-no wpr-jarallax-no wpr-parallax-no wpr-sticky-section-no wpr-equal-height-no e-con e-parent\" data-id=\"cea7836\" data-element_type=\"container\" data-e-type=\"container\">\n\t\t\t\t<div class=\"elementor-element elementor-element-ae0ccc6 elementor-widget-divider--view-line elementor-widget elementor-widget-divider\" data-id=\"ae0ccc6\" data-element_type=\"widget\" data-e-type=\"widget\" data-widget_type=\"divider.default\">\n\t\t\t\t<div class=\"elementor-widget-container\">\n\t\t\t\t\t\t\t<div class=\"elementor-divider\">\n\t\t\t<span class=\"elementor-divider-separator\">\n\t\t\t\t\t\t<\/span>\n\t\t<\/div>\n\t\t\t\t\t\t<\/div>\n\t\t\t\t<\/div>\n\t\t\t\t<\/div>\n\t\t<div class=\"elementor-element elementor-element-b41d199 e-con-full e-flex wpr-particle-no wpr-jarallax-no wpr-parallax-no wpr-sticky-section-no wpr-equal-height-no e-con e-parent\" data-id=\"b41d199\" data-element_type=\"container\" data-e-type=\"container\">\n\t\t<div class=\"elementor-element elementor-element-d28a74e e-con-full e-flex wpr-particle-no wpr-jarallax-no wpr-parallax-no wpr-sticky-section-no wpr-equal-height-no e-con e-child\" data-id=\"d28a74e\" data-element_type=\"container\" data-e-type=\"container\">\n\t\t\t\t<div class=\"elementor-element elementor-element-0e55d8f elementor-widget__width-initial wpr-comment-reply-separate wpr-comment-reply-align-right elementor-widget elementor-widget-wpr-post-comments\" data-id=\"0e55d8f\" data-element_type=\"widget\" data-e-type=\"widget\" data-widget_type=\"wpr-post-comments.default\">\n\t\t\t\t<div class=\"elementor-widget-container\">\n\t\t\t\t\t<div class=\"wpr-comments-wrap\" id=\"comments\"><h3> 2 Comments<\/h3><ul class=\"wpr-comments-list\"><li id=\"comment-8431\" class=\"comment even thread-even depth-1\"><article class=\"wpr-post-comment elementor-clearfix\"><div class=\"wpr-comment-avatar\"><img alt='' src='https:\/\/secure.gravatar.com\/avatar\/776ff07500379e61b2dbe486688f02c6986e0cdb960211361529c6b5580b8357?s=60&#038;d=mm&#038;r=g' srcset='https:\/\/secure.gravatar.com\/avatar\/776ff07500379e61b2dbe486688f02c6986e0cdb960211361529c6b5580b8357?s=120&#038;d=mm&#038;r=g 2x' class='avatar avatar-60 photo' height='60' width='60' \/><\/div><div class=\"wpr-comment-meta\"><div class=\"wpr-comment-author\"><span>Mitchiko<\/span><\/div><div class=\"wpr-comment-metadata elementor-clearfix\"><span>20 d\u00e9cembre 2025 at 16h03<\/span><\/div><\/div><div class=\"wpr-comment-content\"><p>Coucou Shaily \ud83d\ude42 merci pour cette recommandation. Je connaissais ce film simplement de nom, de mon c\u00f4t\u00e9, et j&rsquo;avais d\u00e9j\u00e0 vu le poster\/des images teaser, mais c&rsquo;est tout. En tout cas, la mani\u00e8re dont tu en parles, comme d&rsquo;une oeuvre douce et po\u00e9tique, me fait penser que l&rsquo;ambiance et le style pourraient me plaire. ^^ Je me note le titre dans un coin pour tester ce film \u00e0 l&rsquo;occasion. Passe un bon week-end et une bonne fin d&rsquo;ann\u00e9e. \ud83d\ude42 A la prochaine. Bises<\/p>\n<\/div><div class=\"wpr-comment-reply\"><a rel=\"nofollow\" class=\"comment-reply-link\" href=\"https:\/\/petitsblentreamis.fr\/?page_id=19227&#038;replytocom=8431#respond\" data-commentid=\"8431\" data-postid=\"19227\" data-belowelement=\"comment-8431\" data-respondelement=\"respond\" data-replyto=\"R\u00e9pondre \u00e0 Mitchiko\" aria-label=\"R\u00e9pondre \u00e0 Mitchiko\">R\u00e9pondre<\/a><\/div><\/article><\/li><ul class=\"children\">\n<li id=\"comment-8433\" class=\"comment byuser comment-author-shaily bypostauthor odd alt depth-2\"><article class=\"wpr-post-comment elementor-clearfix\"><div class=\"wpr-comment-avatar\"><img alt='' src='https:\/\/secure.gravatar.com\/avatar\/daccf59177b521c6f6975397f0284f0636eae9c0e513e553f04b60fe7f755db0?s=60&#038;d=mm&#038;r=g' srcset='https:\/\/secure.gravatar.com\/avatar\/daccf59177b521c6f6975397f0284f0636eae9c0e513e553f04b60fe7f755db0?s=120&#038;d=mm&#038;r=g 2x' class='avatar avatar-60 photo' height='60' width='60' \/><\/div><div class=\"wpr-comment-meta\"><div class=\"wpr-comment-author\"><span>Shaily<\/span><\/div><div class=\"wpr-comment-metadata elementor-clearfix\"><span>20 d\u00e9cembre 2025 at 16h49<\/span><\/div><\/div><div class=\"wpr-comment-content\"><p>Coucou Mitchiko^^<\/p>\n<p>Je suis contente que \u00e7a t\u2019ait donn\u00e9 envie de le visionner.<\/p>\n<p>Le film explore aussi la religion&#8230; les Philippins sont tr\u00e8s croyants&#8230;<br \/>\net c\u2019est int\u00e9ressant de voir comment il aborde le lien entre foi et homosexualit\u00e9, avec beaucoup de bienveillance et sans jamais \u00eatre lourd.<\/p>\n<p>On retrouve \u00e9galement tout l\u2019univers de la cartomancie, des pr\u00e9dictions et du destin, qui apporte une touche mystique et culturelle tr\u00e8s pr\u00e9sente.<br \/>\nEt bien s\u00fbr, il y a de magnifiques amiti\u00e9s, des personnages attachants et beaucoup d\u2019humour, ce qui \u00e9quilibre parfaitement les th\u00e8mes plus sensibles.<\/p>\n<p>J\u2019esp\u00e8re vraiment que tu prendras plaisir \u00e0 le d\u00e9couvrir d\u00e8s que l\u2019occasion se pr\u00e9sentera.<br \/>\nJe te souhaite un tr\u00e8s bon week-end et une excellente fin d\u2019ann\u00e9e.<br \/>\n\u00c0 tr\u00e8s bient\u00f4t,<br \/>\nBibis<\/p>\n<\/div><div class=\"wpr-comment-reply\"><a rel=\"nofollow\" class=\"comment-reply-link\" href=\"https:\/\/petitsblentreamis.fr\/?page_id=19227&#038;replytocom=8433#respond\" data-commentid=\"8433\" data-postid=\"19227\" data-belowelement=\"comment-8433\" data-respondelement=\"respond\" data-replyto=\"R\u00e9pondre \u00e0 Shaily\" aria-label=\"R\u00e9pondre \u00e0 Shaily\">R\u00e9pondre<\/a><\/div><\/article><\/li><\/li><!-- #comment-## -->\n<\/ul><!-- .children -->\n<\/li><!-- #comment-## -->\n<\/ul>\t<div id=\"respond\" class=\"comment-respond\">\n\t\t<h3 id=\"wpr-reply-title\" class=\"wpr-comment-reply-title\">Commentaires <small><a rel=\"nofollow\" id=\"cancel-comment-reply-link\" href=\"\/index.php?rest_route=%2Fwp%2Fv2%2Fpages%2F19227#respond\" style=\"display:none;\">Annuler la r\u00e9ponse<\/a><\/small><\/h3><form action=\"https:\/\/petitsblentreamis.fr\/wp-comments-post.php\" method=\"post\" id=\"wpr-comment-form\" class=\"wpr-comment-form wpr-cf-style-2\"><p class=\"comment-notes\"><span id=\"email-notes\">Votre adresse e-mail ne sera pas publi\u00e9e.<\/span> <span class=\"required-field-message\">Les champs obligatoires sont indiqu\u00e9s avec <span class=\"required\">*<\/span><\/span><\/p><div class=\"wpr-comment-form-text\"><label>Message<\/label><textarea name=\"comment\" placeholder=\"\" cols=\"45\" rows=\"8\" maxlength=\"65525\"><\/textarea><\/div><div class=\"wpr-comment-form-fields\"> <div class=\"wpr-comment-form-author\"><label>Name<\/label><input type=\"text\" name=\"author\" placeholder=\"\"\/><\/div>\n<div class=\"wpr-comment-form-email\"><label>Email<\/label><input type=\"text\" name=\"email\" placeholder=\"\"\/><\/div>\n<div class=\"wpr-comment-form-url\"><label>Website<\/label><input type=\"text\" name=\"url\" placeholder=\"\"\/><\/div><\/div>\n<p class=\"form-submit\"><input name=\"submit\" type=\"submit\" id=\"wpr-submit-comment\" class=\"wpr-submit-comment\" value=\"Envoyer\" \/> <input type='hidden' name='comment_post_ID' value='19227' id='comment_post_ID' \/>\n<input type='hidden' name='comment_parent' id='comment_parent' value='0' \/>\n<\/p><p style=\"display: none;\"><input type=\"hidden\" id=\"akismet_comment_nonce\" name=\"akismet_comment_nonce\" value=\"48531daff6\" \/><\/p><p style=\"display: none !important;\" class=\"akismet-fields-container\" data-prefix=\"ak_\"><label>&#916;<textarea name=\"ak_hp_textarea\" cols=\"45\" rows=\"8\" maxlength=\"100\"><\/textarea><\/label><input type=\"hidden\" id=\"ak_js_1\" name=\"ak_js\" value=\"118\"\/><script>\ndocument.getElementById( \"ak_js_1\" ).setAttribute( \"value\", ( new Date() ).getTime() );\n<\/script>\n<\/p><\/form>\t<\/div><!-- #respond -->\n\t<\/div>\t\t\t\t<\/div>\n\t\t\t\t<\/div>\n\t\t\t\t<\/div>\n\t\t\t\t<\/div>\n\t\t<div class=\"elementor-element elementor-element-8ff3c05 e-con-full e-flex wpr-particle-no wpr-jarallax-no wpr-parallax-no wpr-sticky-section-no wpr-equal-height-no e-con e-parent\" data-id=\"8ff3c05\" data-element_type=\"container\" data-e-type=\"container\">\n\t\t\t\t<div class=\"elementor-element elementor-element-b0710fb elementor-widget-divider--view-line elementor-widget elementor-widget-divider\" data-id=\"b0710fb\" data-element_type=\"widget\" data-e-type=\"widget\" data-widget_type=\"divider.default\">\n\t\t\t\t<div class=\"elementor-widget-container\">\n\t\t\t\t\t\t\t<div class=\"elementor-divider\">\n\t\t\t<span class=\"elementor-divider-separator\">\n\t\t\t\t\t\t<\/span>\n\t\t<\/div>\n\t\t\t\t\t\t<\/div>\n\t\t\t\t<\/div>\n\t\t\t\t<\/div>\n\t\t<div class=\"elementor-element elementor-element-b5b0359 e-con-full e-flex wpr-particle-no wpr-jarallax-no wpr-parallax-no wpr-sticky-section-no wpr-equal-height-no e-con e-parent\" data-id=\"b5b0359\" data-element_type=\"container\" data-e-type=\"container\">\n\t\t\t\t<div class=\"elementor-element elementor-element-f514a48 elementor-widget__width-initial elementor-widget elementor-widget-image\" data-id=\"f514a48\" data-element_type=\"widget\" data-e-type=\"widget\" data-widget_type=\"image.default\">\n\t\t\t\t<div class=\"elementor-widget-container\">\n\t\t\t\t\t\t\t\t\t\t\t\t<figure class=\"wp-caption\">\n\t\t\t\t\t\t\t\t\t\t<img decoding=\"async\" width=\"500\" height=\"227\" src=\"https:\/\/petitsblentreamis.fr\/wp-content\/uploads\/2025\/01\/462554376_2097741047309941_1421008707977699554_n.png\" class=\"attachment-large size-large wp-image-581\" alt=\"\" srcset=\"https:\/\/petitsblentreamis.fr\/wp-content\/uploads\/2025\/01\/462554376_2097741047309941_1421008707977699554_n.png 500w, https:\/\/petitsblentreamis.fr\/wp-content\/uploads\/2025\/01\/462554376_2097741047309941_1421008707977699554_n-300x136.png 300w\" sizes=\"(max-width: 500px) 100vw, 500px\" \/>\t\t\t\t\t\t\t\t\t\t\t<figcaption class=\"widget-image-caption wp-caption-text\"><\/figcaption>\n\t\t\t\t\t\t\t\t\t\t<\/figure>\n\t\t\t\t\t\t\t\t\t<\/div>\n\t\t\t\t<\/div>\n\t\t\t\t<\/div>\n\t\t<div class=\"elementor-element elementor-element-7f82839 e-con-full e-flex wpr-particle-no wpr-jarallax-no wpr-parallax-no wpr-sticky-section-no wpr-equal-height-no e-con e-child\" data-id=\"7f82839\" data-element_type=\"container\" data-e-type=\"container\">\n\t\t\t\t<div class=\"elementor-element elementor-element-ac719b2 elementor-widget elementor-widget-eael-creative-button\" data-id=\"ac719b2\" data-element_type=\"widget\" data-e-type=\"widget\" data-widget_type=\"eael-creative-button.default\">\n\t\t\t\t<div class=\"elementor-widget-container\">\n\t\t\t\t\t        <div class=\"eael-creative-button-wrapper\">\n\n            <a class=\"eael-creative-button eael-creative-button--ujarak eael-cb-icon-position-left\" href=\"https:\/\/petitsblentreamis.fr\/?page_id=6\" data-text=\"Retour \u00e0 l&#039;accueil\">\n            \t    \n                <div class=\"creative-button-inner\">\n\n                                            <span class=\"eael-creative-button-icon-left\"><svg aria-hidden=\"true\" class=\"e-font-icon-svg e-far-hand-point-left\" viewBox=\"0 0 512 512\" xmlns=\"http:\/\/www.w3.org\/2000\/svg\"><path d=\"M0 220.8C0 266.416 37.765 304 83.2 304h35.647a93.148 93.148 0 0 0 7.929 22.064c-2.507 22.006 3.503 44.978 15.985 62.791C143.9 441.342 180.159 480 242.701 480H264c60.063 0 98.512-40 127.2-40h2.679c5.747 4.952 13.536 8 22.12 8h64c17.673 0 32-12.894 32-28.8V188.8c0-15.906-14.327-28.8-32-28.8h-64c-8.584 0-16.373 3.048-22.12 8H391.2c-6.964 0-14.862-6.193-30.183-23.668l-.129-.148-.131-.146c-8.856-9.937-18.116-20.841-25.851-33.253C316.202 80.537 304.514 32 259.2 32c-56.928 0-92 35.286-92 83.2 0 8.026.814 15.489 2.176 22.4H83.2C38.101 137.6 0 175.701 0 220.8zm48 0c0-18.7 16.775-35.2 35.2-35.2h158.4c0-17.325-26.4-35.2-26.4-70.4 0-26.4 20.625-35.2 44-35.2 8.794 0 20.445 32.712 34.926 56.1 9.074 14.575 19.524 27.225 30.799 39.875 16.109 18.374 33.836 36.633 59.075 39.596v176.752C341.21 396.087 309.491 432 264 432h-21.299c-40.524 0-57.124-22.197-50.601-61.325-14.612-8.001-24.151-33.979-12.925-53.625-19.365-18.225-17.787-46.381-4.95-61.05H83.2C64.225 256 48 239.775 48 220.8zM448 360c13.255 0 24 10.745 24 24s-10.745 24-24 24-24-10.745-24-24 10.745-24 24-24z\"><\/path><\/svg><\/span>                    \n                    <span class=\"cretive-button-text\">Retour \u00e0 l'accueil<\/span>\n\n                                    <\/div>\n\t                        <\/a>\n        <\/div>\n        \t\t\t\t<\/div>\n\t\t\t\t<\/div>\n\t\t\t\t<\/div>\n\t\t\t\t<\/div>\n\t\t","protected":false},"excerpt":{"rendered":"<p>The Boy Foretold By The Stars Par Shaily Cette semaine, et si vous vous laissiez tenter ? Parfois, un film ne se contente pas d\u2019\u00eatre regard\u00e9 : il se ressent. The Boy Foretold By The Stars fait partie de ces \u0153uvres discr\u00e8tes qui s\u2019invitent silencieusement dans le c\u0153ur et y demeurent longtemps. D\u00e9pourvu d\u2019artifices ou d\u2019\u00e9clats spectaculaires, il avance avec retenue, port\u00e9 par la sinc\u00e9rit\u00e9 de ses \u00e9motions et la po\u00e9sie de ses silences. Certains films prennent doucement place en nous, et celui-ci en est un exemple parfait. Sa force ne r\u00e9side ni dans des rebondissements improbables ni dans des effets tape-\u00e0-l\u2019\u0153il, mais dans la finesse de ses gestes et la justesse de ses regards. Chaque sourire, chaque h\u00e9sitation semble charg\u00e9 d\u2019une v\u00e9rit\u00e9 simple, presque fragile, qu\u2019il est impossible d\u2019ignorer. L\u2019histoire suit deux jeunes \u00e9tudiants dont les chemins se croisent de mani\u00e8re inattendue. Entre rencontres impr\u00e9vues et moments de complicit\u00e9, leur lien se d\u00e9veloppe avec une douceur qui donne envie de retenir son souffle. On tremble avec eux, on esp\u00e8re avec eux, partageant chaque doute et chaque \u00e9clat de bonheur comme si c\u2019\u00e9tait le n\u00f4tre. Ce qui m\u2019a profond\u00e9ment \u00e9mue, c\u2019est la mani\u00e8re dont le film raconte l\u2019amour. Il y a une fragilit\u00e9 po\u00e9tique dans la rencontre des personnages, une beaut\u00e9 discr\u00e8te dans la fa\u00e7on dont leur relation se tisse, pas \u00e0 pas. On sent que chaque instant compte, que chaque geste a du poids, et que, s\u2019il existe un destin, c\u2019est finalement le c\u0153ur qui d\u00e9cide. Cette \u0153uvre m\u2019a boulevers\u00e9e. Elle m\u2019a fait sourire tout en me coupant le souffle. Je l\u2019ai regard\u00e9 \u00e0 de nombreuses reprises, toujours avec la m\u00eame \u00e9motion, comme on relit un livre que l&rsquo;on adore ou comme on l\u00e8ve les yeux vers le ciel dans l\u2019espoir d\u2019apercevoir une \u00e9toile filante. The Boy Foretold By The Stars est plus qu\u2019une romance : c\u2019est un petit bijou qui parle doucement \u00e0 celles et ceux qui savent \u00e9couter. Et m\u00eame si son histoire est simple, elle persiste longtemps apr\u00e8s le g\u00e9n\u00e9rique, dans les pens\u00e9es, dans le c\u0153ur, et dans ce d\u00e9sir intime de croire que la magie d\u2019une rencontre peut arriver \u00e0 chacun de nous. Commentaires Annuler la r\u00e9ponse Connexion en tant que Shaily. Modifier votre profil. Se d\u00e9connecter\u00a0? Les champs obligatoires sont indiqu\u00e9s avec * Message \u0394 Retour \u00e0 l&rsquo;accueil<\/p>\n","protected":false},"author":2,"featured_media":0,"parent":0,"menu_order":0,"comment_status":"open","ping_status":"closed","template":"","meta":{"footnotes":""},"class_list":["post-19227","page","type-page","status-publish","hentry"],"_links":{"self":[{"href":"https:\/\/petitsblentreamis.fr\/index.php?rest_route=\/wp\/v2\/pages\/19227","targetHints":{"allow":["GET"]}}],"collection":[{"href":"https:\/\/petitsblentreamis.fr\/index.php?rest_route=\/wp\/v2\/pages"}],"about":[{"href":"https:\/\/petitsblentreamis.fr\/index.php?rest_route=\/wp\/v2\/types\/page"}],"author":[{"embeddable":true,"href":"https:\/\/petitsblentreamis.fr\/index.php?rest_route=\/wp\/v2\/users\/2"}],"replies":[{"embeddable":true,"href":"https:\/\/petitsblentreamis.fr\/index.php?rest_route=%2Fwp%2Fv2%2Fcomments&post=19227"}],"version-history":[{"count":5,"href":"https:\/\/petitsblentreamis.fr\/index.php?rest_route=\/wp\/v2\/pages\/19227\/revisions"}],"predecessor-version":[{"id":19340,"href":"https:\/\/petitsblentreamis.fr\/index.php?rest_route=\/wp\/v2\/pages\/19227\/revisions\/19340"}],"wp:attachment":[{"href":"https:\/\/petitsblentreamis.fr\/index.php?rest_route=%2Fwp%2Fv2%2Fmedia&parent=19227"}],"curies":[{"name":"wp","href":"https:\/\/api.w.org\/{rel}","templated":true}]}}