{"id":18909,"date":"2025-12-06T18:47:10","date_gmt":"2025-12-06T17:47:10","guid":{"rendered":"https:\/\/petitsblentreamis.fr\/?page_id=18909"},"modified":"2025-12-06T18:47:10","modified_gmt":"2025-12-06T17:47:10","slug":"coup-de-coeur-secret-crush-on-you","status":"publish","type":"page","link":"https:\/\/petitsblentreamis.fr\/?page_id=18909","title":{"rendered":"Coup de c\u0153ur \u00ab\u00a0Secret Crush On You\u00a0\u00bb"},"content":{"rendered":"\t\t<div data-elementor-type=\"wp-page\" data-elementor-id=\"18909\" class=\"elementor elementor-18909\">\n\t\t\t\t<div class=\"elementor-element elementor-element-59dee56 e-con-full e-flex wpr-particle-no wpr-jarallax-no wpr-parallax-no wpr-sticky-section-no wpr-equal-height-no e-con e-parent\" data-id=\"59dee56\" data-element_type=\"container\" data-e-type=\"container\">\n\t\t\t\t<div class=\"elementor-element elementor-element-b87b08b elementor-widget-divider--view-line elementor-widget elementor-widget-divider\" data-id=\"b87b08b\" data-element_type=\"widget\" data-e-type=\"widget\" data-widget_type=\"divider.default\">\n\t\t\t\t<div class=\"elementor-widget-container\">\n\t\t\t\t\t\t\t<div class=\"elementor-divider\">\n\t\t\t<span class=\"elementor-divider-separator\">\n\t\t\t\t\t\t<\/span>\n\t\t<\/div>\n\t\t\t\t\t\t<\/div>\n\t\t\t\t<\/div>\n\t\t\t\t<\/div>\n\t\t<div class=\"elementor-element elementor-element-d40fe36 e-con-full e-flex wpr-particle-no wpr-jarallax-no wpr-parallax-no wpr-sticky-section-no wpr-equal-height-no e-con e-parent\" data-id=\"d40fe36\" data-element_type=\"container\" data-e-type=\"container\">\n\t\t\t\t<div class=\"elementor-element elementor-element-412dd83 elementor-widget elementor-widget-heading\" data-id=\"412dd83\" data-element_type=\"widget\" data-e-type=\"widget\" data-widget_type=\"heading.default\">\n\t\t\t\t<div class=\"elementor-widget-container\">\n\t\t\t\t\t<h2 class=\"elementor-heading-title elementor-size-default\">Secret Crush On You<\/h2>\t\t\t\t<\/div>\n\t\t\t\t<\/div>\n\t\t\t\t<\/div>\n\t\t<div class=\"elementor-element elementor-element-4a42adc e-con-full e-flex wpr-particle-no wpr-jarallax-no wpr-parallax-no wpr-sticky-section-no wpr-equal-height-no e-con e-parent\" data-id=\"4a42adc\" data-element_type=\"container\" data-e-type=\"container\">\n\t\t\t\t<div class=\"elementor-element elementor-element-39f4b0a elementor-widget__width-initial elementor-widget elementor-widget-heading\" data-id=\"39f4b0a\" data-element_type=\"widget\" data-e-type=\"widget\" data-widget_type=\"heading.default\">\n\t\t\t\t<div class=\"elementor-widget-container\">\n\t\t\t\t\t<h2 class=\"elementor-heading-title elementor-size-default\">Par Yoohee<\/h2>\t\t\t\t<\/div>\n\t\t\t\t<\/div>\n\t\t\t\t<\/div>\n\t\t<div class=\"elementor-element elementor-element-38aa6b8 e-con-full e-flex wpr-particle-no wpr-jarallax-no wpr-parallax-no wpr-sticky-section-no wpr-equal-height-no e-con e-parent\" data-id=\"38aa6b8\" data-element_type=\"container\" data-e-type=\"container\">\n\t\t\t\t<div class=\"elementor-element elementor-element-dfc8b57 elementor-widget-divider--view-line elementor-widget elementor-widget-divider\" data-id=\"dfc8b57\" data-element_type=\"widget\" data-e-type=\"widget\" data-widget_type=\"divider.default\">\n\t\t\t\t<div class=\"elementor-widget-container\">\n\t\t\t\t\t\t\t<div class=\"elementor-divider\">\n\t\t\t<span class=\"elementor-divider-separator\">\n\t\t\t\t\t\t<\/span>\n\t\t<\/div>\n\t\t\t\t\t\t<\/div>\n\t\t\t\t<\/div>\n\t\t\t\t<\/div>\n\t\t<div class=\"elementor-element elementor-element-2a27e4c e-con-full e-flex wpr-particle-no wpr-jarallax-no wpr-parallax-no wpr-sticky-section-no wpr-equal-height-no e-con e-parent\" data-id=\"2a27e4c\" data-element_type=\"container\" data-e-type=\"container\">\n\t\t\t\t<div class=\"elementor-element elementor-element-a7dfa24 elementor-widget__width-initial elementor-widget elementor-widget-image\" data-id=\"a7dfa24\" data-element_type=\"widget\" data-e-type=\"widget\" data-widget_type=\"image.default\">\n\t\t\t\t<div class=\"elementor-widget-container\">\n\t\t\t\t\t\t\t\t\t\t\t\t\t\t\t<img decoding=\"async\" src=\"https:\/\/petitsblentreamis.fr\/wp-content\/uploads\/2025\/01\/SECRET-CRUSH-ON-YOU.jpg\" title=\"\" alt=\"\" loading=\"lazy\" \/>\t\t\t\t\t\t\t\t\t\t\t\t\t\t\t<\/div>\n\t\t\t\t<\/div>\n\t\t\t\t<\/div>\n\t\t<div class=\"elementor-element elementor-element-b17237d e-con-full e-flex wpr-particle-no wpr-jarallax-no wpr-parallax-no wpr-sticky-section-no wpr-equal-height-no e-con e-parent\" data-id=\"b17237d\" data-element_type=\"container\" data-e-type=\"container\">\n\t\t\t\t<div class=\"elementor-element elementor-element-979230d elementor-widget-divider--view-line elementor-widget elementor-widget-divider\" data-id=\"979230d\" data-element_type=\"widget\" data-e-type=\"widget\" data-widget_type=\"divider.default\">\n\t\t\t\t<div class=\"elementor-widget-container\">\n\t\t\t\t\t\t\t<div class=\"elementor-divider\">\n\t\t\t<span class=\"elementor-divider-separator\">\n\t\t\t\t\t\t<\/span>\n\t\t<\/div>\n\t\t\t\t\t\t<\/div>\n\t\t\t\t<\/div>\n\t\t\t\t<\/div>\n\t\t<div class=\"elementor-element elementor-element-dcf3db9 e-con-full e-flex wpr-particle-no wpr-jarallax-no wpr-parallax-no wpr-sticky-section-no wpr-equal-height-no e-con e-parent\" data-id=\"dcf3db9\" data-element_type=\"container\" data-e-type=\"container\">\n\t\t\t\t<div class=\"elementor-element elementor-element-1345bda elementor-widget__width-initial elementor-widget elementor-widget-text-editor\" data-id=\"1345bda\" data-element_type=\"widget\" data-e-type=\"widget\" data-widget_type=\"text-editor.default\">\n\t\t\t\t<div class=\"elementor-widget-container\">\n\t\t\t\t\t\t\t\t\t<p style=\"text-align: center;\"><strong>Cette semaine, et si vous vous laissiez tenter ?<\/strong><\/p><p>\u00a0<\/p><p>J&rsquo;ai l&rsquo;honneur de vous presenter le coup de c\u0153ur de la semaine !<\/p><p>Et je sais d\u00e9j\u00e0 qu&rsquo;il existe deux teams pour ce BL !\u00a0 Mais de mon c\u00f4t\u00e9, je me suis r\u00e9gal\u00e9e.<\/p><p>Il s&rsquo;agit de <strong>Secret Crush On You<\/strong> ^^<\/p><p>Je voulais vous en parler parce que, d\u00e8s que je l&rsquo;ai commenc\u00e9, j&rsquo;ai encha\u00een\u00e9 les \u00e9pisodes et je l&rsquo;ai termin\u00e9 en un week-end.<\/p><p>C&rsquo;est un bon signe, non ? ^^<\/p><p>Pour ceux qui se demandent de quoi \u00e7a parle, c&rsquo;est une com\u00e9die romantique tr\u00e8s color\u00e9e et assez fofolle.<\/p><p>Je suis tr\u00e8s friande de clich\u00e9s&#8230; alors l\u00e0 j&rsquo;ai \u00e9t\u00e9 plus que servie ^^ ahah.<\/p><p>Nous faisons la connaissance de Toh, jeune \u00e9tudiant qui en pince pour un \u00e9tudiant plus \u00e2g\u00e9, Nuea.<\/p><p>Mais au del\u00e0 de \u00e7a c&rsquo;est \u00e9galement l&rsquo;\u00e9tudiant ringard qui rencontre la Star de l&rsquo;universit\u00e9. Ou encore, le jeune provincial qui en pince pour le gars de la ville. Et le gars sympa qui va donner des cours de baisers \u00e0 son \u00ab\u00a0ami\u00a0\u00bb&#8230; ahah ! Toutes ces descriptions correspondent \u00e0 ce BL.<\/p><p>Autour de nos deux protagonistes, nous avons des amis hauts en couleurs et des pestes aussi (on a toujours besoin de pestes dans une bonne s\u00e9rie ^^).<\/p><p>Chaque \u00e9pisode nous apporte son lot de rigolade. Entre mimiques, situations rocambolesques et quiproquos, nous sommes servis.<\/p><p>Avec cette pr\u00e9sentation tr\u00e8s l\u00e9g\u00e8re, on pourrait se dire qu&rsquo;il n&rsquo;y a pas de profondeur. Eh bien, c&rsquo;est tout le contraire !<\/p><p>Quand on lit entre les lignes, on d\u00e9couvre qu&rsquo;ils ont d\u00e9velopp\u00e9 certains sujets tr\u00e8s forts et importants, comme l&rsquo;acceptation de soi ou de son propre corps.<\/p><p>Il y a aussi des messages forts sur l&rsquo;amiti\u00e9 et l&rsquo;amour.<\/p><p>En compl\u00e9ment, j&rsquo;ai aim\u00e9 la photographie de ce BL avec des couleurs chaudes et des belles prises de vues, ainsi que la musique.<\/p><p>Mais par dessus tout, j&rsquo;ai ador\u00e9 qu&rsquo;il assume totalement son exag\u00e9ration, pouss\u00e9e \u00e0 l&rsquo;extr\u00eame. Un super visionnage pour moi, qui a m\u00eame donn\u00e9 lieu \u00e0 des revisionnages par la suite.<\/p><p>Et vous ? Vous connaissez ce BL ?<\/p><p>\u00a0<\/p>\t\t\t\t\t\t\t\t<\/div>\n\t\t\t\t<\/div>\n\t\t\t\t<\/div>\n\t\t<div class=\"elementor-element elementor-element-cea7836 e-con-full e-flex wpr-particle-no wpr-jarallax-no wpr-parallax-no wpr-sticky-section-no wpr-equal-height-no e-con e-parent\" data-id=\"cea7836\" data-element_type=\"container\" data-e-type=\"container\">\n\t\t\t\t<div class=\"elementor-element elementor-element-ae0ccc6 elementor-widget-divider--view-line elementor-widget elementor-widget-divider\" data-id=\"ae0ccc6\" data-element_type=\"widget\" data-e-type=\"widget\" data-widget_type=\"divider.default\">\n\t\t\t\t<div class=\"elementor-widget-container\">\n\t\t\t\t\t\t\t<div class=\"elementor-divider\">\n\t\t\t<span class=\"elementor-divider-separator\">\n\t\t\t\t\t\t<\/span>\n\t\t<\/div>\n\t\t\t\t\t\t<\/div>\n\t\t\t\t<\/div>\n\t\t\t\t<\/div>\n\t\t<div class=\"elementor-element elementor-element-b41d199 e-con-full e-flex wpr-particle-no wpr-jarallax-no wpr-parallax-no wpr-sticky-section-no wpr-equal-height-no e-con e-parent\" data-id=\"b41d199\" data-element_type=\"container\" data-e-type=\"container\">\n\t\t<div class=\"elementor-element elementor-element-d28a74e e-con-full e-flex wpr-particle-no wpr-jarallax-no wpr-parallax-no wpr-sticky-section-no wpr-equal-height-no e-con e-child\" data-id=\"d28a74e\" data-element_type=\"container\" data-e-type=\"container\">\n\t\t\t\t<div class=\"elementor-element elementor-element-0e55d8f elementor-widget__width-initial wpr-comment-reply-separate wpr-comment-reply-align-right elementor-widget elementor-widget-wpr-post-comments\" data-id=\"0e55d8f\" data-element_type=\"widget\" data-e-type=\"widget\" data-widget_type=\"wpr-post-comments.default\">\n\t\t\t\t<div class=\"elementor-widget-container\">\n\t\t\t\t\t<div class=\"wpr-comments-wrap\" id=\"comments\"><h3> 3 Comments<\/h3><ul class=\"wpr-comments-list\"><li id=\"comment-8197\" class=\"comment byuser comment-author-viranne even thread-even depth-1\"><article class=\"wpr-post-comment elementor-clearfix\"><div class=\"wpr-comment-avatar\"><img alt='' src='https:\/\/secure.gravatar.com\/avatar\/6fa455f2f0f72b3ccbf59acf85d615a0a6c7078d787d7e5f5dcfcb68feac5020?s=60&#038;d=mm&#038;r=g' srcset='https:\/\/secure.gravatar.com\/avatar\/6fa455f2f0f72b3ccbf59acf85d615a0a6c7078d787d7e5f5dcfcb68feac5020?s=120&#038;d=mm&#038;r=g 2x' class='avatar avatar-60 photo' height='60' width='60' \/><\/div><div class=\"wpr-comment-meta\"><div class=\"wpr-comment-author\"><span>Viranne<\/span><\/div><div class=\"wpr-comment-metadata elementor-clearfix\"><span>7 d\u00e9cembre 2025 at 21h49<\/span><\/div><\/div><div class=\"wpr-comment-content\"><p>Coucou Yoohee,<\/p>\n<p>Comment ne pas te remercier, ce BL fait aussi partie de mes pr\u00e9f\u00e9r\u00e9s !<br \/>\nUn univers d\u00e9jant\u00e9, des personnages un peu barr\u00e9s, c&rsquo;est lumineux, tr\u00e8s paillet\u00e9&#8230; J&rsquo;adore. Et comme tu le dis si bien, il y a beaucoup de th\u00e8mes tr\u00e8s forts qui sont abord\u00e9s, et ce que j&rsquo;en retiens, c&rsquo;est que la diversit\u00e9 colore la vie et la rend bien plus belle.<br \/>\nBises<\/p>\n<\/div><div class=\"wpr-comment-reply\"><a rel=\"nofollow\" class=\"comment-reply-link\" href=\"https:\/\/petitsblentreamis.fr\/?page_id=18909&#038;replytocom=8197#respond\" data-commentid=\"8197\" data-postid=\"18909\" data-belowelement=\"comment-8197\" data-respondelement=\"respond\" data-replyto=\"R\u00e9pondre \u00e0 Viranne\" aria-label=\"R\u00e9pondre \u00e0 Viranne\">R\u00e9pondre<\/a><\/div><\/article><\/li><\/li><!-- #comment-## -->\n<li id=\"comment-8165\" class=\"comment odd alt thread-odd thread-alt depth-1\"><article class=\"wpr-post-comment elementor-clearfix\"><div class=\"wpr-comment-avatar\"><img alt='' src='https:\/\/secure.gravatar.com\/avatar\/?s=60&#038;d=mm&#038;r=g' srcset='https:\/\/secure.gravatar.com\/avatar\/?s=120&#038;d=mm&#038;r=g 2x' class='avatar avatar-60 photo avatar-default' height='60' width='60' \/><\/div><div class=\"wpr-comment-meta\"><div class=\"wpr-comment-author\"><span>Louve<\/span><\/div><div class=\"wpr-comment-metadata elementor-clearfix\"><span>7 d\u00e9cembre 2025 at 12h42<\/span><\/div><\/div><div class=\"wpr-comment-content\"><p>Coucou Yoohee,<br \/>\nMerci pour ce coup de coeur. Je ne l&rsquo;ai pas vu mais il est bien sur ma liste. L&rsquo;histoire me para\u00eet prometteuse, j&rsquo;ai envie de bonne humeur, de rire, de quelque chose de mignon et d\u00e9cal\u00e9. Je crois que cela fera parfaitement l&rsquo;affaire ! J&rsquo;aime beaucoup cette rubrique qui permet de faire des choix qu&rsquo;on n&rsquo;aurait peut-\u00eatre pas faits sinon.<br \/>\nBon dimanche et bonne semaine<\/p>\n<\/div><div class=\"wpr-comment-reply\"><a rel=\"nofollow\" class=\"comment-reply-link\" href=\"https:\/\/petitsblentreamis.fr\/?page_id=18909&#038;replytocom=8165#respond\" data-commentid=\"8165\" data-postid=\"18909\" data-belowelement=\"comment-8165\" data-respondelement=\"respond\" data-replyto=\"R\u00e9pondre \u00e0 Louve\" aria-label=\"R\u00e9pondre \u00e0 Louve\">R\u00e9pondre<\/a><\/div><\/article><\/li><\/li><!-- #comment-## -->\n<li id=\"comment-8148\" class=\"comment even thread-even depth-1\"><article class=\"wpr-post-comment elementor-clearfix\"><div class=\"wpr-comment-avatar\"><img alt='' src='https:\/\/secure.gravatar.com\/avatar\/776ff07500379e61b2dbe486688f02c6986e0cdb960211361529c6b5580b8357?s=60&#038;d=mm&#038;r=g' srcset='https:\/\/secure.gravatar.com\/avatar\/776ff07500379e61b2dbe486688f02c6986e0cdb960211361529c6b5580b8357?s=120&#038;d=mm&#038;r=g 2x' class='avatar avatar-60 photo' height='60' width='60' \/><\/div><div class=\"wpr-comment-meta\"><div class=\"wpr-comment-author\"><span>Mitchiko<\/span><\/div><div class=\"wpr-comment-metadata elementor-clearfix\"><span>6 d\u00e9cembre 2025 at 19h22<\/span><\/div><\/div><div class=\"wpr-comment-content\"><p>Hello Yoohee \ud83d\ude42 merci pour cet avis. J&rsquo;avais vu ce drama un peu apr\u00e8s sa sortie je crois. Je sais que pas mal de monde a appr\u00e9ci\u00e9 les couples de la s\u00e9rie, pour ma part, je n&rsquo;ai pas vraiment accroch\u00e9. Apr\u00e8s, il y avait un c\u00f4t\u00e9 rythm\u00e9, avec des situations humoristiques, sans trop de prise de t\u00eate, qui \u00e9tait plut\u00f4t sympa donc je comprends le succ\u00e8s. ^^ Bon week-end et bonne semaine \u00e0 toi. \u00c0 bient\u00f4t. Bises<\/p>\n<\/div><div class=\"wpr-comment-reply\"><a rel=\"nofollow\" class=\"comment-reply-link\" href=\"https:\/\/petitsblentreamis.fr\/?page_id=18909&#038;replytocom=8148#respond\" data-commentid=\"8148\" data-postid=\"18909\" data-belowelement=\"comment-8148\" data-respondelement=\"respond\" data-replyto=\"R\u00e9pondre \u00e0 Mitchiko\" aria-label=\"R\u00e9pondre \u00e0 Mitchiko\">R\u00e9pondre<\/a><\/div><\/article><\/li><\/li><!-- #comment-## -->\n<\/ul>\t<div id=\"respond\" class=\"comment-respond\">\n\t\t<h3 id=\"wpr-reply-title\" class=\"wpr-comment-reply-title\">Commentaires <small><a rel=\"nofollow\" id=\"cancel-comment-reply-link\" href=\"\/index.php?rest_route=%2Fwp%2Fv2%2Fpages%2F18909#respond\" style=\"display:none;\">Annuler la r\u00e9ponse<\/a><\/small><\/h3><form action=\"https:\/\/petitsblentreamis.fr\/wp-comments-post.php\" method=\"post\" id=\"wpr-comment-form\" class=\"wpr-comment-form wpr-cf-style-2\"><p class=\"comment-notes\"><span id=\"email-notes\">Votre adresse e-mail ne sera pas publi\u00e9e.<\/span> <span class=\"required-field-message\">Les champs obligatoires sont indiqu\u00e9s avec <span class=\"required\">*<\/span><\/span><\/p><div class=\"wpr-comment-form-text\"><label>Message<\/label><textarea name=\"comment\" placeholder=\"\" cols=\"45\" rows=\"8\" maxlength=\"65525\"><\/textarea><\/div><div class=\"wpr-comment-form-fields\"> <div class=\"wpr-comment-form-author\"><label>Name<\/label><input type=\"text\" name=\"author\" placeholder=\"\"\/><\/div>\n<div class=\"wpr-comment-form-email\"><label>Email<\/label><input type=\"text\" name=\"email\" placeholder=\"\"\/><\/div>\n<div class=\"wpr-comment-form-url\"><label>Website<\/label><input type=\"text\" name=\"url\" placeholder=\"\"\/><\/div><\/div>\n<p class=\"form-submit\"><input name=\"submit\" type=\"submit\" id=\"wpr-submit-comment\" class=\"wpr-submit-comment\" value=\"Envoyer\" \/> <input type='hidden' name='comment_post_ID' value='18909' id='comment_post_ID' \/>\n<input type='hidden' name='comment_parent' id='comment_parent' value='0' \/>\n<\/p><p style=\"display: none;\"><input type=\"hidden\" id=\"akismet_comment_nonce\" name=\"akismet_comment_nonce\" value=\"3b8fe875d9\" \/><\/p><p style=\"display: none !important;\" class=\"akismet-fields-container\" data-prefix=\"ak_\"><label>&#916;<textarea name=\"ak_hp_textarea\" cols=\"45\" rows=\"8\" maxlength=\"100\"><\/textarea><\/label><input type=\"hidden\" id=\"ak_js_1\" name=\"ak_js\" value=\"79\"\/><script>\ndocument.getElementById( \"ak_js_1\" ).setAttribute( \"value\", ( new Date() ).getTime() );\n<\/script>\n<\/p><\/form>\t<\/div><!-- #respond -->\n\t<\/div>\t\t\t\t<\/div>\n\t\t\t\t<\/div>\n\t\t\t\t<\/div>\n\t\t\t\t<\/div>\n\t\t<div class=\"elementor-element elementor-element-8ff3c05 e-con-full e-flex wpr-particle-no wpr-jarallax-no wpr-parallax-no wpr-sticky-section-no wpr-equal-height-no e-con e-parent\" data-id=\"8ff3c05\" data-element_type=\"container\" data-e-type=\"container\">\n\t\t\t\t<div class=\"elementor-element elementor-element-b0710fb elementor-widget-divider--view-line elementor-widget elementor-widget-divider\" data-id=\"b0710fb\" data-element_type=\"widget\" data-e-type=\"widget\" data-widget_type=\"divider.default\">\n\t\t\t\t<div class=\"elementor-widget-container\">\n\t\t\t\t\t\t\t<div class=\"elementor-divider\">\n\t\t\t<span class=\"elementor-divider-separator\">\n\t\t\t\t\t\t<\/span>\n\t\t<\/div>\n\t\t\t\t\t\t<\/div>\n\t\t\t\t<\/div>\n\t\t\t\t<\/div>\n\t\t<div class=\"elementor-element elementor-element-b5b0359 e-con-full e-flex wpr-particle-no wpr-jarallax-no wpr-parallax-no wpr-sticky-section-no wpr-equal-height-no e-con e-parent\" data-id=\"b5b0359\" data-element_type=\"container\" data-e-type=\"container\">\n\t\t\t\t<div class=\"elementor-element elementor-element-f514a48 elementor-widget__width-initial elementor-widget elementor-widget-image\" data-id=\"f514a48\" data-element_type=\"widget\" data-e-type=\"widget\" data-widget_type=\"image.default\">\n\t\t\t\t<div class=\"elementor-widget-container\">\n\t\t\t\t\t\t\t\t\t\t\t\t<figure class=\"wp-caption\">\n\t\t\t\t\t\t\t\t\t\t<img fetchpriority=\"high\" decoding=\"async\" width=\"500\" height=\"227\" src=\"https:\/\/petitsblentreamis.fr\/wp-content\/uploads\/2025\/01\/462554376_2097741047309941_1421008707977699554_n.png\" class=\"attachment-large size-large wp-image-581\" alt=\"\" srcset=\"https:\/\/petitsblentreamis.fr\/wp-content\/uploads\/2025\/01\/462554376_2097741047309941_1421008707977699554_n.png 500w, https:\/\/petitsblentreamis.fr\/wp-content\/uploads\/2025\/01\/462554376_2097741047309941_1421008707977699554_n-300x136.png 300w\" sizes=\"(max-width: 500px) 100vw, 500px\" \/>\t\t\t\t\t\t\t\t\t\t\t<figcaption class=\"widget-image-caption wp-caption-text\"><\/figcaption>\n\t\t\t\t\t\t\t\t\t\t<\/figure>\n\t\t\t\t\t\t\t\t\t<\/div>\n\t\t\t\t<\/div>\n\t\t\t\t<\/div>\n\t\t<div class=\"elementor-element elementor-element-7f82839 e-con-full e-flex wpr-particle-no wpr-jarallax-no wpr-parallax-no wpr-sticky-section-no wpr-equal-height-no e-con e-child\" data-id=\"7f82839\" data-element_type=\"container\" data-e-type=\"container\">\n\t\t\t\t<div class=\"elementor-element elementor-element-ac719b2 elementor-widget elementor-widget-eael-creative-button\" data-id=\"ac719b2\" data-element_type=\"widget\" data-e-type=\"widget\" data-widget_type=\"eael-creative-button.default\">\n\t\t\t\t<div class=\"elementor-widget-container\">\n\t\t\t\t\t        <div class=\"eael-creative-button-wrapper\">\n\n            <a class=\"eael-creative-button eael-creative-button--ujarak eael-cb-icon-position-left\" href=\"https:\/\/petitsblentreamis.fr\/?page_id=6\" data-text=\"Retour \u00e0 l&#039;accueil\">\n            \t    \n                <div class=\"creative-button-inner\">\n\n                                            <span class=\"eael-creative-button-icon-left\"><svg aria-hidden=\"true\" class=\"e-font-icon-svg e-far-hand-point-left\" viewBox=\"0 0 512 512\" xmlns=\"http:\/\/www.w3.org\/2000\/svg\"><path d=\"M0 220.8C0 266.416 37.765 304 83.2 304h35.647a93.148 93.148 0 0 0 7.929 22.064c-2.507 22.006 3.503 44.978 15.985 62.791C143.9 441.342 180.159 480 242.701 480H264c60.063 0 98.512-40 127.2-40h2.679c5.747 4.952 13.536 8 22.12 8h64c17.673 0 32-12.894 32-28.8V188.8c0-15.906-14.327-28.8-32-28.8h-64c-8.584 0-16.373 3.048-22.12 8H391.2c-6.964 0-14.862-6.193-30.183-23.668l-.129-.148-.131-.146c-8.856-9.937-18.116-20.841-25.851-33.253C316.202 80.537 304.514 32 259.2 32c-56.928 0-92 35.286-92 83.2 0 8.026.814 15.489 2.176 22.4H83.2C38.101 137.6 0 175.701 0 220.8zm48 0c0-18.7 16.775-35.2 35.2-35.2h158.4c0-17.325-26.4-35.2-26.4-70.4 0-26.4 20.625-35.2 44-35.2 8.794 0 20.445 32.712 34.926 56.1 9.074 14.575 19.524 27.225 30.799 39.875 16.109 18.374 33.836 36.633 59.075 39.596v176.752C341.21 396.087 309.491 432 264 432h-21.299c-40.524 0-57.124-22.197-50.601-61.325-14.612-8.001-24.151-33.979-12.925-53.625-19.365-18.225-17.787-46.381-4.95-61.05H83.2C64.225 256 48 239.775 48 220.8zM448 360c13.255 0 24 10.745 24 24s-10.745 24-24 24-24-10.745-24-24 10.745-24 24-24z\"><\/path><\/svg><\/span>                    \n                    <span class=\"cretive-button-text\">Retour \u00e0 l'accueil<\/span>\n\n                                    <\/div>\n\t                        <\/a>\n        <\/div>\n        \t\t\t\t<\/div>\n\t\t\t\t<\/div>\n\t\t\t\t<\/div>\n\t\t\t\t<\/div>\n\t\t","protected":false},"excerpt":{"rendered":"<p>Secret Crush On You Par Yoohee Cette semaine, et si vous vous laissiez tenter ? J&rsquo;ai l&rsquo;honneur de vous presenter le coup de c\u0153ur de la semaine ! Et je sais d\u00e9j\u00e0 qu&rsquo;il existe deux teams pour ce BL !\u00a0 Mais de mon c\u00f4t\u00e9, je me suis r\u00e9gal\u00e9e. Il s&rsquo;agit de Secret Crush On You ^^ Je voulais vous en parler parce que, d\u00e8s que je l&rsquo;ai commenc\u00e9, j&rsquo;ai encha\u00een\u00e9 les \u00e9pisodes et je l&rsquo;ai termin\u00e9 en un week-end. C&rsquo;est un bon signe, non ? ^^ Pour ceux qui se demandent de quoi \u00e7a parle, c&rsquo;est une com\u00e9die romantique tr\u00e8s color\u00e9e et assez fofolle. Je suis tr\u00e8s friande de clich\u00e9s&#8230; alors l\u00e0 j&rsquo;ai \u00e9t\u00e9 plus que servie ^^ ahah. Nous faisons la connaissance de Toh, jeune \u00e9tudiant qui en pince pour un \u00e9tudiant plus \u00e2g\u00e9, Nuea. Mais au del\u00e0 de \u00e7a c&rsquo;est \u00e9galement l&rsquo;\u00e9tudiant ringard qui rencontre la Star de l&rsquo;universit\u00e9. Ou encore, le jeune provincial qui en pince pour le gars de la ville. Et le gars sympa qui va donner des cours de baisers \u00e0 son \u00ab\u00a0ami\u00a0\u00bb&#8230; ahah ! Toutes ces descriptions correspondent \u00e0 ce BL. Autour de nos deux protagonistes, nous avons des amis hauts en couleurs et des pestes aussi (on a toujours besoin de pestes dans une bonne s\u00e9rie ^^). Chaque \u00e9pisode nous apporte son lot de rigolade. Entre mimiques, situations rocambolesques et quiproquos, nous sommes servis. Avec cette pr\u00e9sentation tr\u00e8s l\u00e9g\u00e8re, on pourrait se dire qu&rsquo;il n&rsquo;y a pas de profondeur. Eh bien, c&rsquo;est tout le contraire ! Quand on lit entre les lignes, on d\u00e9couvre qu&rsquo;ils ont d\u00e9velopp\u00e9 certains sujets tr\u00e8s forts et importants, comme l&rsquo;acceptation de soi ou de son propre corps. Il y a aussi des messages forts sur l&rsquo;amiti\u00e9 et l&rsquo;amour. En compl\u00e9ment, j&rsquo;ai aim\u00e9 la photographie de ce BL avec des couleurs chaudes et des belles prises de vues, ainsi que la musique. Mais par dessus tout, j&rsquo;ai ador\u00e9 qu&rsquo;il assume totalement son exag\u00e9ration, pouss\u00e9e \u00e0 l&rsquo;extr\u00eame. Un super visionnage pour moi, qui a m\u00eame donn\u00e9 lieu \u00e0 des revisionnages par la suite. Et vous ? Vous connaissez ce BL ? Commentaires Annuler la r\u00e9ponse Connexion en tant que Shaily. Modifier votre profil. Se d\u00e9connecter\u00a0? Les champs obligatoires sont indiqu\u00e9s avec * Message \u0394 Retour \u00e0 l&rsquo;accueil<\/p>\n","protected":false},"author":2,"featured_media":0,"parent":0,"menu_order":0,"comment_status":"open","ping_status":"closed","template":"","meta":{"footnotes":""},"class_list":["post-18909","page","type-page","status-publish","hentry"],"_links":{"self":[{"href":"https:\/\/petitsblentreamis.fr\/index.php?rest_route=\/wp\/v2\/pages\/18909","targetHints":{"allow":["GET"]}}],"collection":[{"href":"https:\/\/petitsblentreamis.fr\/index.php?rest_route=\/wp\/v2\/pages"}],"about":[{"href":"https:\/\/petitsblentreamis.fr\/index.php?rest_route=\/wp\/v2\/types\/page"}],"author":[{"embeddable":true,"href":"https:\/\/petitsblentreamis.fr\/index.php?rest_route=\/wp\/v2\/users\/2"}],"replies":[{"embeddable":true,"href":"https:\/\/petitsblentreamis.fr\/index.php?rest_route=%2Fwp%2Fv2%2Fcomments&post=18909"}],"version-history":[{"count":8,"href":"https:\/\/petitsblentreamis.fr\/index.php?rest_route=\/wp\/v2\/pages\/18909\/revisions"}],"predecessor-version":[{"id":18931,"href":"https:\/\/petitsblentreamis.fr\/index.php?rest_route=\/wp\/v2\/pages\/18909\/revisions\/18931"}],"wp:attachment":[{"href":"https:\/\/petitsblentreamis.fr\/index.php?rest_route=%2Fwp%2Fv2%2Fmedia&parent=18909"}],"curies":[{"name":"wp","href":"https:\/\/api.w.org\/{rel}","templated":true}]}}