{"id":13354,"date":"2025-07-22T20:56:18","date_gmt":"2025-07-22T18:56:18","guid":{"rendered":"https:\/\/petitsblentreamis.fr\/?page_id=13354"},"modified":"2025-07-23T17:49:24","modified_gmt":"2025-07-23T15:49:24","slug":"les-delires-de-joong","status":"publish","type":"page","link":"https:\/\/petitsblentreamis.fr\/?page_id=13354","title":{"rendered":"Les d\u00e9lires de Joong"},"content":{"rendered":"\t\t<div data-elementor-type=\"wp-page\" data-elementor-id=\"13354\" class=\"elementor elementor-13354\">\n\t\t\t\t<div class=\"elementor-element elementor-element-59dee56 e-con-full e-flex wpr-particle-no wpr-jarallax-no wpr-parallax-no wpr-sticky-section-no wpr-equal-height-no e-con e-parent\" data-id=\"59dee56\" data-element_type=\"container\" data-e-type=\"container\">\n\t\t\t\t<div class=\"elementor-element elementor-element-b87b08b elementor-widget-divider--view-line elementor-widget elementor-widget-divider\" data-id=\"b87b08b\" data-element_type=\"widget\" data-e-type=\"widget\" data-widget_type=\"divider.default\">\n\t\t\t\t<div class=\"elementor-widget-container\">\n\t\t\t\t\t\t\t<div class=\"elementor-divider\">\n\t\t\t<span class=\"elementor-divider-separator\">\n\t\t\t\t\t\t<\/span>\n\t\t<\/div>\n\t\t\t\t\t\t<\/div>\n\t\t\t\t<\/div>\n\t\t\t\t<\/div>\n\t\t<div class=\"elementor-element elementor-element-d40fe36 e-con-full e-flex wpr-particle-no wpr-jarallax-no wpr-parallax-no wpr-sticky-section-no wpr-equal-height-no e-con e-parent\" data-id=\"d40fe36\" data-element_type=\"container\" data-e-type=\"container\">\n\t\t\t\t<div class=\"elementor-element elementor-element-412dd83 elementor-widget elementor-widget-heading\" data-id=\"412dd83\" data-element_type=\"widget\" data-e-type=\"widget\" data-widget_type=\"heading.default\">\n\t\t\t\t<div class=\"elementor-widget-container\">\n\t\t\t\t\t<h2 class=\"elementor-heading-title elementor-size-default\">Les petits d\u00e9lires de Joong<\/h2>\t\t\t\t<\/div>\n\t\t\t\t<\/div>\n\t\t\t\t<\/div>\n\t\t<div class=\"elementor-element elementor-element-38aa6b8 e-con-full e-flex wpr-particle-no wpr-jarallax-no wpr-parallax-no wpr-sticky-section-no wpr-equal-height-no e-con e-parent\" data-id=\"38aa6b8\" data-element_type=\"container\" data-e-type=\"container\">\n\t\t\t\t<div class=\"elementor-element elementor-element-dfc8b57 elementor-widget-divider--view-line elementor-widget elementor-widget-divider\" data-id=\"dfc8b57\" data-element_type=\"widget\" data-e-type=\"widget\" data-widget_type=\"divider.default\">\n\t\t\t\t<div class=\"elementor-widget-container\">\n\t\t\t\t\t\t\t<div class=\"elementor-divider\">\n\t\t\t<span class=\"elementor-divider-separator\">\n\t\t\t\t\t\t<\/span>\n\t\t<\/div>\n\t\t\t\t\t\t<\/div>\n\t\t\t\t<\/div>\n\t\t\t\t<\/div>\n\t\t<div class=\"elementor-element elementor-element-2a27e4c e-con-full e-flex wpr-particle-no wpr-jarallax-no wpr-parallax-no wpr-sticky-section-no wpr-equal-height-no e-con e-parent\" data-id=\"2a27e4c\" data-element_type=\"container\" data-e-type=\"container\">\n\t\t\t\t<div class=\"elementor-element elementor-element-a7dfa24 elementor-widget__width-initial elementor-widget elementor-widget-image\" data-id=\"a7dfa24\" data-element_type=\"widget\" data-e-type=\"widget\" data-widget_type=\"image.default\">\n\t\t\t\t<div class=\"elementor-widget-container\">\n\t\t\t\t\t\t\t\t\t\t\t\t\t\t\t<img fetchpriority=\"high\" decoding=\"async\" width=\"736\" height=\"1300\" src=\"https:\/\/petitsblentreamis.fr\/wp-content\/uploads\/2025\/07\/Joong.jpg\" class=\"attachment-full size-full wp-image-13352\" alt=\"\" srcset=\"https:\/\/petitsblentreamis.fr\/wp-content\/uploads\/2025\/07\/Joong.jpg 736w, https:\/\/petitsblentreamis.fr\/wp-content\/uploads\/2025\/07\/Joong-170x300.jpg 170w, https:\/\/petitsblentreamis.fr\/wp-content\/uploads\/2025\/07\/Joong-580x1024.jpg 580w\" sizes=\"(max-width: 736px) 100vw, 736px\" \/>\t\t\t\t\t\t\t\t\t\t\t\t\t\t\t<\/div>\n\t\t\t\t<\/div>\n\t\t\t\t<\/div>\n\t\t<div class=\"elementor-element elementor-element-b17237d e-con-full e-flex wpr-particle-no wpr-jarallax-no wpr-parallax-no wpr-sticky-section-no wpr-equal-height-no e-con e-parent\" data-id=\"b17237d\" data-element_type=\"container\" data-e-type=\"container\">\n\t\t\t\t<div class=\"elementor-element elementor-element-979230d elementor-widget-divider--view-line elementor-widget elementor-widget-divider\" data-id=\"979230d\" data-element_type=\"widget\" data-e-type=\"widget\" data-widget_type=\"divider.default\">\n\t\t\t\t<div class=\"elementor-widget-container\">\n\t\t\t\t\t\t\t<div class=\"elementor-divider\">\n\t\t\t<span class=\"elementor-divider-separator\">\n\t\t\t\t\t\t<\/span>\n\t\t<\/div>\n\t\t\t\t\t\t<\/div>\n\t\t\t\t<\/div>\n\t\t\t\t<\/div>\n\t\t<div class=\"elementor-element elementor-element-1222c0c e-con-full e-flex wpr-particle-no wpr-jarallax-no wpr-parallax-no wpr-sticky-section-no wpr-equal-height-no e-con e-parent\" data-id=\"1222c0c\" data-element_type=\"container\" data-e-type=\"container\">\n\t\t\t\t<div class=\"elementor-element elementor-element-ac7e209 elementor-widget__width-initial elementor-widget elementor-widget-text-editor\" data-id=\"ac7e209\" data-element_type=\"widget\" data-e-type=\"widget\" data-widget_type=\"text-editor.default\">\n\t\t\t\t<div class=\"elementor-widget-container\">\n\t\t\t\t\t\t\t\t\t<p>Qui ne conna\u00eet pas Joong, l&rsquo;acteur tha\u00ef aux abdos saillants et au sourire ravageur ?<br \/>Nous savons que vous savez de qui il s\u2019agit, mais, connaissez-vous r\u00e9ellement Joong ?<br \/>(\u25cf\u2019\u25e1\u2019\u25cf)<br \/>Dans la team PBLEA, nous avons pour habitude de nous envoyer des petites nouvelles sur ce que font nos acteurs pr\u00e9f\u00e9r\u00e9s. <br \/>Savez-vous ce que nous avons d\u00e9couvert ?<br \/>Joong est sexy, dr\u00f4le, sensible, fou \u00e0 ses heures, inventif, sexy (je l\u2019ai d\u00e9j\u00e0 dit ?) ^^<br \/>Il aime taquiner Dunk, poster des tweets, \u00e9crire des fanfictions.<br \/>Il a une tonne d\u2019id\u00e9es saugrenues \u00e0 la minute\u2026<br \/>\u2026 et on l\u2019adore pour tout \u00e7a.<br \/>Sur cette page, vous retrouverez justement un petit floril\u00e8ge de ses id\u00e9es folles, <br \/>de ses posts, de ses cr\u00e9ations\u2026 etc.<br \/>Enjoy ^^<\/p>\t\t\t\t\t\t\t\t<\/div>\n\t\t\t\t<\/div>\n\t\t\t\t<\/div>\n\t\t<div class=\"elementor-element elementor-element-89e762e e-con-full e-flex wpr-particle-no wpr-jarallax-no wpr-parallax-no wpr-sticky-section-no wpr-equal-height-no e-con e-parent\" data-id=\"89e762e\" data-element_type=\"container\" data-e-type=\"container\">\n\t\t\t\t<div class=\"elementor-element elementor-element-f7c8225 elementor-widget-divider--view-line elementor-widget elementor-widget-divider\" data-id=\"f7c8225\" data-element_type=\"widget\" data-e-type=\"widget\" data-widget_type=\"divider.default\">\n\t\t\t\t<div class=\"elementor-widget-container\">\n\t\t\t\t\t\t\t<div class=\"elementor-divider\">\n\t\t\t<span class=\"elementor-divider-separator\">\n\t\t\t\t\t\t<\/span>\n\t\t<\/div>\n\t\t\t\t\t\t<\/div>\n\t\t\t\t<\/div>\n\t\t\t\t<\/div>\n\t\t<div class=\"elementor-element elementor-element-8c1aafd e-con-full e-flex wpr-particle-no wpr-jarallax-no wpr-parallax-no wpr-sticky-section-no wpr-equal-height-no e-con e-parent\" data-id=\"8c1aafd\" data-element_type=\"container\" data-e-type=\"container\">\n\t\t<div class=\"elementor-element elementor-element-ec9f6af e-con-full e-flex wpr-particle-no wpr-jarallax-no wpr-parallax-no wpr-sticky-section-no wpr-equal-height-no e-con e-child\" data-id=\"ec9f6af\" data-element_type=\"container\" data-e-type=\"container\" data-settings=\"{&quot;background_background&quot;:&quot;classic&quot;}\">\n\t\t\t\t<div class=\"elementor-element elementor-element-89f5643 elementor-widget elementor-widget-image\" data-id=\"89f5643\" data-element_type=\"widget\" data-e-type=\"widget\" data-widget_type=\"image.default\">\n\t\t\t\t<div class=\"elementor-widget-container\">\n\t\t\t\t\t\t\t\t\t\t\t\t<figure class=\"wp-caption\">\n\t\t\t\t\t\t\t\t\t\t\t<a href=\"https:\/\/petitsblentreamis.fr\/?page_id=13424\" target=\"_blank\">\n\t\t\t\t\t\t\t<img decoding=\"async\" width=\"594\" height=\"1024\" src=\"https:\/\/petitsblentreamis.fr\/wp-content\/uploads\/2025\/07\/FF-Joong-1-594x1024.jpeg\" class=\"attachment-large size-large wp-image-13407\" alt=\"\" srcset=\"https:\/\/petitsblentreamis.fr\/wp-content\/uploads\/2025\/07\/FF-Joong-1-594x1024.jpeg 594w, https:\/\/petitsblentreamis.fr\/wp-content\/uploads\/2025\/07\/FF-Joong-1-174x300.jpeg 174w, https:\/\/petitsblentreamis.fr\/wp-content\/uploads\/2025\/07\/FF-Joong-1-768x1324.jpeg 768w, https:\/\/petitsblentreamis.fr\/wp-content\/uploads\/2025\/07\/FF-Joong-1-891x1536.jpeg 891w, https:\/\/petitsblentreamis.fr\/wp-content\/uploads\/2025\/07\/FF-Joong-1.jpeg 1188w\" sizes=\"(max-width: 594px) 100vw, 594px\" \/>\t\t\t\t\t\t\t\t<\/a>\n\t\t\t\t\t\t\t\t\t\t\t<figcaption class=\"widget-image-caption wp-caption-text\">L'\u00e9tudiant et le chef cuisinier<\/figcaption>\n\t\t\t\t\t\t\t\t\t\t<\/figure>\n\t\t\t\t\t\t\t\t\t<\/div>\n\t\t\t\t<\/div>\n\t\t\t\t<\/div>\n\t\t<div class=\"elementor-element elementor-element-f5ff252 e-con-full e-flex wpr-particle-no wpr-jarallax-no wpr-parallax-no wpr-sticky-section-no wpr-equal-height-no e-con e-child\" data-id=\"f5ff252\" data-element_type=\"container\" data-e-type=\"container\">\n\t\t\t\t<div class=\"elementor-element elementor-element-40e446b elementor-widget elementor-widget-image\" data-id=\"40e446b\" data-element_type=\"widget\" data-e-type=\"widget\" data-widget_type=\"image.default\">\n\t\t\t\t<div class=\"elementor-widget-container\">\n\t\t\t\t\t\t\t\t\t\t\t\t<figure class=\"wp-caption\">\n\t\t\t\t\t\t\t\t\t\t\t<a href=\"https:\/\/petitsblentreamis.fr\/?page_id=11707\" target=\"_blank\">\n\t\t\t\t\t\t\t<img decoding=\"async\" width=\"800\" height=\"800\" src=\"https:\/\/petitsblentreamis.fr\/wp-content\/uploads\/2025\/05\/Photo-Fanfiction-Joong-1024x1024.jpg\" class=\"attachment-large size-large wp-image-11711\" alt=\"\" srcset=\"https:\/\/petitsblentreamis.fr\/wp-content\/uploads\/2025\/05\/Photo-Fanfiction-Joong-1024x1024.jpg 1024w, https:\/\/petitsblentreamis.fr\/wp-content\/uploads\/2025\/05\/Photo-Fanfiction-Joong-300x300.jpg 300w, https:\/\/petitsblentreamis.fr\/wp-content\/uploads\/2025\/05\/Photo-Fanfiction-Joong-150x150.jpg 150w, https:\/\/petitsblentreamis.fr\/wp-content\/uploads\/2025\/05\/Photo-Fanfiction-Joong-768x768.jpg 768w, https:\/\/petitsblentreamis.fr\/wp-content\/uploads\/2025\/05\/Photo-Fanfiction-Joong-1536x1536.jpg 1536w, https:\/\/petitsblentreamis.fr\/wp-content\/uploads\/2025\/05\/Photo-Fanfiction-Joong.jpg 2048w\" sizes=\"(max-width: 800px) 100vw, 800px\" \/>\t\t\t\t\t\t\t\t<\/a>\n\t\t\t\t\t\t\t\t\t\t\t<figcaption class=\"widget-image-caption wp-caption-text\"> L'\u00e9cuyer et le jeune ma\u00eetre<\/figcaption>\n\t\t\t\t\t\t\t\t\t\t<\/figure>\n\t\t\t\t\t\t\t\t\t<\/div>\n\t\t\t\t<\/div>\n\t\t\t\t<\/div>\n\t\t<div class=\"elementor-element elementor-element-1d5c655 e-con-full e-flex wpr-particle-no wpr-jarallax-no wpr-parallax-no wpr-sticky-section-no wpr-equal-height-no e-con e-child\" data-id=\"1d5c655\" data-element_type=\"container\" data-e-type=\"container\">\n\t\t\t\t<div class=\"elementor-element elementor-element-f22ace5 elementor-widget elementor-widget-image\" data-id=\"f22ace5\" data-element_type=\"widget\" data-e-type=\"widget\" data-widget_type=\"image.default\">\n\t\t\t\t<div class=\"elementor-widget-container\">\n\t\t\t\t\t\t\t\t\t\t\t\t<figure class=\"wp-caption\">\n\t\t\t\t\t\t\t\t\t\t\t<a href=\"https:\/\/petitsblentreamis.fr\/?page_id=9241\" target=\"_blank\">\n\t\t\t\t\t\t\t<img loading=\"lazy\" decoding=\"async\" width=\"181\" height=\"279\" src=\"https:\/\/petitsblentreamis.fr\/wp-content\/uploads\/2025\/07\/Pokong-vignette.jpg\" class=\"attachment-full size-full wp-image-13366\" alt=\"\" \/>\t\t\t\t\t\t\t\t<\/a>\n\t\t\t\t\t\t\t\t\t\t\t<figcaption class=\"widget-image-caption wp-caption-text\">Pokong<\/figcaption>\n\t\t\t\t\t\t\t\t\t\t<\/figure>\n\t\t\t\t\t\t\t\t\t<\/div>\n\t\t\t\t<\/div>\n\t\t\t\t<\/div>\n\t\t<div class=\"elementor-element elementor-element-063f149 e-con-full e-flex wpr-particle-no wpr-jarallax-no wpr-parallax-no wpr-sticky-section-no wpr-equal-height-no e-con e-child\" data-id=\"063f149\" data-element_type=\"container\" data-e-type=\"container\">\n\t\t\t\t<div class=\"elementor-element elementor-element-d9336b1 elementor-widget elementor-widget-image\" data-id=\"d9336b1\" data-element_type=\"widget\" data-e-type=\"widget\" data-widget_type=\"image.default\">\n\t\t\t\t<div class=\"elementor-widget-container\">\n\t\t\t\t\t\t\t\t\t\t\t\t<figure class=\"wp-caption\">\n\t\t\t\t\t\t\t\t\t\t\t<a href=\"https:\/\/petitsblentreamis.fr\/?page_id=13411\" target=\"_blank\">\n\t\t\t\t\t\t\t<img loading=\"lazy\" decoding=\"async\" width=\"800\" height=\"800\" src=\"https:\/\/petitsblentreamis.fr\/wp-content\/uploads\/2025\/07\/Fanfiction-Joong-2-1024x1024.jpeg\" class=\"attachment-large size-large wp-image-13406\" alt=\"\" srcset=\"https:\/\/petitsblentreamis.fr\/wp-content\/uploads\/2025\/07\/Fanfiction-Joong-2-1024x1024.jpeg 1024w, https:\/\/petitsblentreamis.fr\/wp-content\/uploads\/2025\/07\/Fanfiction-Joong-2-300x300.jpeg 300w, https:\/\/petitsblentreamis.fr\/wp-content\/uploads\/2025\/07\/Fanfiction-Joong-2-150x150.jpeg 150w, https:\/\/petitsblentreamis.fr\/wp-content\/uploads\/2025\/07\/Fanfiction-Joong-2-768x768.jpeg 768w, https:\/\/petitsblentreamis.fr\/wp-content\/uploads\/2025\/07\/Fanfiction-Joong-2.jpeg 1080w\" sizes=\"(max-width: 800px) 100vw, 800px\" \/>\t\t\t\t\t\t\t\t<\/a>\n\t\t\t\t\t\t\t\t\t\t\t<figcaption class=\"widget-image-caption wp-caption-text\">Le ma\u00eetre vampire<\/figcaption>\n\t\t\t\t\t\t\t\t\t\t<\/figure>\n\t\t\t\t\t\t\t\t\t<\/div>\n\t\t\t\t<\/div>\n\t\t\t\t<\/div>\n\t\t\t\t<\/div>\n\t\t<div class=\"elementor-element elementor-element-cea7836 e-con-full e-flex wpr-particle-no wpr-jarallax-no wpr-parallax-no wpr-sticky-section-no wpr-equal-height-no e-con e-parent\" data-id=\"cea7836\" data-element_type=\"container\" data-e-type=\"container\">\n\t\t\t\t<div class=\"elementor-element elementor-element-ae0ccc6 elementor-widget-divider--view-line elementor-widget elementor-widget-divider\" data-id=\"ae0ccc6\" data-element_type=\"widget\" data-e-type=\"widget\" data-widget_type=\"divider.default\">\n\t\t\t\t<div class=\"elementor-widget-container\">\n\t\t\t\t\t\t\t<div class=\"elementor-divider\">\n\t\t\t<span class=\"elementor-divider-separator\">\n\t\t\t\t\t\t<\/span>\n\t\t<\/div>\n\t\t\t\t\t\t<\/div>\n\t\t\t\t<\/div>\n\t\t\t\t<\/div>\n\t\t<div class=\"elementor-element elementor-element-b41d199 e-con-full e-flex wpr-particle-no wpr-jarallax-no wpr-parallax-no wpr-sticky-section-no wpr-equal-height-no e-con e-parent\" data-id=\"b41d199\" data-element_type=\"container\" data-e-type=\"container\">\n\t\t<div class=\"elementor-element elementor-element-d28a74e e-con-full e-flex wpr-particle-no wpr-jarallax-no wpr-parallax-no wpr-sticky-section-no wpr-equal-height-no e-con e-child\" data-id=\"d28a74e\" data-element_type=\"container\" data-e-type=\"container\">\n\t\t\t\t<div class=\"elementor-element elementor-element-0e55d8f elementor-widget__width-initial wpr-comment-reply-separate wpr-comment-reply-align-right elementor-widget elementor-widget-wpr-post-comments\" data-id=\"0e55d8f\" data-element_type=\"widget\" data-e-type=\"widget\" data-widget_type=\"wpr-post-comments.default\">\n\t\t\t\t<div class=\"elementor-widget-container\">\n\t\t\t\t\t<div class=\"wpr-comments-wrap\" id=\"comments\"><h3> 1 Comment<\/h3><ul class=\"wpr-comments-list\"><li id=\"comment-4548\" class=\"comment even thread-even depth-1\"><article class=\"wpr-post-comment elementor-clearfix\"><div class=\"wpr-comment-avatar\"><img alt='' src='https:\/\/secure.gravatar.com\/avatar\/6fa455f2f0f72b3ccbf59acf85d615a0a6c7078d787d7e5f5dcfcb68feac5020?s=60&#038;d=mm&#038;r=g' srcset='https:\/\/secure.gravatar.com\/avatar\/6fa455f2f0f72b3ccbf59acf85d615a0a6c7078d787d7e5f5dcfcb68feac5020?s=120&#038;d=mm&#038;r=g 2x' class='avatar avatar-60 photo' height='60' width='60' \/><\/div><div class=\"wpr-comment-meta\"><div class=\"wpr-comment-author\"><span>Viranne<\/span><\/div><div class=\"wpr-comment-metadata elementor-clearfix\"><span>31 juillet 2025 at 10h17<\/span><\/div><\/div><div class=\"wpr-comment-content\"><p>J&rsquo;adore Joong ! Comment ne pas l&rsquo;aimer ? Il est beau, sexy, talentueux&#8230; Il a de l&rsquo;humour, il ne se prend pas au s\u00e9rieux&#8230; et il \u00e9crit !<br \/>\nMerci pour ces petits d\u00e9lires !<\/p>\n<p>Bises<\/p>\n<\/div><div class=\"wpr-comment-reply\"><a rel=\"nofollow\" class=\"comment-reply-link\" href=\"https:\/\/petitsblentreamis.fr\/?page_id=13354&#038;replytocom=4548#respond\" data-commentid=\"4548\" data-postid=\"13354\" data-belowelement=\"comment-4548\" data-respondelement=\"respond\" data-replyto=\"R\u00e9pondre \u00e0 Viranne\" aria-label=\"R\u00e9pondre \u00e0 Viranne\">R\u00e9pondre<\/a><\/div><\/article><\/li><\/li><!-- #comment-## -->\n<\/ul>\t<div id=\"respond\" class=\"comment-respond\">\n\t\t<h3 id=\"wpr-reply-title\" class=\"wpr-comment-reply-title\">Commentaires <small><a rel=\"nofollow\" id=\"cancel-comment-reply-link\" href=\"\/index.php?rest_route=%2Fwp%2Fv2%2Fpages%2F13354#respond\" style=\"display:none;\">Annuler la r\u00e9ponse<\/a><\/small><\/h3><form action=\"https:\/\/petitsblentreamis.fr\/wp-comments-post.php\" method=\"post\" id=\"wpr-comment-form\" class=\"wpr-comment-form wpr-cf-style-2\"><p class=\"comment-notes\"><span id=\"email-notes\">Votre adresse e-mail ne sera pas publi\u00e9e.<\/span> <span class=\"required-field-message\">Les champs obligatoires sont indiqu\u00e9s avec <span class=\"required\">*<\/span><\/span><\/p><div class=\"wpr-comment-form-text\"><label>Message<\/label><textarea name=\"comment\" placeholder=\"\" cols=\"45\" rows=\"8\" maxlength=\"65525\"><\/textarea><\/div><div class=\"wpr-comment-form-fields\"> <div class=\"wpr-comment-form-author\"><label>Name<\/label><input type=\"text\" name=\"author\" placeholder=\"\"\/><\/div>\n<div class=\"wpr-comment-form-email\"><label>Email<\/label><input type=\"text\" name=\"email\" placeholder=\"\"\/><\/div>\n<div class=\"wpr-comment-form-url\"><label>Website<\/label><input type=\"text\" name=\"url\" placeholder=\"\"\/><\/div><\/div>\n<p class=\"form-submit\"><input name=\"submit\" type=\"submit\" id=\"wpr-submit-comment\" class=\"wpr-submit-comment\" value=\"Envoyer\" \/> <input type='hidden' name='comment_post_ID' value='13354' id='comment_post_ID' \/>\n<input type='hidden' name='comment_parent' id='comment_parent' value='0' \/>\n<\/p><p style=\"display: none;\"><input type=\"hidden\" id=\"akismet_comment_nonce\" name=\"akismet_comment_nonce\" value=\"b428ff0b63\" \/><\/p><p style=\"display: none !important;\" class=\"akismet-fields-container\" data-prefix=\"ak_\"><label>&#916;<textarea name=\"ak_hp_textarea\" cols=\"45\" rows=\"8\" maxlength=\"100\"><\/textarea><\/label><input type=\"hidden\" id=\"ak_js_1\" name=\"ak_js\" value=\"204\"\/><script>\ndocument.getElementById( \"ak_js_1\" ).setAttribute( \"value\", ( new Date() ).getTime() );\n<\/script>\n<\/p><\/form>\t<\/div><!-- #respond -->\n\t<\/div>\t\t\t\t<\/div>\n\t\t\t\t<\/div>\n\t\t\t\t<\/div>\n\t\t\t\t<\/div>\n\t\t<div class=\"elementor-element elementor-element-8ff3c05 e-con-full e-flex wpr-particle-no wpr-jarallax-no wpr-parallax-no wpr-sticky-section-no wpr-equal-height-no e-con e-parent\" data-id=\"8ff3c05\" data-element_type=\"container\" data-e-type=\"container\">\n\t\t\t\t<div class=\"elementor-element elementor-element-b0710fb elementor-widget-divider--view-line elementor-widget elementor-widget-divider\" data-id=\"b0710fb\" data-element_type=\"widget\" data-e-type=\"widget\" data-widget_type=\"divider.default\">\n\t\t\t\t<div class=\"elementor-widget-container\">\n\t\t\t\t\t\t\t<div class=\"elementor-divider\">\n\t\t\t<span class=\"elementor-divider-separator\">\n\t\t\t\t\t\t<\/span>\n\t\t<\/div>\n\t\t\t\t\t\t<\/div>\n\t\t\t\t<\/div>\n\t\t\t\t<\/div>\n\t\t<div class=\"elementor-element elementor-element-b5b0359 e-con-full e-flex wpr-particle-no wpr-jarallax-no wpr-parallax-no wpr-sticky-section-no wpr-equal-height-no e-con e-parent\" data-id=\"b5b0359\" data-element_type=\"container\" data-e-type=\"container\">\n\t\t\t\t<div class=\"elementor-element elementor-element-f514a48 elementor-widget__width-initial elementor-widget elementor-widget-image\" data-id=\"f514a48\" data-element_type=\"widget\" data-e-type=\"widget\" data-widget_type=\"image.default\">\n\t\t\t\t<div class=\"elementor-widget-container\">\n\t\t\t\t\t\t\t\t\t\t\t\t<figure class=\"wp-caption\">\n\t\t\t\t\t\t\t\t\t\t<img loading=\"lazy\" decoding=\"async\" width=\"500\" height=\"227\" src=\"https:\/\/petitsblentreamis.fr\/wp-content\/uploads\/2025\/01\/462554376_2097741047309941_1421008707977699554_n.png\" class=\"attachment-large size-large wp-image-581\" alt=\"\" srcset=\"https:\/\/petitsblentreamis.fr\/wp-content\/uploads\/2025\/01\/462554376_2097741047309941_1421008707977699554_n.png 500w, https:\/\/petitsblentreamis.fr\/wp-content\/uploads\/2025\/01\/462554376_2097741047309941_1421008707977699554_n-300x136.png 300w\" sizes=\"(max-width: 500px) 100vw, 500px\" \/>\t\t\t\t\t\t\t\t\t\t\t<figcaption class=\"widget-image-caption wp-caption-text\"><\/figcaption>\n\t\t\t\t\t\t\t\t\t\t<\/figure>\n\t\t\t\t\t\t\t\t\t<\/div>\n\t\t\t\t<\/div>\n\t\t\t\t<\/div>\n\t\t<div class=\"elementor-element elementor-element-7f82839 e-con-full e-flex wpr-particle-no wpr-jarallax-no wpr-parallax-no wpr-sticky-section-no wpr-equal-height-no e-con e-child\" data-id=\"7f82839\" data-element_type=\"container\" data-e-type=\"container\">\n\t\t\t\t<div class=\"elementor-element elementor-element-ac719b2 elementor-widget elementor-widget-eael-creative-button\" data-id=\"ac719b2\" data-element_type=\"widget\" data-e-type=\"widget\" data-widget_type=\"eael-creative-button.default\">\n\t\t\t\t<div class=\"elementor-widget-container\">\n\t\t\t\t\t        <div class=\"eael-creative-button-wrapper\">\n\n            <a class=\"eael-creative-button eael-creative-button--ujarak eael-cb-icon-position-left\" href=\"https:\/\/petitsblentreamis.fr\/?page_id=6\" data-text=\"Retour \u00e0 l&#039;accueil\">\n            \t    \n                <div class=\"creative-button-inner\">\n\n                                            <span class=\"eael-creative-button-icon-left\"><svg aria-hidden=\"true\" class=\"e-font-icon-svg e-far-hand-point-left\" viewBox=\"0 0 512 512\" xmlns=\"http:\/\/www.w3.org\/2000\/svg\"><path d=\"M0 220.8C0 266.416 37.765 304 83.2 304h35.647a93.148 93.148 0 0 0 7.929 22.064c-2.507 22.006 3.503 44.978 15.985 62.791C143.9 441.342 180.159 480 242.701 480H264c60.063 0 98.512-40 127.2-40h2.679c5.747 4.952 13.536 8 22.12 8h64c17.673 0 32-12.894 32-28.8V188.8c0-15.906-14.327-28.8-32-28.8h-64c-8.584 0-16.373 3.048-22.12 8H391.2c-6.964 0-14.862-6.193-30.183-23.668l-.129-.148-.131-.146c-8.856-9.937-18.116-20.841-25.851-33.253C316.202 80.537 304.514 32 259.2 32c-56.928 0-92 35.286-92 83.2 0 8.026.814 15.489 2.176 22.4H83.2C38.101 137.6 0 175.701 0 220.8zm48 0c0-18.7 16.775-35.2 35.2-35.2h158.4c0-17.325-26.4-35.2-26.4-70.4 0-26.4 20.625-35.2 44-35.2 8.794 0 20.445 32.712 34.926 56.1 9.074 14.575 19.524 27.225 30.799 39.875 16.109 18.374 33.836 36.633 59.075 39.596v176.752C341.21 396.087 309.491 432 264 432h-21.299c-40.524 0-57.124-22.197-50.601-61.325-14.612-8.001-24.151-33.979-12.925-53.625-19.365-18.225-17.787-46.381-4.95-61.05H83.2C64.225 256 48 239.775 48 220.8zM448 360c13.255 0 24 10.745 24 24s-10.745 24-24 24-24-10.745-24-24 10.745-24 24-24z\"><\/path><\/svg><\/span>                    \n                    <span class=\"cretive-button-text\">Retour \u00e0 l'accueil<\/span>\n\n                                    <\/div>\n\t                        <\/a>\n        <\/div>\n        \t\t\t\t<\/div>\n\t\t\t\t<\/div>\n\t\t\t\t<\/div>\n\t\t\t\t<\/div>\n\t\t","protected":false},"excerpt":{"rendered":"<p>Les petits d\u00e9lires de Joong Qui ne conna\u00eet pas Joong, l&rsquo;acteur tha\u00ef aux abdos saillants et au sourire ravageur ?Nous savons que vous savez de qui il s\u2019agit, mais, connaissez-vous r\u00e9ellement Joong ?(\u25cf\u2019\u25e1\u2019\u25cf)Dans la team PBLEA, nous avons pour habitude de nous envoyer des petites nouvelles sur ce que font nos acteurs pr\u00e9f\u00e9r\u00e9s. Savez-vous ce que nous avons d\u00e9couvert ?Joong est sexy, dr\u00f4le, sensible, fou \u00e0 ses heures, inventif, sexy (je l\u2019ai d\u00e9j\u00e0 dit ?) ^^Il aime taquiner Dunk, poster des tweets, \u00e9crire des fanfictions.Il a une tonne d\u2019id\u00e9es saugrenues \u00e0 la minute\u2026\u2026 et on l\u2019adore pour tout \u00e7a.Sur cette page, vous retrouverez justement un petit floril\u00e8ge de ses id\u00e9es folles, de ses posts, de ses cr\u00e9ations\u2026 etc.Enjoy ^^ L&rsquo;\u00e9tudiant et le chef cuisinier L&rsquo;\u00e9cuyer et le jeune ma\u00eetre Pokong Le ma\u00eetre vampire Commentaires Annuler la r\u00e9ponse Connexion en tant que Merze. Modifier votre profil. Se d\u00e9connecter\u00a0? Les champs obligatoires sont indiqu\u00e9s avec * Message &#916; Retour \u00e0 l&rsquo;accueil<\/p>\n","protected":false},"author":3,"featured_media":0,"parent":0,"menu_order":0,"comment_status":"open","ping_status":"closed","template":"","meta":{"footnotes":""},"class_list":["post-13354","page","type-page","status-publish","hentry"],"_links":{"self":[{"href":"https:\/\/petitsblentreamis.fr\/index.php?rest_route=\/wp\/v2\/pages\/13354","targetHints":{"allow":["GET"]}}],"collection":[{"href":"https:\/\/petitsblentreamis.fr\/index.php?rest_route=\/wp\/v2\/pages"}],"about":[{"href":"https:\/\/petitsblentreamis.fr\/index.php?rest_route=\/wp\/v2\/types\/page"}],"author":[{"embeddable":true,"href":"https:\/\/petitsblentreamis.fr\/index.php?rest_route=\/wp\/v2\/users\/3"}],"replies":[{"embeddable":true,"href":"https:\/\/petitsblentreamis.fr\/index.php?rest_route=%2Fwp%2Fv2%2Fcomments&post=13354"}],"version-history":[{"count":13,"href":"https:\/\/petitsblentreamis.fr\/index.php?rest_route=\/wp\/v2\/pages\/13354\/revisions"}],"predecessor-version":[{"id":13438,"href":"https:\/\/petitsblentreamis.fr\/index.php?rest_route=\/wp\/v2\/pages\/13354\/revisions\/13438"}],"wp:attachment":[{"href":"https:\/\/petitsblentreamis.fr\/index.php?rest_route=%2Fwp%2Fv2%2Fmedia&parent=13354"}],"curies":[{"name":"wp","href":"https:\/\/api.w.org\/{rel}","templated":true}]}}