{"id":1191,"date":"2025-01-29T16:17:00","date_gmt":"2025-01-29T15:17:00","guid":{"rendered":"https:\/\/petitsblentreamis.fr\/?page_id=1191"},"modified":"2025-08-21T20:30:54","modified_gmt":"2025-08-21T18:30:54","slug":"fiche-be-mine-superstar","status":"publish","type":"page","link":"https:\/\/petitsblentreamis.fr\/?page_id=1191","title":{"rendered":"Fiche BE MINE, SUPERSTAR"},"content":{"rendered":"\t\t<div data-elementor-type=\"wp-page\" data-elementor-id=\"1191\" class=\"elementor elementor-1191\">\n\t\t\t\t<div class=\"elementor-element elementor-element-be58e18 e-con-full e-flex wpr-particle-no wpr-jarallax-no wpr-parallax-no wpr-sticky-section-no wpr-equal-height-no e-con e-parent\" data-id=\"be58e18\" data-element_type=\"container\" data-e-type=\"container\">\n\t\t<div class=\"elementor-element elementor-element-5dcf6bc e-con-full e-flex wpr-particle-no wpr-jarallax-no wpr-parallax-no wpr-sticky-section-no wpr-equal-height-no e-con e-child\" data-id=\"5dcf6bc\" data-element_type=\"container\" data-e-type=\"container\">\n\t\t\t\t<div class=\"elementor-element elementor-element-7d4ee9b elementor-widget elementor-widget-image\" data-id=\"7d4ee9b\" data-element_type=\"widget\" data-e-type=\"widget\" data-widget_type=\"image.default\">\n\t\t\t\t<div class=\"elementor-widget-container\">\n\t\t\t\t\t\t\t\t\t\t\t\t\t\t\t<img fetchpriority=\"high\" decoding=\"async\" width=\"679\" height=\"900\" src=\"https:\/\/petitsblentreamis.fr\/wp-content\/uploads\/2025\/01\/be-mine-superstar.jpg\" class=\"attachment-large size-large wp-image-100\" alt=\"\" srcset=\"https:\/\/petitsblentreamis.fr\/wp-content\/uploads\/2025\/01\/be-mine-superstar.jpg 679w, https:\/\/petitsblentreamis.fr\/wp-content\/uploads\/2025\/01\/be-mine-superstar-226x300.jpg 226w\" sizes=\"(max-width: 679px) 100vw, 679px\" \/>\t\t\t\t\t\t\t\t\t\t\t\t\t\t\t<\/div>\n\t\t\t\t<\/div>\n\t\t\t\t<\/div>\n\t\t<div class=\"elementor-element elementor-element-f9f9e23 e-con-full e-flex wpr-particle-no wpr-jarallax-no wpr-parallax-no wpr-sticky-section-no wpr-equal-height-no e-con e-child\" data-id=\"f9f9e23\" data-element_type=\"container\" data-e-type=\"container\">\n\t\t<div class=\"elementor-element elementor-element-3a02033 e-con-full e-flex wpr-particle-no wpr-jarallax-no wpr-parallax-no wpr-sticky-section-no wpr-equal-height-no e-con e-child\" data-id=\"3a02033\" data-element_type=\"container\" data-e-type=\"container\">\n\t\t\t\t<div class=\"elementor-element elementor-element-0ef8499 elementor-widget elementor-widget-heading\" data-id=\"0ef8499\" data-element_type=\"widget\" data-e-type=\"widget\" data-widget_type=\"heading.default\">\n\t\t\t\t<div class=\"elementor-widget-container\">\n\t\t\t\t\t<h2 class=\"elementor-heading-title elementor-size-default\">SYNOPSIS<\/h2>\t\t\t\t<\/div>\n\t\t\t\t<\/div>\n\t\t\t\t<\/div>\n\t\t<div class=\"elementor-element elementor-element-57b97f2 e-con-full e-flex wpr-particle-no wpr-jarallax-no wpr-parallax-no wpr-sticky-section-no wpr-equal-height-no e-con e-child\" data-id=\"57b97f2\" data-element_type=\"container\" data-e-type=\"container\">\n\t\t\t\t<div class=\"elementor-element elementor-element-6fcb5f8 elementor-widget elementor-widget-text-editor\" data-id=\"6fcb5f8\" data-element_type=\"widget\" data-e-type=\"widget\" data-widget_type=\"text-editor.default\">\n\t\t\t\t<div class=\"elementor-widget-container\">\n\t\t\t\t\t\t\t\t\t<p>\u00a0<\/p><div class=\"ob-h3 \"><strong>Punn, \u00e9tudiant en troisi\u00e8me ann\u00e9e de cin\u00e9ma, obtient un stage sur le plateau d\u2019une s\u00e9rie. <\/strong><\/div><div class=\"ob-h3 \"><strong>Il est venu l\u00e0 pour apprendre des professionnels, <\/strong><\/div><div class=\"ob-h3 \"><strong>mais ce qui motive sa passion, bien plus que le travail, c\u2019est l&rsquo;acteur principal Ashi,\u00a0adul\u00e9\u00a0de tous.<\/strong><\/div><p>\u00a0<\/p>\t\t\t\t\t\t\t\t<\/div>\n\t\t\t\t<\/div>\n\t\t\t\t<\/div>\n\t\t\t\t<\/div>\n\t\t\t\t<\/div>\n\t\t<div class=\"elementor-element elementor-element-fc1a352 e-con-full e-flex wpr-particle-no wpr-jarallax-no wpr-parallax-no wpr-sticky-section-no wpr-equal-height-no e-con e-parent\" data-id=\"fc1a352\" data-element_type=\"container\" data-e-type=\"container\">\n\t\t\t\t<div class=\"elementor-element elementor-element-85147dc elementor-widget elementor-widget-heading\" data-id=\"85147dc\" data-element_type=\"widget\" data-e-type=\"widget\" data-widget_type=\"heading.default\">\n\t\t\t\t<div class=\"elementor-widget-container\">\n\t\t\t\t\t<h2 class=\"elementor-heading-title elementor-size-default\">INFOS<\/h2>\t\t\t\t<\/div>\n\t\t\t\t<\/div>\n\t\t\t\t<\/div>\n\t\t<div class=\"elementor-element elementor-element-138b52e e-con-full e-flex wpr-particle-no wpr-jarallax-no wpr-parallax-no wpr-sticky-section-no wpr-equal-height-no e-con e-parent\" data-id=\"138b52e\" data-element_type=\"container\" data-e-type=\"container\">\n\t\t\t\t<div class=\"elementor-element elementor-element-3688ff6 elementor-widget-divider--view-line elementor-widget elementor-widget-divider\" data-id=\"3688ff6\" data-element_type=\"widget\" data-e-type=\"widget\" data-widget_type=\"divider.default\">\n\t\t\t\t<div class=\"elementor-widget-container\">\n\t\t\t\t\t\t\t<div class=\"elementor-divider\">\n\t\t\t<span class=\"elementor-divider-separator\">\n\t\t\t\t\t\t<\/span>\n\t\t<\/div>\n\t\t\t\t\t\t<\/div>\n\t\t\t\t<\/div>\n\t\t\t\t<\/div>\n\t\t<div class=\"elementor-element elementor-element-a77ba85 e-con-full e-flex wpr-particle-no wpr-jarallax-no wpr-parallax-no wpr-sticky-section-no wpr-equal-height-no e-con e-parent\" data-id=\"a77ba85\" data-element_type=\"container\" data-e-type=\"container\">\n\t\t\t\t<div class=\"elementor-element elementor-element-bc978da elementor-widget__width-initial elementor-widget elementor-widget-text-editor\" data-id=\"bc978da\" data-element_type=\"widget\" data-e-type=\"widget\" data-widget_type=\"text-editor.default\">\n\t\t\t\t<div class=\"elementor-widget-container\">\n\t\t\t\t\t\t\t\t\t<p><strong>TITRE :\u00a0Be Mine, Superstar<br \/><\/strong><\/p><p><strong>PAYS :\u00a0Tha\u00eflande<br \/><\/strong><\/p><p><strong>DIFFUSION :\u00a003\u00a0juillet 2023 au\u00a0..<br \/><\/strong><\/p><p><strong>R\u00c9ALISATEUR :<\/strong><strong>\u00a0David Bigander<br \/><\/strong><\/p><p><strong>LIENS OFFICIELS :\u00a0IQIY, Viki<br \/><\/strong><\/p><p><strong>GENRE :\u00a0Gay, Romance, Monde du divertissement<br \/><\/strong><\/p><p><strong>NOMBRE D&rsquo; \u00c9PISODES :\u00a012<br \/><\/strong><\/p><p><strong>TRADUIT PAR MERZE<\/strong><\/p>\t\t\t\t\t\t\t\t<\/div>\n\t\t\t\t<\/div>\n\t\t\t\t<\/div>\n\t\t<div class=\"elementor-element elementor-element-00f4dca e-flex e-con-boxed wpr-particle-no wpr-jarallax-no wpr-parallax-no wpr-sticky-section-no wpr-equal-height-no e-con e-parent\" data-id=\"00f4dca\" data-element_type=\"container\" data-e-type=\"container\">\n\t\t\t\t\t<div class=\"e-con-inner\">\n\t\t\t\t<div class=\"elementor-element elementor-element-b574c39 elementor-widget-divider--view-line elementor-widget elementor-widget-divider\" data-id=\"b574c39\" data-element_type=\"widget\" data-e-type=\"widget\" data-widget_type=\"divider.default\">\n\t\t\t\t<div class=\"elementor-widget-container\">\n\t\t\t\t\t\t\t<div class=\"elementor-divider\">\n\t\t\t<span class=\"elementor-divider-separator\">\n\t\t\t\t\t\t<\/span>\n\t\t<\/div>\n\t\t\t\t\t\t<\/div>\n\t\t\t\t<\/div>\n\t\t\t\t\t<\/div>\n\t\t\t\t<\/div>\n\t\t<div class=\"elementor-element elementor-element-88620a8 e-con-full e-flex wpr-particle-no wpr-jarallax-no wpr-parallax-no wpr-sticky-section-no wpr-equal-height-no e-con e-parent\" data-id=\"88620a8\" data-element_type=\"container\" data-e-type=\"container\">\n\t\t\t\t<div class=\"elementor-element elementor-element-222bae1 elementor-widget elementor-widget-heading\" data-id=\"222bae1\" data-element_type=\"widget\" data-e-type=\"widget\" data-widget_type=\"heading.default\">\n\t\t\t\t<div class=\"elementor-widget-container\">\n\t\t\t\t\t<h2 class=\"elementor-heading-title elementor-size-default\">\u00c9PISODES<\/h2>\t\t\t\t<\/div>\n\t\t\t\t<\/div>\n\t\t\t\t<\/div>\n\t\t<div class=\"elementor-element elementor-element-f95bb72 e-flex e-con-boxed wpr-particle-no wpr-jarallax-no wpr-parallax-no wpr-sticky-section-no wpr-equal-height-no e-con e-parent\" data-id=\"f95bb72\" data-element_type=\"container\" data-e-type=\"container\">\n\t\t\t\t\t<div class=\"e-con-inner\">\n\t\t\t\t<div class=\"elementor-element elementor-element-f6493c2 elementor-widget-divider--view-line elementor-widget elementor-widget-divider\" data-id=\"f6493c2\" data-element_type=\"widget\" data-e-type=\"widget\" data-widget_type=\"divider.default\">\n\t\t\t\t<div class=\"elementor-widget-container\">\n\t\t\t\t\t\t\t<div class=\"elementor-divider\">\n\t\t\t<span class=\"elementor-divider-separator\">\n\t\t\t\t\t\t<\/span>\n\t\t<\/div>\n\t\t\t\t\t\t<\/div>\n\t\t\t\t<\/div>\n\t\t\t\t\t<\/div>\n\t\t\t\t<\/div>\n\t\t<div class=\"elementor-element elementor-element-67c5848 e-flex e-con-boxed wpr-particle-no wpr-jarallax-no wpr-parallax-no wpr-sticky-section-no wpr-equal-height-no e-con e-parent\" data-id=\"67c5848\" data-element_type=\"container\" data-e-type=\"container\">\n\t\t\t\t\t<div class=\"e-con-inner\">\n\t\t<div class=\"elementor-element elementor-element-20156c8 e-con-full e-flex wpr-particle-no wpr-jarallax-no wpr-parallax-no wpr-sticky-section-no wpr-equal-height-no e-con e-child\" data-id=\"20156c8\" data-element_type=\"container\" data-e-type=\"container\">\n\t\t\t\t<div class=\"elementor-element elementor-element-eeba8d8 elementor-widget elementor-widget-heading\" data-id=\"eeba8d8\" data-element_type=\"widget\" data-e-type=\"widget\" data-widget_type=\"heading.default\">\n\t\t\t\t<div class=\"elementor-widget-container\">\n\t\t\t\t\t<h2 class=\"elementor-heading-title elementor-size-default\">Liens Multiup<\/h2>\t\t\t\t<\/div>\n\t\t\t\t<\/div>\n\t\t\t\t<\/div>\n\t\t<div class=\"elementor-element elementor-element-8d38bb8 e-con-full e-flex wpr-particle-no wpr-jarallax-no wpr-parallax-no wpr-sticky-section-no wpr-equal-height-no e-con e-child\" data-id=\"8d38bb8\" data-element_type=\"container\" data-e-type=\"container\">\n\t\t\t\t<div class=\"elementor-element elementor-element-7b639a3 elementor-widget elementor-widget-heading\" data-id=\"7b639a3\" data-element_type=\"widget\" data-e-type=\"widget\" data-widget_type=\"heading.default\">\n\t\t\t\t<div class=\"elementor-widget-container\">\n\t\t\t\t\t<h2 class=\"elementor-heading-title elementor-size-default\">Liens Pixeldrain<\/h2>\t\t\t\t<\/div>\n\t\t\t\t<\/div>\n\t\t\t\t<\/div>\n\t\t\t\t\t<\/div>\n\t\t\t\t<\/div>\n\t\t<div class=\"elementor-element elementor-element-5b2a2f0 e-con-full e-flex wpr-particle-no wpr-jarallax-no wpr-parallax-no wpr-sticky-section-no wpr-equal-height-no e-con e-parent\" data-id=\"5b2a2f0\" data-element_type=\"container\" data-e-type=\"container\">\n\t\t\t\t<div class=\"elementor-element elementor-element-a2c9747 elementor-widget-divider--view-line elementor-widget elementor-widget-divider\" data-id=\"a2c9747\" data-element_type=\"widget\" data-e-type=\"widget\" data-widget_type=\"divider.default\">\n\t\t\t\t<div class=\"elementor-widget-container\">\n\t\t\t\t\t\t\t<div class=\"elementor-divider\">\n\t\t\t<span class=\"elementor-divider-separator\">\n\t\t\t\t\t\t<\/span>\n\t\t<\/div>\n\t\t\t\t\t\t<\/div>\n\t\t\t\t<\/div>\n\t\t\t\t<\/div>\n\t\t<div class=\"elementor-element elementor-element-572c97d e-con-full e-flex wpr-particle-no wpr-jarallax-no wpr-parallax-no wpr-sticky-section-no wpr-equal-height-no e-con e-parent\" data-id=\"572c97d\" data-element_type=\"container\" data-e-type=\"container\">\n\t\t<div class=\"elementor-element elementor-element-2e8df78 e-con-full e-flex wpr-particle-no wpr-jarallax-no wpr-parallax-no wpr-sticky-section-no wpr-equal-height-no e-con e-child\" data-id=\"2e8df78\" data-element_type=\"container\" data-e-type=\"container\">\n\t\t\t\t<div class=\"elementor-element elementor-element-bc8cecc elementor-widget__width-initial elementor-widget elementor-widget-image\" data-id=\"bc8cecc\" data-element_type=\"widget\" data-e-type=\"widget\" data-widget_type=\"image.default\">\n\t\t\t\t<div class=\"elementor-widget-container\">\n\t\t\t\t\t\t\t\t\t\t\t\t\t\t\t\t<a href=\"https:\/\/multiup.io\/fr\/project\/c7a13f9384f5e277aa5f78989aef9cf5\" target=\"_blank\">\n\t\t\t\t\t\t\t<img decoding=\"async\" width=\"500\" height=\"281\" src=\"https:\/\/petitsblentreamis.fr\/wp-content\/uploads\/2025\/01\/be-mine-superstar-v.jpg\" class=\"attachment-large size-large wp-image-1198\" alt=\"\" srcset=\"https:\/\/petitsblentreamis.fr\/wp-content\/uploads\/2025\/01\/be-mine-superstar-v.jpg 500w, https:\/\/petitsblentreamis.fr\/wp-content\/uploads\/2025\/01\/be-mine-superstar-v-300x169.jpg 300w\" sizes=\"(max-width: 500px) 100vw, 500px\" \/>\t\t\t\t\t\t\t\t<\/a>\n\t\t\t\t\t\t\t\t\t\t\t\t\t\t\t<\/div>\n\t\t\t\t<\/div>\n\t\t\t\t<\/div>\n\t\t<div class=\"elementor-element elementor-element-51973bb e-con-full e-flex wpr-particle-no wpr-jarallax-no wpr-parallax-no wpr-sticky-section-no wpr-equal-height-no e-con e-child\" data-id=\"51973bb\" data-element_type=\"container\" data-e-type=\"container\">\n\t\t\t\t<div class=\"elementor-element elementor-element-7ca07f5 elementor-widget__width-initial elementor-widget elementor-widget-image\" data-id=\"7ca07f5\" data-element_type=\"widget\" data-e-type=\"widget\" data-widget_type=\"image.default\">\n\t\t\t\t<div class=\"elementor-widget-container\">\n\t\t\t\t\t\t\t\t\t\t\t\t\t\t\t\t<a href=\"https:\/\/pixeldrain.com\/l\/Dzc3zbAw\" target=\"_blank\">\n\t\t\t\t\t\t\t<img decoding=\"async\" width=\"500\" height=\"281\" src=\"https:\/\/petitsblentreamis.fr\/wp-content\/uploads\/2025\/01\/be-mine-superstar-v.jpg\" class=\"attachment-large size-large wp-image-1198\" alt=\"\" srcset=\"https:\/\/petitsblentreamis.fr\/wp-content\/uploads\/2025\/01\/be-mine-superstar-v.jpg 500w, https:\/\/petitsblentreamis.fr\/wp-content\/uploads\/2025\/01\/be-mine-superstar-v-300x169.jpg 300w\" sizes=\"(max-width: 500px) 100vw, 500px\" \/>\t\t\t\t\t\t\t\t<\/a>\n\t\t\t\t\t\t\t\t\t\t\t\t\t\t\t<\/div>\n\t\t\t\t<\/div>\n\t\t\t\t<\/div>\n\t\t\t\t<\/div>\n\t\t<div class=\"elementor-element elementor-element-59bf390 e-con-full e-flex wpr-particle-no wpr-jarallax-no wpr-parallax-no wpr-sticky-section-no wpr-equal-height-no e-con e-parent\" data-id=\"59bf390\" data-element_type=\"container\" data-e-type=\"container\">\n\t\t\t\t<div class=\"elementor-element elementor-element-deb55e1 elementor-widget-divider--view-line elementor-widget elementor-widget-divider\" data-id=\"deb55e1\" data-element_type=\"widget\" data-e-type=\"widget\" data-widget_type=\"divider.default\">\n\t\t\t\t<div class=\"elementor-widget-container\">\n\t\t\t\t\t\t\t<div class=\"elementor-divider\">\n\t\t\t<span class=\"elementor-divider-separator\">\n\t\t\t\t\t\t<\/span>\n\t\t<\/div>\n\t\t\t\t\t\t<\/div>\n\t\t\t\t<\/div>\n\t\t\t\t<\/div>\n\t\t<div class=\"elementor-element elementor-element-a6b29a4 e-con-full e-flex wpr-particle-no wpr-jarallax-no wpr-parallax-no wpr-sticky-section-no wpr-equal-height-no e-con e-parent\" data-id=\"a6b29a4\" data-element_type=\"container\" data-e-type=\"container\">\n\t\t<div class=\"elementor-element elementor-element-3625427 e-con-full e-flex wpr-particle-no wpr-jarallax-no wpr-parallax-no wpr-sticky-section-no wpr-equal-height-no e-con e-child\" data-id=\"3625427\" data-element_type=\"container\" data-e-type=\"container\">\n\t\t\t\t<div class=\"elementor-element elementor-element-e4d092e elementor-widget__width-initial wpr-comment-reply-separate wpr-comment-reply-align-right elementor-widget elementor-widget-wpr-post-comments\" data-id=\"e4d092e\" data-element_type=\"widget\" data-e-type=\"widget\" data-widget_type=\"wpr-post-comments.default\">\n\t\t\t\t<div class=\"elementor-widget-container\">\n\t\t\t\t\t<div class=\"wpr-comments-wrap\" id=\"comments\">\t<div id=\"respond\" class=\"comment-respond\">\n\t\t<h3 id=\"wpr-reply-title\" class=\"wpr-comment-reply-title\">Commentaires <small><a rel=\"nofollow\" id=\"cancel-comment-reply-link\" href=\"\/index.php?rest_route=%2Fwp%2Fv2%2Fpages%2F1191#respond\" style=\"display:none;\">Annuler la r\u00e9ponse<\/a><\/small><\/h3><form action=\"https:\/\/petitsblentreamis.fr\/wp-comments-post.php\" method=\"post\" id=\"wpr-comment-form\" class=\"wpr-comment-form wpr-cf-style-2\"><p class=\"comment-notes\"><span id=\"email-notes\">Votre adresse e-mail ne sera pas publi\u00e9e.<\/span> <span class=\"required-field-message\">Les champs obligatoires sont indiqu\u00e9s avec <span class=\"required\">*<\/span><\/span><\/p><div class=\"wpr-comment-form-text\"><label>Message<\/label><textarea name=\"comment\" placeholder=\"\" cols=\"45\" rows=\"8\" maxlength=\"65525\"><\/textarea><\/div><div class=\"wpr-comment-form-fields\"> <div class=\"wpr-comment-form-author\"><label>Name<\/label><input type=\"text\" name=\"author\" placeholder=\"\"\/><\/div>\n<div class=\"wpr-comment-form-email\"><label>Email<\/label><input type=\"text\" name=\"email\" placeholder=\"\"\/><\/div>\n<div class=\"wpr-comment-form-url\"><label>Website<\/label><input type=\"text\" name=\"url\" placeholder=\"\"\/><\/div><\/div>\n<p class=\"form-submit\"><input name=\"submit\" type=\"submit\" id=\"wpr-submit-comment\" class=\"wpr-submit-comment\" value=\"Envoyer\" \/> <input type='hidden' name='comment_post_ID' value='1191' id='comment_post_ID' \/>\n<input type='hidden' name='comment_parent' id='comment_parent' value='0' \/>\n<\/p><p style=\"display: none;\"><input type=\"hidden\" id=\"akismet_comment_nonce\" name=\"akismet_comment_nonce\" value=\"193d135914\" \/><\/p><p style=\"display: none !important;\" class=\"akismet-fields-container\" data-prefix=\"ak_\"><label>&#916;<textarea name=\"ak_hp_textarea\" cols=\"45\" rows=\"8\" maxlength=\"100\"><\/textarea><\/label><input type=\"hidden\" id=\"ak_js_1\" name=\"ak_js\" value=\"8\"\/><script>\ndocument.getElementById( \"ak_js_1\" ).setAttribute( \"value\", ( new Date() ).getTime() );\n<\/script>\n<\/p><\/form>\t<\/div><!-- #respond -->\n\t<\/div>\t\t\t\t<\/div>\n\t\t\t\t<\/div>\n\t\t\t\t<\/div>\n\t\t\t\t<\/div>\n\t\t<div class=\"elementor-element elementor-element-80750d2 e-con-full e-flex wpr-particle-no wpr-jarallax-no wpr-parallax-no wpr-sticky-section-no wpr-equal-height-no e-con e-parent\" data-id=\"80750d2\" data-element_type=\"container\" data-e-type=\"container\">\n\t\t\t\t<div class=\"elementor-element elementor-element-d76764b elementor-widget__width-initial elementor-widget elementor-widget-image\" data-id=\"d76764b\" data-element_type=\"widget\" data-e-type=\"widget\" data-widget_type=\"image.default\">\n\t\t\t\t<div class=\"elementor-widget-container\">\n\t\t\t\t\t\t\t\t\t\t\t\t<figure class=\"wp-caption\">\n\t\t\t\t\t\t\t\t\t\t<img decoding=\"async\" width=\"500\" height=\"227\" src=\"https:\/\/petitsblentreamis.fr\/wp-content\/uploads\/2025\/01\/462554376_2097741047309941_1421008707977699554_n.png\" class=\"attachment-large size-large wp-image-581\" alt=\"\" srcset=\"https:\/\/petitsblentreamis.fr\/wp-content\/uploads\/2025\/01\/462554376_2097741047309941_1421008707977699554_n.png 500w, https:\/\/petitsblentreamis.fr\/wp-content\/uploads\/2025\/01\/462554376_2097741047309941_1421008707977699554_n-300x136.png 300w\" sizes=\"(max-width: 500px) 100vw, 500px\" \/>\t\t\t\t\t\t\t\t\t\t\t<figcaption class=\"widget-image-caption wp-caption-text\"><\/figcaption>\n\t\t\t\t\t\t\t\t\t\t<\/figure>\n\t\t\t\t\t\t\t\t\t<\/div>\n\t\t\t\t<\/div>\n\t\t\t\t<\/div>\n\t\t<div class=\"elementor-element elementor-element-cb44447 e-con-full e-flex wpr-particle-no wpr-jarallax-no wpr-parallax-no wpr-sticky-section-no wpr-equal-height-no e-con e-child\" data-id=\"cb44447\" data-element_type=\"container\" data-e-type=\"container\">\n\t\t\t\t<div class=\"elementor-element elementor-element-ab588de elementor-widget elementor-widget-eael-creative-button\" data-id=\"ab588de\" data-element_type=\"widget\" data-e-type=\"widget\" data-widget_type=\"eael-creative-button.default\">\n\t\t\t\t<div class=\"elementor-widget-container\">\n\t\t\t\t\t        <div class=\"eael-creative-button-wrapper\">\n\n            <a class=\"eael-creative-button eael-creative-button--ujarak eael-cb-icon-position-left\" href=\"https:\/\/petitsblentreamis.fr\/?page_id=6\" data-text=\"Retour \u00e0 l&#039;accueil\">\n            \t    \n                <div class=\"creative-button-inner\">\n\n                                            <span class=\"eael-creative-button-icon-left\"><svg aria-hidden=\"true\" class=\"e-font-icon-svg e-far-hand-point-left\" viewBox=\"0 0 512 512\" xmlns=\"http:\/\/www.w3.org\/2000\/svg\"><path d=\"M0 220.8C0 266.416 37.765 304 83.2 304h35.647a93.148 93.148 0 0 0 7.929 22.064c-2.507 22.006 3.503 44.978 15.985 62.791C143.9 441.342 180.159 480 242.701 480H264c60.063 0 98.512-40 127.2-40h2.679c5.747 4.952 13.536 8 22.12 8h64c17.673 0 32-12.894 32-28.8V188.8c0-15.906-14.327-28.8-32-28.8h-64c-8.584 0-16.373 3.048-22.12 8H391.2c-6.964 0-14.862-6.193-30.183-23.668l-.129-.148-.131-.146c-8.856-9.937-18.116-20.841-25.851-33.253C316.202 80.537 304.514 32 259.2 32c-56.928 0-92 35.286-92 83.2 0 8.026.814 15.489 2.176 22.4H83.2C38.101 137.6 0 175.701 0 220.8zm48 0c0-18.7 16.775-35.2 35.2-35.2h158.4c0-17.325-26.4-35.2-26.4-70.4 0-26.4 20.625-35.2 44-35.2 8.794 0 20.445 32.712 34.926 56.1 9.074 14.575 19.524 27.225 30.799 39.875 16.109 18.374 33.836 36.633 59.075 39.596v176.752C341.21 396.087 309.491 432 264 432h-21.299c-40.524 0-57.124-22.197-50.601-61.325-14.612-8.001-24.151-33.979-12.925-53.625-19.365-18.225-17.787-46.381-4.95-61.05H83.2C64.225 256 48 239.775 48 220.8zM448 360c13.255 0 24 10.745 24 24s-10.745 24-24 24-24-10.745-24-24 10.745-24 24-24z\"><\/path><\/svg><\/span>                    \n                    <span class=\"cretive-button-text\">Retour \u00e0 l'accueil<\/span>\n\n                                    <\/div>\n\t                        <\/a>\n        <\/div>\n        \t\t\t\t<\/div>\n\t\t\t\t<\/div>\n\t\t\t\t<\/div>\n\t\t\t\t<\/div>\n\t\t","protected":false},"excerpt":{"rendered":"<p>SYNOPSIS \u00a0 Punn, \u00e9tudiant en troisi\u00e8me ann\u00e9e de cin\u00e9ma, obtient un stage sur le plateau d\u2019une s\u00e9rie. Il est venu l\u00e0 pour apprendre des professionnels, mais ce qui motive sa passion, bien plus que le travail, c\u2019est l&rsquo;acteur principal Ashi,\u00a0adul\u00e9\u00a0de tous. \u00a0 INFOS TITRE :\u00a0Be Mine, Superstar PAYS :\u00a0Tha\u00eflande DIFFUSION :\u00a003\u00a0juillet 2023 au\u00a0.. R\u00c9ALISATEUR :\u00a0David Bigander LIENS OFFICIELS :\u00a0IQIY, Viki GENRE :\u00a0Gay, Romance, Monde du divertissement NOMBRE D&rsquo; \u00c9PISODES :\u00a012 TRADUIT PAR MERZE \u00c9PISODES Liens Multiup Liens Pixeldrain Commentaires Annuler la r\u00e9ponse Connexion en tant que Shaily. Modifier votre profil. Se d\u00e9connecter\u00a0? Les champs obligatoires sont indiqu\u00e9s avec * Message &#916; Retour \u00e0 l&rsquo;accueil<\/p>\n","protected":false},"author":3,"featured_media":0,"parent":0,"menu_order":0,"comment_status":"open","ping_status":"closed","template":"elementor_header_footer","meta":{"footnotes":""},"class_list":["post-1191","page","type-page","status-publish","hentry"],"_links":{"self":[{"href":"https:\/\/petitsblentreamis.fr\/index.php?rest_route=\/wp\/v2\/pages\/1191","targetHints":{"allow":["GET"]}}],"collection":[{"href":"https:\/\/petitsblentreamis.fr\/index.php?rest_route=\/wp\/v2\/pages"}],"about":[{"href":"https:\/\/petitsblentreamis.fr\/index.php?rest_route=\/wp\/v2\/types\/page"}],"author":[{"embeddable":true,"href":"https:\/\/petitsblentreamis.fr\/index.php?rest_route=\/wp\/v2\/users\/3"}],"replies":[{"embeddable":true,"href":"https:\/\/petitsblentreamis.fr\/index.php?rest_route=%2Fwp%2Fv2%2Fcomments&post=1191"}],"version-history":[{"count":16,"href":"https:\/\/petitsblentreamis.fr\/index.php?rest_route=\/wp\/v2\/pages\/1191\/revisions"}],"predecessor-version":[{"id":14459,"href":"https:\/\/petitsblentreamis.fr\/index.php?rest_route=\/wp\/v2\/pages\/1191\/revisions\/14459"}],"wp:attachment":[{"href":"https:\/\/petitsblentreamis.fr\/index.php?rest_route=%2Fwp%2Fv2%2Fmedia&parent=1191"}],"curies":[{"name":"wp","href":"https:\/\/api.w.org\/{rel}","templated":true}]}}